{"id":12587,"date":"2025-05-19T08:35:41","date_gmt":"2025-05-19T08:35:41","guid":{"rendered":"https:\/\/toprisesafety.com\/?post_type=product&#038;p=12587"},"modified":"2025-05-21T07:07:23","modified_gmt":"2025-05-21T07:07:23","slug":"mall-modern-fiberglass-bench","status":"publish","type":"product","link":"https:\/\/toprisesafety.com\/pt\/produto\/mall-modern-fiberglass-bench\/","title":{"rendered":"Banco moderno de fibra de vidro Mall"},"content":{"rendered":"<h1>Banco moderno de fibra de vidro Mall<\/h1>\n<ul>\n<li>Design exclusivo em formato irregular: Forma criativa, quebrando a tradi\u00e7\u00e3o, trazendo um impacto visual \u00fanico.<\/li>\n<li>Op\u00e7\u00f5es de personaliza\u00e7\u00e3o: Oferece suporte \u00e0 personaliza\u00e7\u00e3o de tamanho e cor para atender \u00e0s necessidades de diferentes cen\u00e1rios.<\/li>\n<li>Material de alta resist\u00eancia: Feito de pl\u00e1stico refor\u00e7ado com fibra de vidro, \u00e9 robusto e dur\u00e1vel, com forte resist\u00eancia \u00e0 compress\u00e3o.<\/li>\n<li>Experi\u00eancia de conforto: O design aerodin\u00e2mico oferece uma experi\u00eancia confort\u00e1vel ao sentar e \u00e9 adequado para uso prolongado.<\/li>\n<li>Material ecologicamente correto: O pl\u00e1stico refor\u00e7ado com fibra de vidro \u00e9 recicl\u00e1vel, em linha com o conceito de desenvolvimento sustent\u00e1vel e prote\u00e7\u00e3o ambiental.<\/li>\n<li>F\u00e1cil de limpar: superf\u00edcie lisa, manuten\u00e7\u00e3o conveniente e beleza a longo prazo.<\/li>\n<li>Ampla gama de cen\u00e1rios de aplica\u00e7\u00e3o: adequado para parques, espa\u00e7os comerciais, \u00e1reas de lazer ao ar livre, etc., aprimorando o sentido geral do design do espa\u00e7o.<\/li>\n<\/ul>\n<table>\n<tbody>\n<tr>\n<td width=\"284\">ART NO.<\/td>\n<td width=\"284\">FB10<\/td>\n<\/tr>\n<tr>\n<td width=\"284\">MATERIAL<\/td>\n<td width=\"284\">Fibra de vidro<\/td>\n<\/tr>\n<tr>\n<td width=\"284\">TAMANHO<\/td>\n<td width=\"284\">Personalizado<\/td>\n<\/tr>\n<tr>\n<td width=\"284\">MOQ<\/td>\n<td width=\"284\">1 PC<\/td>\n<\/tr>\n<tr>\n<td colspan=\"2\" width=\"568\">Oferecemos suporte a designs, tamanhos e cores personalizados. Se voc\u00ea tiver o seu design, podemos produzi-lo de acordo.<\/td>\n<\/tr>\n<\/tbody>\n<\/table>\n<p>A TOPRISE oferece suporte a v\u00e1rios estilos de personaliza\u00e7\u00e3o de bancos e cadeiras de fibra de vidro; clique para <a href=\"https:\/\/toprisesafety.com\/pt\/categoria-produto\/outdoor-goods\/fiberglass-bench\/\">veja mais estilos de bancos e cadeiras de fibra de vidro.<\/a><\/p>\n<p>Se voc\u00ea n\u00e3o encontrar os bancos e cadeiras de fibra de vidro que deseja, <a href=\"https:\/\/toprisesafety.com\/pt\/contact-us\/\">Entre em contato conosco; <\/a>Oferecemos suporte \u00e0 personaliza\u00e7\u00e3o especial com baixo MOQ.<\/p>","protected":false},"excerpt":{"rendered":"<p>ART NO. FB10<\/p>\n<p>MATERIAL: Fibra de vidro<\/p>\n<p>Tamanho: Personalizado<\/p>\n<p>Cor: personalizada<\/p>\n<p>MOQ: 1 PC<\/p>","protected":false},"featured_media":12595,"template":"","meta":{"_acf_changed":false},"product_brand":[],"product_cat":[397,398],"product_tag":[],"class_list":{"0":"post-12587","1":"product","2":"type-product","3":"status-publish","4":"has-post-thumbnail","6":"product_cat-fiberglass-bench","7":"product_cat-frp-products","9":"first","10":"instock","11":"shipping-taxable","12":"product-type-simple"},"acf":[],"_links":{"self":[{"href":"https:\/\/toprisesafety.com\/pt\/wp-json\/wp\/v2\/product\/12587"}],"collection":[{"href":"https:\/\/toprisesafety.com\/pt\/wp-json\/wp\/v2\/product"}],"about":[{"href":"https:\/\/toprisesafety.com\/pt\/wp-json\/wp\/v2\/types\/product"}],"wp:featuredmedia":[{"embeddable":true,"href":"https:\/\/toprisesafety.com\/pt\/wp-json\/wp\/v2\/media\/12595"}],"wp:attachment":[{"href":"https:\/\/toprisesafety.com\/pt\/wp-json\/wp\/v2\/media?parent=12587"}],"wp:term":[{"taxonomy":"product_brand","embeddable":true,"href":"https:\/\/toprisesafety.com\/pt\/wp-json\/wp\/v2\/product_brand?post=12587"},{"taxonomy":"product_cat","embeddable":true,"href":"https:\/\/toprisesafety.com\/pt\/wp-json\/wp\/v2\/product_cat?post=12587"},{"taxonomy":"product_tag","embeddable":true,"href":"https:\/\/toprisesafety.com\/pt\/wp-json\/wp\/v2\/product_tag?post=12587"}],"curies":[{"name":"wp","href":"https:\/\/api.w.org\/{rel}","templated":true}]}}