{"id":12580,"date":"2025-05-19T08:28:14","date_gmt":"2025-05-19T08:28:14","guid":{"rendered":"https:\/\/toprisesafety.com\/?post_type=product&#038;p=12580"},"modified":"2025-05-21T07:07:33","modified_gmt":"2025-05-21T07:07:33","slug":"wood-outdoor-fiberglass-bench","status":"publish","type":"product","link":"https:\/\/toprisesafety.com\/pt\/produto\/wood-outdoor-fiberglass-bench\/","title":{"rendered":"Banco de madeira para exterior em fibra de vidro"},"content":{"rendered":"<h1>Banco de madeira para exterior em fibra de vidro<\/h1>\n<ul>\n<li>Grande durabilidade: O material FRP \u00e9 resistente \u00e0 corros\u00e3o e adequado para todos os tipos de ambientes adversos.<\/li>\n<li>Leveza: Em compara\u00e7\u00e3o com os materiais tradicionais, as bancadas de pl\u00e1stico refor\u00e7ado com fibra de vidro s\u00e3o mais leves e f\u00e1ceis de movimentar.<\/li>\n<li>A combina\u00e7\u00e3o de madeira tratada: O uso de madeira tratada aumenta o apelo est\u00e9tico e o conforto, al\u00e9m de prolongar a vida \u00fatil.<\/li>\n<li>Servi\u00e7os personalizados: Suporte \u00e0 personaliza\u00e7\u00e3o de estilo, tamanho e cor para atender a diferentes necessidades.<\/li>\n<\/ul>\n<p>Materiais ecologicamente corretos: Os materiais de PRFV s\u00e3o ecologicamente corretos e livres de polui\u00e7\u00e3o, em linha com o conceito moderno de desenvolvimento sustent\u00e1vel.<\/p>\n<table>\n<tbody>\n<tr>\n<td width=\"284\">ART NO.<\/td>\n<td width=\"284\">FB08<\/td>\n<\/tr>\n<tr>\n<td width=\"284\">MATERIAL<\/td>\n<td width=\"284\">Fibra de vidro<\/td>\n<\/tr>\n<tr>\n<td width=\"284\">TAMANHO<\/td>\n<td width=\"284\">Personalizado<\/td>\n<\/tr>\n<tr>\n<td width=\"284\">MOQ<\/td>\n<td width=\"284\">1 SET<\/td>\n<\/tr>\n<tr>\n<td colspan=\"2\" width=\"568\">Oferecemos suporte a designs, tamanhos e cores personalizados. Se voc\u00ea tiver o seu design, podemos produzi-lo de acordo.<\/td>\n<\/tr>\n<\/tbody>\n<\/table>\n<p>A TOPRISE oferece suporte a v\u00e1rios estilos de personaliza\u00e7\u00e3o de bancos e cadeiras de fibra de vidro; clique para <a href=\"https:\/\/toprisesafety.com\/pt\/categoria-produto\/outdoor-goods\/fiberglass-bench\/\">veja mais estilos de bancos e cadeiras de fibra de vidro.<\/a><\/p>\n<p>Se voc\u00ea n\u00e3o encontrar os bancos e cadeiras de fibra de vidro que deseja, <a href=\"https:\/\/toprisesafety.com\/pt\/contact-us\/\">Entre em contato conosco; <\/a>Oferecemos suporte \u00e0 personaliza\u00e7\u00e3o especial com baixo MOQ.<\/p>","protected":false},"excerpt":{"rendered":"<p>ART NO. FB09<\/p>\n<p>MATERIAL: Fibra de vidro<\/p>\n<p>Tamanho: Personalizado<\/p>\n<p>Cor: personalizada<\/p>\n<p>MOQ: 1 PC<\/p>","protected":false},"featured_media":12581,"template":"","meta":{"_acf_changed":false},"product_brand":[],"product_cat":[397,398],"product_tag":[],"class_list":{"0":"post-12580","1":"product","2":"type-product","3":"status-publish","4":"has-post-thumbnail","6":"product_cat-fiberglass-bench","7":"product_cat-frp-products","9":"first","10":"instock","11":"shipping-taxable","12":"product-type-simple"},"acf":[],"_links":{"self":[{"href":"https:\/\/toprisesafety.com\/pt\/wp-json\/wp\/v2\/product\/12580"}],"collection":[{"href":"https:\/\/toprisesafety.com\/pt\/wp-json\/wp\/v2\/product"}],"about":[{"href":"https:\/\/toprisesafety.com\/pt\/wp-json\/wp\/v2\/types\/product"}],"wp:featuredmedia":[{"embeddable":true,"href":"https:\/\/toprisesafety.com\/pt\/wp-json\/wp\/v2\/media\/12581"}],"wp:attachment":[{"href":"https:\/\/toprisesafety.com\/pt\/wp-json\/wp\/v2\/media?parent=12580"}],"wp:term":[{"taxonomy":"product_brand","embeddable":true,"href":"https:\/\/toprisesafety.com\/pt\/wp-json\/wp\/v2\/product_brand?post=12580"},{"taxonomy":"product_cat","embeddable":true,"href":"https:\/\/toprisesafety.com\/pt\/wp-json\/wp\/v2\/product_cat?post=12580"},{"taxonomy":"product_tag","embeddable":true,"href":"https:\/\/toprisesafety.com\/pt\/wp-json\/wp\/v2\/product_tag?post=12580"}],"curies":[{"name":"wp","href":"https:\/\/api.w.org\/{rel}","templated":true}]}}