{"id":12563,"date":"2025-05-19T07:32:12","date_gmt":"2025-05-19T07:32:12","guid":{"rendered":"https:\/\/toprisesafety.com\/?post_type=product&#038;p=12563"},"modified":"2025-05-21T07:08:26","modified_gmt":"2025-05-21T07:08:26","slug":"fiberglass-armchair","status":"publish","type":"product","link":"https:\/\/toprisesafety.com\/pt\/produto\/fiberglass-armchair\/","title":{"rendered":"Poltrona de fibra de vidro"},"content":{"rendered":"<h1>Poltrona de fibra de vidro<\/h1>\n<ul>\n<li>Design moderno: Apar\u00eancia aerodin\u00e2mica exclusiva, simples e moderna, adequada para todos os tipos de espa\u00e7os modernos.<\/li>\n<li>Op\u00e7\u00f5es de personaliza\u00e7\u00e3o: Oferece suporte \u00e0 personaliza\u00e7\u00e3o de tamanho e cor, permitindo que voc\u00ea crie um estilo personalizado de acordo com suas necessidades.<\/li>\n<li>Material de alta qualidade: Feito de pl\u00e1stico refor\u00e7ado com fibra de vidro, apresenta alta resist\u00eancia e resist\u00eancia \u00e0s intemp\u00e9ries, o que o torna adequado para uso externo.<\/li>\n<li>Conforto: Ergonomicamente projetado para proporcionar uma experi\u00eancia confort\u00e1vel ao sentar.<\/li>\n<li>Respeito ao meio ambiente: O material de PRFV \u00e9 recicl\u00e1vel, ecologicamente correto e dur\u00e1vel, em linha com o conceito de desenvolvimento sustent\u00e1vel.<\/li>\n<li>F\u00e1cil de limpar: Superf\u00edcie lisa, simples de limpar e manter, e n\u00e3o propensa a envelhecer ap\u00f3s o uso prolongado.<\/li>\n<li>Aplicabilidade em v\u00e1rios cen\u00e1rios: Adequado para espa\u00e7os externos, como p\u00e1tios, piscinas e terra\u00e7os, aprimorando o apelo est\u00e9tico geral do local.<\/li>\n<\/ul>\n<table>\n<tbody>\n<tr>\n<td width=\"284\">ART NO.<\/td>\n<td width=\"284\">FB06<\/td>\n<\/tr>\n<tr>\n<td width=\"284\">MATERIAL<\/td>\n<td width=\"284\">Fibra de vidro<\/td>\n<\/tr>\n<tr>\n<td width=\"284\">TAMANHO<\/td>\n<td width=\"284\">Personalizado<\/td>\n<\/tr>\n<tr>\n<td width=\"284\">MOQ<\/td>\n<td width=\"284\">1 SET<\/td>\n<\/tr>\n<tr>\n<td colspan=\"2\" width=\"568\">Oferecemos suporte a designs, tamanhos e cores personalizados. Se voc\u00ea tiver o seu design, podemos produzi-lo de acordo.<\/td>\n<\/tr>\n<\/tbody>\n<\/table>\n<p>A TOPRISE oferece suporte a v\u00e1rios estilos de personaliza\u00e7\u00e3o de bancos e cadeiras de fibra de vidro; clique para <a href=\"https:\/\/toprisesafety.com\/pt\/categoria-produto\/outdoor-goods\/fiberglass-bench\/\">veja mais estilos de bancos e cadeiras de fibra de vidro.<\/a><\/p>\n<p>Se voc\u00ea n\u00e3o encontrar os bancos e cadeiras de fibra de vidro que deseja, <a href=\"https:\/\/toprisesafety.com\/pt\/contact-us\/\">Entre em contato conosco; <\/a>Oferecemos suporte \u00e0 personaliza\u00e7\u00e3o especial com baixo MOQ.<\/p>","protected":false},"excerpt":{"rendered":"<p>ART NO. FB06<\/p>\n<p>MATERIAL: Fibra de vidro<\/p>\n<p>Tamanho: Personalizado<\/p>\n<p>Cor: personalizada<\/p>\n<p>MOQ: 1 PC<\/p>","protected":false},"featured_media":12567,"template":"","meta":{"_acf_changed":false},"product_brand":[],"product_cat":[397,398],"product_tag":[],"class_list":{"0":"post-12563","1":"product","2":"type-product","3":"status-publish","4":"has-post-thumbnail","6":"product_cat-fiberglass-bench","7":"product_cat-frp-products","9":"first","10":"instock","11":"shipping-taxable","12":"product-type-simple"},"acf":[],"_links":{"self":[{"href":"https:\/\/toprisesafety.com\/pt\/wp-json\/wp\/v2\/product\/12563","targetHints":{"allow":["GET"]}}],"collection":[{"href":"https:\/\/toprisesafety.com\/pt\/wp-json\/wp\/v2\/product"}],"about":[{"href":"https:\/\/toprisesafety.com\/pt\/wp-json\/wp\/v2\/types\/product"}],"wp:featuredmedia":[{"embeddable":true,"href":"https:\/\/toprisesafety.com\/pt\/wp-json\/wp\/v2\/media\/12567"}],"wp:attachment":[{"href":"https:\/\/toprisesafety.com\/pt\/wp-json\/wp\/v2\/media?parent=12563"}],"wp:term":[{"taxonomy":"product_brand","embeddable":true,"href":"https:\/\/toprisesafety.com\/pt\/wp-json\/wp\/v2\/product_brand?post=12563"},{"taxonomy":"product_cat","embeddable":true,"href":"https:\/\/toprisesafety.com\/pt\/wp-json\/wp\/v2\/product_cat?post=12563"},{"taxonomy":"product_tag","embeddable":true,"href":"https:\/\/toprisesafety.com\/pt\/wp-json\/wp\/v2\/product_tag?post=12563"}],"curies":[{"name":"wp","href":"https:\/\/api.w.org\/{rel}","templated":true}]}}