{"id":12538,"date":"2025-05-19T06:34:20","date_gmt":"2025-05-19T06:34:20","guid":{"rendered":"https:\/\/toprisesafety.com\/?post_type=product&#038;p=12538"},"modified":"2025-05-21T07:09:01","modified_gmt":"2025-05-21T07:09:01","slug":"outdoor-potting-benches","status":"publish","type":"product","link":"https:\/\/toprisesafety.com\/pt\/produto\/outdoor-potting-benches\/","title":{"rendered":"Bancos para vasos ao ar livre"},"content":{"rendered":"<h1>Bancos para vasos ao ar livre<\/h1>\n<ul>\n<li>Op\u00e7\u00f5es de personaliza\u00e7\u00e3o: Suporta um pedido m\u00ednimo, oferecendo personaliza\u00e7\u00e3o em tamanho, cor e estilo para atender \u00e0s necessidades personalizadas.<\/li>\n<li>Material dur\u00e1vel: Feito de pl\u00e1stico refor\u00e7ado com fibra de vidro, apresenta alta resist\u00eancia e resist\u00eancia \u00e0 corros\u00e3o, o que o torna adequado para v\u00e1rios ambientes externos.<\/li>\n<li>Design est\u00e9tico: O design moderno e simples, com um assento de \u00e1rvore redondo combinado com assentos de madeira, cria um bom efeito visual.<\/li>\n<li>Desempenho ambiental: O material FRP \u00e9 recicl\u00e1vel, atende aos padr\u00f5es de prote\u00e7\u00e3o ambiental e \u00e9 adequado para projetos de desenvolvimento sustent\u00e1vel.<\/li>\n<li>Assentos confort\u00e1veis: Os assentos de madeira oferecem uma experi\u00eancia confort\u00e1vel ao sentar e s\u00e3o adequados para uso prolongado.<\/li>\n<li>Manuten\u00e7\u00e3o conveniente: A superf\u00edcie do pl\u00e1stico refor\u00e7ado com fibra de vidro \u00e9 lisa e f\u00e1cil de limpar e manter, reduzindo o custo de manuten\u00e7\u00e3o durante o uso prolongado.<\/li>\n<li>Locais aplic\u00e1veis: Adequado para locais p\u00fablicos, como parques, pra\u00e7as e ruas, melhorando o efeito geral da paisagem.<\/li>\n<\/ul>\n<table>\n<tbody>\n<tr>\n<td width=\"284\">ART NO.<\/td>\n<td width=\"284\">FB04<\/td>\n<\/tr>\n<tr>\n<td width=\"284\">MATERIAL<\/td>\n<td width=\"284\">Fibra de vidro<\/td>\n<\/tr>\n<tr>\n<td width=\"284\">TAMANHO<\/td>\n<td width=\"284\">Personalizado<\/td>\n<\/tr>\n<tr>\n<td width=\"284\">MOQ<\/td>\n<td width=\"284\">1 PC<\/td>\n<\/tr>\n<tr>\n<td colspan=\"2\" width=\"568\">Oferecemos suporte a designs, tamanhos e cores personalizados. Se voc\u00ea tiver o seu design, podemos produzi-lo de acordo.<\/td>\n<\/tr>\n<\/tbody>\n<\/table>\n<p>A TOPRISE oferece suporte a v\u00e1rios estilos de personaliza\u00e7\u00e3o de bancos e cadeiras de fibra de vidro; clique para <a href=\"https:\/\/toprisesafety.com\/pt\/categoria-produto\/outdoor-goods\/fiberglass-bench\/\">veja mais estilos de bancos e cadeiras de fibra de vidro.<\/a><\/p>\n<p>Se voc\u00ea n\u00e3o encontrar os bancos e cadeiras de fibra de vidro que deseja, <a href=\"https:\/\/toprisesafety.com\/pt\/contact-us\/\">Entre em contato conosco; <\/a>Oferecemos suporte \u00e0 personaliza\u00e7\u00e3o especial com baixo MOQ.<\/p>","protected":false},"excerpt":{"rendered":"<p>ART NO. FB04<\/p>\n<p>MATERIAL: Fibra de vidro<\/p>\n<p>Tamanho: Personalizado<\/p>\n<p>Cor: personalizada<\/p>\n<p>MOQ: 1 PC<\/p>","protected":false},"featured_media":12540,"template":"","meta":{"_acf_changed":false},"product_brand":[],"product_cat":[397,398],"product_tag":[],"class_list":{"0":"post-12538","1":"product","2":"type-product","3":"status-publish","4":"has-post-thumbnail","6":"product_cat-fiberglass-bench","7":"product_cat-frp-products","9":"first","10":"instock","11":"shipping-taxable","12":"product-type-simple"},"acf":[],"_links":{"self":[{"href":"https:\/\/toprisesafety.com\/pt\/wp-json\/wp\/v2\/product\/12538"}],"collection":[{"href":"https:\/\/toprisesafety.com\/pt\/wp-json\/wp\/v2\/product"}],"about":[{"href":"https:\/\/toprisesafety.com\/pt\/wp-json\/wp\/v2\/types\/product"}],"wp:featuredmedia":[{"embeddable":true,"href":"https:\/\/toprisesafety.com\/pt\/wp-json\/wp\/v2\/media\/12540"}],"wp:attachment":[{"href":"https:\/\/toprisesafety.com\/pt\/wp-json\/wp\/v2\/media?parent=12538"}],"wp:term":[{"taxonomy":"product_brand","embeddable":true,"href":"https:\/\/toprisesafety.com\/pt\/wp-json\/wp\/v2\/product_brand?post=12538"},{"taxonomy":"product_cat","embeddable":true,"href":"https:\/\/toprisesafety.com\/pt\/wp-json\/wp\/v2\/product_cat?post=12538"},{"taxonomy":"product_tag","embeddable":true,"href":"https:\/\/toprisesafety.com\/pt\/wp-json\/wp\/v2\/product_tag?post=12538"}],"curies":[{"name":"wp","href":"https:\/\/api.w.org\/{rel}","templated":true}]}}