{"id":12532,"date":"2025-05-19T06:14:02","date_gmt":"2025-05-19T06:14:02","guid":{"rendered":"https:\/\/toprisesafety.com\/?post_type=product&#038;p=12532"},"modified":"2025-05-21T07:09:32","modified_gmt":"2025-05-21T07:09:32","slug":"circular-fiberglass-tree-planter-wooden-benches","status":"publish","type":"product","link":"https:\/\/toprisesafety.com\/pt\/produto\/circular-fiberglass-tree-planter-wooden-benches\/","title":{"rendered":"Plantador de \u00e1rvores circular de fibra de vidro Bancos de madeira"},"content":{"rendered":"<h1>Plantador de \u00e1rvores circular de fibra de vidro Bancos de madeira<\/h1>\n<p>Vantagens:<\/p>\n<ul>\n<li>Design circular: Oferece um espa\u00e7o de assento mais espa\u00e7oso e \u00e9 adequado para ser usado por v\u00e1rias pessoas.<\/li>\n<li>Material FRP: anticorrosivo, dur\u00e1vel e adapt\u00e1vel a v\u00e1rias condi\u00e7\u00f5es clim\u00e1ticas.<\/li>\n<li>Op\u00e7\u00f5es de personaliza\u00e7\u00e3o: Oferece suporte \u00e0 personaliza\u00e7\u00e3o de tamanho, cor e design para atender a diferentes necessidades.<\/li>\n<li>Conforto: O design do assento de madeira oferece uma experi\u00eancia confort\u00e1vel ao sentar.<\/li>\n<li>Prote\u00e7\u00e3o ambiental: O material \u00e9 recicl\u00e1vel, em linha com os modernos conceitos de prote\u00e7\u00e3o ambiental.<\/li>\n<li>Suporte para pedidos m\u00ednimos de pequenos lotes: A personaliza\u00e7\u00e3o est\u00e1 dispon\u00edvel com base na demanda, com um pedido m\u00ednimo de 1 pe\u00e7a.<\/li>\n<\/ul>\n<table>\n<tbody>\n<tr>\n<td width=\"284\">ART NO.<\/td>\n<td width=\"284\">FB03<\/td>\n<\/tr>\n<tr>\n<td width=\"284\">MATERIAL<\/td>\n<td width=\"284\">Fibra de vidro<\/td>\n<\/tr>\n<tr>\n<td width=\"284\">TAMANHO<\/td>\n<td width=\"284\">Personalizado<\/td>\n<\/tr>\n<tr>\n<td width=\"284\">MOQ<\/td>\n<td width=\"284\">1 PC<\/td>\n<\/tr>\n<tr>\n<td colspan=\"2\" width=\"568\">Oferecemos suporte a designs, tamanhos e cores personalizados. Se voc\u00ea tiver o seu design, podemos produzi-lo de acordo.<\/td>\n<\/tr>\n<\/tbody>\n<\/table>\n<h1><img fetchpriority=\"high\" decoding=\"async\" class=\"alignnone wp-image-12537\" src=\"https:\/\/toprisesafety.com\/wp-content\/uploads\/2025\/05\/Circular-Fiberglass-Tree-Planter-Wooden-Benches-300x268.png\" alt=\"\" width=\"580\" height=\"518\" srcset=\"https:\/\/toprisesafety.com\/wp-content\/uploads\/2025\/05\/Circular-Fiberglass-Tree-Planter-Wooden-Benches-300x268.png 300w, https:\/\/toprisesafety.com\/wp-content\/uploads\/2025\/05\/Circular-Fiberglass-Tree-Planter-Wooden-Benches-768x685.png 768w, https:\/\/toprisesafety.com\/wp-content\/uploads\/2025\/05\/Circular-Fiberglass-Tree-Planter-Wooden-Benches-600x535.png 600w, https:\/\/toprisesafety.com\/wp-content\/uploads\/2025\/05\/Circular-Fiberglass-Tree-Planter-Wooden-Benches.png 892w\" sizes=\"(max-width: 580px) 100vw, 580px\" \/><\/h1>\n<figure id=\"attachment_12544\" aria-describedby=\"caption-attachment-12544\" style=\"width: 577px\" class=\"wp-caption alignnone\"><img decoding=\"async\" class=\"wp-image-12544\" src=\"https:\/\/toprisesafety.com\/wp-content\/uploads\/2025\/05\/O1CN01fiqaZL1iqYlTsi3KO_2211864764464-0-cib-300x300.jpg\" alt=\" Circular Fiberglass Tree Planter Wooden Benches\" width=\"577\" height=\"577\" srcset=\"https:\/\/toprisesafety.com\/wp-content\/uploads\/2025\/05\/O1CN01fiqaZL1iqYlTsi3KO_2211864764464-0-cib-300x300.jpg 300w, https:\/\/toprisesafety.com\/wp-content\/uploads\/2025\/05\/O1CN01fiqaZL1iqYlTsi3KO_2211864764464-0-cib-150x150.jpg 150w, https:\/\/toprisesafety.com\/wp-content\/uploads\/2025\/05\/O1CN01fiqaZL1iqYlTsi3KO_2211864764464-0-cib-768x768.jpg 768w, https:\/\/toprisesafety.com\/wp-content\/uploads\/2025\/05\/O1CN01fiqaZL1iqYlTsi3KO_2211864764464-0-cib-600x600.jpg 600w, https:\/\/toprisesafety.com\/wp-content\/uploads\/2025\/05\/O1CN01fiqaZL1iqYlTsi3KO_2211864764464-0-cib-100x100.jpg 100w, https:\/\/toprisesafety.com\/wp-content\/uploads\/2025\/05\/O1CN01fiqaZL1iqYlTsi3KO_2211864764464-0-cib.jpg 800w\" sizes=\"(max-width: 577px) 100vw, 577px\" \/><figcaption id=\"caption-attachment-12544\" class=\"wp-caption-text\">Plantador de \u00e1rvores circular de fibra de vidro Bancos de madeira<\/figcaption><\/figure>\n<p>A TOPRISE oferece suporte a v\u00e1rios estilos de personaliza\u00e7\u00e3o de bancos e cadeiras de fibra de vidro; clique para <a href=\"https:\/\/toprisesafety.com\/pt\/categoria-produto\/outdoor-goods\/fiberglass-bench\/\">veja mais estilos de bancos e cadeiras de fibra de vidro.<\/a><\/p>\n<p>Se voc\u00ea n\u00e3o encontrar os bancos e cadeiras de fibra de vidro que deseja, <a href=\"https:\/\/toprisesafety.com\/pt\/contact-us\/\">Entre em contato conosco; <\/a>Oferecemos suporte \u00e0 personaliza\u00e7\u00e3o especial com baixo MOQ.<\/p>","protected":false},"excerpt":{"rendered":"<p>ART NO. FB03<\/p>\n<p>MATERIAL: Fibra de vidro<\/p>\n<p>Tamanho: Personalizado<\/p>\n<p>Cor: personalizada<\/p>\n<p>MOQ: 1 PC<\/p>","protected":false},"featured_media":12552,"template":"","meta":{"_acf_changed":false},"product_brand":[],"product_cat":[397,398],"product_tag":[],"class_list":{"0":"post-12532","1":"product","2":"type-product","3":"status-publish","4":"has-post-thumbnail","6":"product_cat-fiberglass-bench","7":"product_cat-frp-products","9":"first","10":"instock","11":"shipping-taxable","12":"product-type-simple"},"acf":[],"_links":{"self":[{"href":"https:\/\/toprisesafety.com\/pt\/wp-json\/wp\/v2\/product\/12532"}],"collection":[{"href":"https:\/\/toprisesafety.com\/pt\/wp-json\/wp\/v2\/product"}],"about":[{"href":"https:\/\/toprisesafety.com\/pt\/wp-json\/wp\/v2\/types\/product"}],"wp:featuredmedia":[{"embeddable":true,"href":"https:\/\/toprisesafety.com\/pt\/wp-json\/wp\/v2\/media\/12552"}],"wp:attachment":[{"href":"https:\/\/toprisesafety.com\/pt\/wp-json\/wp\/v2\/media?parent=12532"}],"wp:term":[{"taxonomy":"product_brand","embeddable":true,"href":"https:\/\/toprisesafety.com\/pt\/wp-json\/wp\/v2\/product_brand?post=12532"},{"taxonomy":"product_cat","embeddable":true,"href":"https:\/\/toprisesafety.com\/pt\/wp-json\/wp\/v2\/product_cat?post=12532"},{"taxonomy":"product_tag","embeddable":true,"href":"https:\/\/toprisesafety.com\/pt\/wp-json\/wp\/v2\/product_tag?post=12532"}],"curies":[{"name":"wp","href":"https:\/\/api.w.org\/{rel}","templated":true}]}}