{"id":12525,"date":"2025-05-19T05:50:23","date_gmt":"2025-05-19T05:50:23","guid":{"rendered":"https:\/\/toprisesafety.com\/?post_type=product&#038;p=12525"},"modified":"2025-05-21T07:10:00","modified_gmt":"2025-05-21T07:10:00","slug":"fiberglass-sun-loungers","status":"publish","type":"product","link":"https:\/\/toprisesafety.com\/pt\/produto\/fiberglass-sun-loungers\/","title":{"rendered":"Espregui\u00e7adeiras de fibra de vidro"},"content":{"rendered":"<h1>Espregui\u00e7adeiras de fibra de vidro<\/h1>\n<p>Vantagens :<\/p>\n<ul>\n<li>Forte resist\u00eancia a intemp\u00e9ries: O material de fibra de vidro tem excelente resist\u00eancia a UV e a altas temperaturas e \u00e9 adequado para exposi\u00e7\u00e3o prolongada \u00e0 luz solar.<\/li>\n<li>Design personalizado: Oferece suporte \u00e0 personaliza\u00e7\u00e3o de estilos, cores e tamanhos de acordo com as necessidades do cliente para atender a requisitos personalizados.<\/li>\n<li>Leve: A fibra de vidro \u00e9 mais leve do que os materiais tradicionais, o que facilita a movimenta\u00e7\u00e3o e a reorganiza\u00e7\u00e3o.<\/li>\n<li>Alta durabilidade: Resistente \u00e0 corros\u00e3o e ao desgaste, com uma longa vida \u00fatil.<\/li>\n<li>Moda moderna: O design aerodin\u00e2mico est\u00e1 em conformidade com a est\u00e9tica moderna e real\u00e7a a beleza dos espa\u00e7os externos.<\/li>\n<\/ul>\n<table>\n<tbody>\n<tr>\n<td width=\"284\">ART NO.<\/td>\n<td width=\"284\">FB02<\/td>\n<\/tr>\n<tr>\n<td width=\"284\">MATERIAL<\/td>\n<td width=\"284\">Fibra de vidro<\/td>\n<\/tr>\n<tr>\n<td width=\"284\">TAMANHO<\/td>\n<td width=\"284\">Personalizado<\/td>\n<\/tr>\n<tr>\n<td width=\"284\">MOQ<\/td>\n<td width=\"284\">3 PC<\/td>\n<\/tr>\n<tr>\n<td colspan=\"2\" width=\"568\">Oferecemos suporte a designs, tamanhos e cores personalizados. Se voc\u00ea tiver o seu design, podemos produzi-lo de acordo.<\/td>\n<\/tr>\n<\/tbody>\n<\/table>\n<p>&nbsp;<\/p>\n<figure id=\"attachment_12527\" aria-describedby=\"caption-attachment-12527\" style=\"width: 581px\" class=\"wp-caption alignnone\"><img fetchpriority=\"high\" decoding=\"async\" class=\"wp-image-12527\" src=\"https:\/\/toprisesafety.com\/wp-content\/uploads\/2025\/05\/Fiberglass-Sun-Loungers-1-298x300.png\" alt=\"Fiberglass Sun Loungers\" width=\"581\" height=\"585\" srcset=\"https:\/\/toprisesafety.com\/wp-content\/uploads\/2025\/05\/Fiberglass-Sun-Loungers-1-298x300.png 298w, https:\/\/toprisesafety.com\/wp-content\/uploads\/2025\/05\/Fiberglass-Sun-Loungers-1-1019x1024.png 1019w, https:\/\/toprisesafety.com\/wp-content\/uploads\/2025\/05\/Fiberglass-Sun-Loungers-1-150x150.png 150w, https:\/\/toprisesafety.com\/wp-content\/uploads\/2025\/05\/Fiberglass-Sun-Loungers-1-768x772.png 768w, https:\/\/toprisesafety.com\/wp-content\/uploads\/2025\/05\/Fiberglass-Sun-Loungers-1-1528x1536.png 1528w, https:\/\/toprisesafety.com\/wp-content\/uploads\/2025\/05\/Fiberglass-Sun-Loungers-1-2038x2048.png 2038w, https:\/\/toprisesafety.com\/wp-content\/uploads\/2025\/05\/Fiberglass-Sun-Loungers-1-600x603.png 600w, https:\/\/toprisesafety.com\/wp-content\/uploads\/2025\/05\/Fiberglass-Sun-Loungers-1-100x100.png 100w\" sizes=\"(max-width: 581px) 100vw, 581px\" \/><figcaption id=\"caption-attachment-12527\" class=\"wp-caption-text\">Espregui\u00e7adeiras de fibra de vidro<\/figcaption><\/figure>\n<p>A TOPRISE oferece suporte a v\u00e1rios estilos de personaliza\u00e7\u00e3o de bancos e cadeiras de fibra de vidro; clique para <a href=\"https:\/\/toprisesafety.com\/pt\/categoria-produto\/outdoor-goods\/fiberglass-bench\/\">veja mais estilos de bancos e cadeiras de fibra de vidro.<\/a><\/p>\n<p>Se voc\u00ea n\u00e3o encontrar os bancos e cadeiras de fibra de vidro que deseja, <a href=\"https:\/\/toprisesafety.com\/pt\/contact-us\/\">Entre em contato conosco; <\/a>Oferecemos suporte \u00e0 personaliza\u00e7\u00e3o especial com baixo MOQ.<\/p>","protected":false},"excerpt":{"rendered":"<p>ART NO. FB02<\/p>\n<p>MATERIAL: Fibra de vidro<\/p>\n<p>Tamanho: Personalizado<\/p>\n<p>Cor: personalizada<\/p>\n<p>MOQ: 3 PCS<\/p>","protected":false},"featured_media":12526,"template":"","meta":{"_acf_changed":false},"product_brand":[],"product_cat":[397,398],"product_tag":[],"class_list":{"0":"post-12525","1":"product","2":"type-product","3":"status-publish","4":"has-post-thumbnail","6":"product_cat-fiberglass-bench","7":"product_cat-frp-products","9":"first","10":"instock","11":"shipping-taxable","12":"product-type-simple"},"acf":[],"_links":{"self":[{"href":"https:\/\/toprisesafety.com\/pt\/wp-json\/wp\/v2\/product\/12525"}],"collection":[{"href":"https:\/\/toprisesafety.com\/pt\/wp-json\/wp\/v2\/product"}],"about":[{"href":"https:\/\/toprisesafety.com\/pt\/wp-json\/wp\/v2\/types\/product"}],"wp:featuredmedia":[{"embeddable":true,"href":"https:\/\/toprisesafety.com\/pt\/wp-json\/wp\/v2\/media\/12526"}],"wp:attachment":[{"href":"https:\/\/toprisesafety.com\/pt\/wp-json\/wp\/v2\/media?parent=12525"}],"wp:term":[{"taxonomy":"product_brand","embeddable":true,"href":"https:\/\/toprisesafety.com\/pt\/wp-json\/wp\/v2\/product_brand?post=12525"},{"taxonomy":"product_cat","embeddable":true,"href":"https:\/\/toprisesafety.com\/pt\/wp-json\/wp\/v2\/product_cat?post=12525"},{"taxonomy":"product_tag","embeddable":true,"href":"https:\/\/toprisesafety.com\/pt\/wp-json\/wp\/v2\/product_tag?post=12525"}],"curies":[{"name":"wp","href":"https:\/\/api.w.org\/{rel}","templated":true}]}}