{"id":12520,"date":"2025-05-19T05:26:27","date_gmt":"2025-05-19T05:26:27","guid":{"rendered":"https:\/\/toprisesafety.com\/?post_type=product&#038;p=12520"},"modified":"2025-05-21T07:10:22","modified_gmt":"2025-05-21T07:10:22","slug":"outdoor-planter-pot-fiberglass-bench","status":"publish","type":"product","link":"https:\/\/toprisesafety.com\/pt\/produto\/outdoor-planter-pot-fiberglass-bench\/","title":{"rendered":"Banco de fibra de vidro para vasos de plantas para exteriores"},"content":{"rendered":"<h1>Banco de fibra de vidro para vasos de plantas para exteriores<\/h1>\n<p>Outdoor Planter Pot Fiberglass Bench Advantages :<\/p>\n<ul>\n<li>Strong durability: FRP material is resistant to weathering and corrosion and has a long service life.<\/li>\n<li>Customized service: Supports customizing styles and colors according to customer requirements.<\/li>\n<li>Elegant and generous: The fashionable and modern design enhances the aesthetic appeal of the environment.<\/li>\n<li>Versatility: Integrating a flowerpot and a seat into one, it saves space and is suitable for various occasions.<\/li>\n<\/ul>\n<p>Lightweight and easy to carry: Despite the sturdy material, the product is relatively light, making it convenient to move and arrange<\/p>\n<table>\n<tbody>\n<tr>\n<td width=\"284\">ART NO.<\/td>\n<td width=\"284\">FB01<\/td>\n<\/tr>\n<tr>\n<td width=\"284\">MATERIAL<\/td>\n<td width=\"284\">Fibra de vidro<\/td>\n<\/tr>\n<tr>\n<td width=\"284\">TAMANHO<\/td>\n<td width=\"284\">Personalizado<\/td>\n<\/tr>\n<tr>\n<td width=\"284\">MOQ<\/td>\n<td width=\"284\">1 PC<\/td>\n<\/tr>\n<tr>\n<td colspan=\"2\" width=\"568\">Oferecemos suporte a designs, tamanhos e cores personalizados. Se voc\u00ea tiver o seu design, podemos produzi-lo de acordo.<\/td>\n<\/tr>\n<\/tbody>\n<\/table>\n<p>&nbsp;<\/p>\n<div style=\"width: 800px;\" class=\"wp-video\"><!--[if lt IE 9]><script>document.createElement('video');<\/script><![endif]-->\n<video class=\"wp-video-shortcode\" id=\"video-12520-1\" width=\"800\" height=\"450\" preload=\"metadata\" controls=\"controls\"><source type=\"video\/mp4\" src=\"https:\/\/toprisesafety.com\/wp-content\/uploads\/2025\/05\/outdoor-planter-pot-fiberglass-bench.mp4?_=1\" \/><a href=\"https:\/\/toprisesafety.com\/wp-content\/uploads\/2025\/05\/outdoor-planter-pot-fiberglass-bench.mp4\">https:\/\/toprisesafety.com\/wp-content\/uploads\/2025\/05\/outdoor-planter-pot-fiberglass-bench.mp4<\/a><\/video><\/div>\n<p>A TOPRISE oferece suporte a v\u00e1rios estilos de personaliza\u00e7\u00e3o de bancos e cadeiras de fibra de vidro; clique para <a href=\"https:\/\/toprisesafety.com\/pt\/categoria-produto\/outdoor-goods\/fiberglass-bench\/\">veja mais estilos de bancos e cadeiras de fibra de vidro.<\/a><\/p>\n<p>Se voc\u00ea n\u00e3o encontrar os bancos e cadeiras de fibra de vidro que deseja, <a href=\"https:\/\/toprisesafety.com\/pt\/contact-us\/\">Entre em contato conosco; <\/a>Oferecemos suporte \u00e0 personaliza\u00e7\u00e3o especial com baixo MOQ.<\/p>","protected":false},"excerpt":{"rendered":"<p>ART NO. FB01<\/p>\n<p>MATERIAL: Fibra de vidro<\/p>\n<p>Tamanho: Personalizado<\/p>\n<p>Cor: personalizada<\/p>\n<p>MOQ: 1 PC<\/p>","protected":false},"featured_media":12523,"template":"","meta":{"_acf_changed":false},"product_brand":[],"product_cat":[397,398],"product_tag":[],"class_list":{"0":"post-12520","1":"product","2":"type-product","3":"status-publish","4":"has-post-thumbnail","6":"product_cat-fiberglass-bench","7":"product_cat-frp-products","9":"first","10":"instock","11":"shipping-taxable","12":"product-type-simple"},"acf":[],"_links":{"self":[{"href":"https:\/\/toprisesafety.com\/pt\/wp-json\/wp\/v2\/product\/12520"}],"collection":[{"href":"https:\/\/toprisesafety.com\/pt\/wp-json\/wp\/v2\/product"}],"about":[{"href":"https:\/\/toprisesafety.com\/pt\/wp-json\/wp\/v2\/types\/product"}],"wp:featuredmedia":[{"embeddable":true,"href":"https:\/\/toprisesafety.com\/pt\/wp-json\/wp\/v2\/media\/12523"}],"wp:attachment":[{"href":"https:\/\/toprisesafety.com\/pt\/wp-json\/wp\/v2\/media?parent=12520"}],"wp:term":[{"taxonomy":"product_brand","embeddable":true,"href":"https:\/\/toprisesafety.com\/pt\/wp-json\/wp\/v2\/product_brand?post=12520"},{"taxonomy":"product_cat","embeddable":true,"href":"https:\/\/toprisesafety.com\/pt\/wp-json\/wp\/v2\/product_cat?post=12520"},{"taxonomy":"product_tag","embeddable":true,"href":"https:\/\/toprisesafety.com\/pt\/wp-json\/wp\/v2\/product_tag?post=12520"}],"curies":[{"name":"wp","href":"https:\/\/api.w.org\/{rel}","templated":true}]}}