{"id":12480,"date":"2025-05-14T06:27:40","date_gmt":"2025-05-14T06:27:40","guid":{"rendered":"https:\/\/toprisesafety.com\/?post_type=product&#038;p=12480"},"modified":"2025-05-19T08:23:47","modified_gmt":"2025-05-19T08:23:47","slug":"army-mens-sweater","status":"publish","type":"product","link":"https:\/\/toprisesafety.com\/pt\/produto\/army-mens-sweater\/","title":{"rendered":"Su\u00e9ter masculino do ex\u00e9rcito"},"content":{"rendered":"<h1>Su\u00e9ter masculino do ex\u00e9rcito<\/h1>\n<p><strong><b>Homens do ex\u00e9rcito<\/b><\/strong><strong><b>'<\/b><\/strong><strong><b>s Sweater<\/b><\/strong><strong><b>\u00a0Recursos<\/b><\/strong>:<\/p>\n<ul>\n<li>Feito de tecido de alta qualidade, \u00e9 confort\u00e1vel e dur\u00e1vel, adequado para uso prolongado.<\/li>\n<li>Suporte a estilos, logotipos e embalagens personalizados para atender a necessidades personalizadas.<\/li>\n<li>Os servi\u00e7os de coleta de amostras est\u00e3o dispon\u00edveis para garantir que o design seja consistente com o efeito real.<\/li>\n<li>O design \u00e9 simples e pr\u00e1tico, adequado para o ambiente de trabalho de soldados, guardas de seguran\u00e7a ou policiais.<\/li>\n<li>Ele tem boa resist\u00eancia ao frio e pode se adaptar a condi\u00e7\u00f5es clim\u00e1ticas adversas.<\/li>\n<\/ul>\n<table>\n<tbody>\n<tr>\n<td width=\"284\">ART NO.<\/td>\n<td width=\"284\">SW10<\/td>\n<\/tr>\n<tr>\n<td width=\"284\">MATERIAL<\/td>\n<td width=\"284\">Fibra acr\u00edlica de l\u00e3 ou personalizada<\/td>\n<\/tr>\n<tr>\n<td width=\"284\">TAMANHO<\/td>\n<td width=\"284\">S-XXXL<\/td>\n<\/tr>\n<tr>\n<td width=\"284\">COR<\/td>\n<td width=\"284\">personalizado<\/td>\n<\/tr>\n<tr>\n<td width=\"284\">LOGOTIPO<\/td>\n<td width=\"284\">Suporte a logotipo personalizado<\/td>\n<\/tr>\n<tr>\n<td width=\"284\">MOQ<\/td>\n<td width=\"284\">1000 PCS<\/td>\n<\/tr>\n<\/tbody>\n<\/table>\n<p>A TOPRISE oferece suporte a v\u00e1rios estilos de personaliza\u00e7\u00e3o de su\u00e9teres uniformes; clique para<a href=\"https:\/\/toprisesafety.com\/pt\/categoria-produto\/personal-protective-equipment\/work-wear\/uniform-sweater\/\"> veja mais estilos de su\u00e9teres de uniforme.<\/a><\/p>\n<p>Se voc\u00ea n\u00e3o encontrar o su\u00e9ter do uniforme exigido, <a href=\"https:\/\/toprisesafety.com\/pt\/contact-us\/\">Entre em contato conosco;<\/a> Oferecemos suporte \u00e0 personaliza\u00e7\u00e3o especial.<\/p>","protected":false},"excerpt":{"rendered":"<p>N\u00ba art. SW10<\/p>\n<p>Material: l\u00e3, fibra acr\u00edlica ou personalizado<\/p>\n<p>Tamanho: S-XXXL ou personalizado<\/p>\n<p>Cor: personalizada.<\/p>\n<p>MOQ: 1000 PCS<\/p>","protected":false},"featured_media":12481,"template":"","meta":{"_acf_changed":false},"product_brand":[],"product_cat":[320,396,369],"product_tag":[],"class_list":{"0":"post-12480","1":"product","2":"type-product","3":"status-publish","4":"has-post-thumbnail","6":"product_cat-personal-protective-equipment","7":"product_cat-military-sweater","8":"product_cat-safety-wear","10":"first","11":"instock","12":"shipping-taxable","13":"product-type-simple"},"acf":[],"_links":{"self":[{"href":"https:\/\/toprisesafety.com\/pt\/wp-json\/wp\/v2\/product\/12480"}],"collection":[{"href":"https:\/\/toprisesafety.com\/pt\/wp-json\/wp\/v2\/product"}],"about":[{"href":"https:\/\/toprisesafety.com\/pt\/wp-json\/wp\/v2\/types\/product"}],"wp:featuredmedia":[{"embeddable":true,"href":"https:\/\/toprisesafety.com\/pt\/wp-json\/wp\/v2\/media\/12481"}],"wp:attachment":[{"href":"https:\/\/toprisesafety.com\/pt\/wp-json\/wp\/v2\/media?parent=12480"}],"wp:term":[{"taxonomy":"product_brand","embeddable":true,"href":"https:\/\/toprisesafety.com\/pt\/wp-json\/wp\/v2\/product_brand?post=12480"},{"taxonomy":"product_cat","embeddable":true,"href":"https:\/\/toprisesafety.com\/pt\/wp-json\/wp\/v2\/product_cat?post=12480"},{"taxonomy":"product_tag","embeddable":true,"href":"https:\/\/toprisesafety.com\/pt\/wp-json\/wp\/v2\/product_tag?post=12480"}],"curies":[{"name":"wp","href":"https:\/\/api.w.org\/{rel}","templated":true}]}}