{"id":12467,"date":"2025-05-14T06:18:43","date_gmt":"2025-05-14T06:18:43","guid":{"rendered":"https:\/\/toprisesafety.com\/?post_type=product&#038;p=12467"},"modified":"2025-05-19T08:33:42","modified_gmt":"2025-05-19T08:33:42","slug":"75-cm-safety-rubber-cones","status":"publish","type":"product","link":"https:\/\/toprisesafety.com\/pt\/produto\/75-cm-safety-rubber-cones\/","title":{"rendered":"Cones de borracha de seguran\u00e7a de 75 cm"},"content":{"rendered":"<h2>Cones de borracha de seguran\u00e7a de 75 cm<\/h2>\n<p>Cones de borracha de seguran\u00e7a Caracter\u00edsticas:<\/p>\n<ul>\n<li>Feito de material de borracha dur\u00e1vel, ele apresenta alta resist\u00eancia \u00e0 compress\u00e3o e elasticidade.<\/li>\n<li>O forte design refletivo em vermelho e branco proporciona alta visibilidade.<\/li>\n<li>Ele tem excelente resist\u00eancia a raios UV e ao vento e \u00e9 adequado para v\u00e1rios ambientes.<\/li>\n<li>Leve e f\u00e1cil de manusear, \u00e9 conveniente para armazenar e transportar.<\/li>\n<li>Alta estabilidade, sem tend\u00eancia a tombar, garantindo a seguran\u00e7a nas estradas.<\/li>\n<li>O design da base antiderrapante melhora o aterramento e \u00e9 adequado para v\u00e1rias superf\u00edcies de estrada.<\/li>\n<\/ul>\n<div style=\"width: 464px;\" class=\"wp-video\"><!--[if lt IE 9]><script>document.createElement('video');<\/script><![endif]-->\n<video class=\"wp-video-shortcode\" id=\"video-12467-1\" width=\"464\" height=\"960\" preload=\"metadata\" controls=\"controls\"><source type=\"video\/mp4\" src=\"https:\/\/toprisesafety.com\/wp-content\/uploads\/2025\/05\/Rubber-traffic-cones-.mp4?_=1\" \/><a href=\"https:\/\/toprisesafety.com\/wp-content\/uploads\/2025\/05\/Rubber-traffic-cones-.mp4\">https:\/\/toprisesafety.com\/wp-content\/uploads\/2025\/05\/Rubber-traffic-cones-.mp4<\/a><\/video><\/div>\n<table>\n<tbody>\n<tr>\n<td width=\"284\">ART NO.<\/td>\n<td width=\"284\">TCR68<\/td>\n<\/tr>\n<tr>\n<td width=\"284\">MATERIAL<\/td>\n<td width=\"284\">Borracha<\/td>\n<\/tr>\n<tr>\n<td width=\"284\">ALTURA<\/td>\n<td width=\"284\">75 CM, 50\/62\/65\/68\/70\/90 CM para escolha<\/td>\n<\/tr>\n<tr>\n<td width=\"284\">TAMANHO DA BASE<\/td>\n<td width=\"284\">40\u00d740 CM<\/td>\n<\/tr>\n<tr>\n<td width=\"284\">PESO<\/td>\n<td width=\"284\">2,0\/3,0\/4,0 KGS<\/td>\n<\/tr>\n<tr>\n<td width=\"284\">MOQ<\/td>\n<td width=\"284\">500 UNIDADES<\/td>\n<\/tr>\n<\/tbody>\n<\/table>\n<figure id=\"attachment_12426\" aria-describedby=\"caption-attachment-12426\" style=\"width: 425px\" class=\"wp-caption alignnone\"><img fetchpriority=\"high\" decoding=\"async\" class=\"wp-image-12426\" src=\"https:\/\/toprisesafety.com\/wp-content\/uploads\/2025\/05\/rubber-traffic-cones-300x200.jpg\" alt=\"rubber traffic cones\" width=\"425\" height=\"283\" srcset=\"https:\/\/toprisesafety.com\/wp-content\/uploads\/2025\/05\/rubber-traffic-cones-300x200.jpg 300w, https:\/\/toprisesafety.com\/wp-content\/uploads\/2025\/05\/rubber-traffic-cones-1024x683.jpg 1024w, https:\/\/toprisesafety.com\/wp-content\/uploads\/2025\/05\/rubber-traffic-cones-768x512.jpg 768w, https:\/\/toprisesafety.com\/wp-content\/uploads\/2025\/05\/rubber-traffic-cones-600x400.jpg 600w, https:\/\/toprisesafety.com\/wp-content\/uploads\/2025\/05\/rubber-traffic-cones.jpg 1207w\" sizes=\"(max-width: 425px) 100vw, 425px\" \/><figcaption id=\"caption-attachment-12426\" class=\"wp-caption-text\">cones de tr\u00e2nsito de borracha<\/figcaption><\/figure>\n<p>Diferentes tamanhos de cones de tr\u00e2nsito de borracha para escolha:<\/p>\n<table>\n<tbody>\n<tr>\n<td width=\"82\"><strong><b>ART NO.<\/b><\/strong><\/td>\n<td width=\"117\"><strong><b>ALTURA\/CM<\/b><\/strong><\/td>\n<td width=\"267\"><strong><b>TAMANHO DA BASE\/CM<\/b><\/strong><\/td>\n<td width=\"215\"><strong><b>PESO\/CM<\/b><\/strong><\/td>\n<\/tr>\n<tr>\n<td width=\"82\">TCR50<\/td>\n<td width=\"117\">50 CM<\/td>\n<td width=\"267\">30\u00d730 CM<\/td>\n<td width=\"215\">1,0 KGS<\/td>\n<\/tr>\n<tr>\n<td width=\"82\">TCR62<\/td>\n<td width=\"117\">62 CM<\/td>\n<td width=\"267\">33\u00d733CM<\/td>\n<td width=\"215\">1,1 KGS<\/td>\n<\/tr>\n<tr>\n<td width=\"82\">TCR65<\/td>\n<td width=\"117\">65 CM<\/td>\n<td width=\"267\">34\u00d734CM<\/td>\n<td width=\"215\">1,50 KGS<\/td>\n<\/tr>\n<tr>\n<td width=\"82\">TCR68<\/td>\n<td width=\"117\">68 CM<\/td>\n<td width=\"267\">34\u00d734 CM<\/td>\n<td width=\"215\">1,50 KGS<\/td>\n<\/tr>\n<tr>\n<td width=\"82\">TCR70<\/td>\n<td width=\"117\">70 CM<\/td>\n<td width=\"267\">40\u00d740 cm ou 37\u00d737 cm ou 33\u00d733 cm<\/td>\n<td width=\"215\">2,0\/3,0\/4,0 KGS<\/td>\n<\/tr>\n<tr>\n<td width=\"82\">TCR75<\/td>\n<td width=\"117\">75 CM<\/td>\n<td width=\"267\">40\u00d740 CM<\/td>\n<td width=\"215\">2,0\/3,0\/4,0 KGS<\/td>\n<\/tr>\n<tr>\n<td width=\"82\">TCR90<\/td>\n<td width=\"117\">90 CM<\/td>\n<td width=\"267\">46\u00d746 CM<\/td>\n<td width=\"215\">4,0 \/4,5 KGS<\/td>\n<\/tr>\n<\/tbody>\n<\/table>\n<p>O TOPRISE oferece suporte a v\u00e1rios estilos de personaliza\u00e7\u00e3o de cones de tr\u00e2nsito; clique para <a href=\"https:\/\/toprisesafety.com\/pt\/categoria-produto\/road-safety-products\/traffic-cone\/\">veja mais estilos de cones de tr\u00e2nsito.<\/a><\/p>\n<p>Se voc\u00ea n\u00e3o encontrar os cones de tr\u00e2nsito necess\u00e1rios, <a href=\"https:\/\/toprisesafety.com\/pt\/contact-us\/\">Entre em contato conosco;<\/a> Oferecemos suporte \u00e0 personaliza\u00e7\u00e3o especial.<\/p>","protected":false},"excerpt":{"rendered":"<p>N\u00ba do art.: TCR75<\/p>\n<p>Material: BORRACHA<\/p>\n<p>Altura: 75 cm<\/p>\n<p>Tamanho da base: 40\u00d740 CM<\/p>\n<p>Peso: 2,0\/3,0\/4,0 KGS<\/p>\n<p>MOQ: 500 PCS<\/p>","protected":false},"featured_media":12471,"template":"","meta":{"_acf_changed":false},"product_brand":[],"product_cat":[325,395],"product_tag":[],"class_list":{"0":"post-12467","1":"product","2":"type-product","3":"status-publish","4":"has-post-thumbnail","6":"product_cat-road-safety-products","7":"product_cat-traffic-cone","9":"first","10":"instock","11":"shipping-taxable","12":"product-type-simple"},"acf":[],"_links":{"self":[{"href":"https:\/\/toprisesafety.com\/pt\/wp-json\/wp\/v2\/product\/12467"}],"collection":[{"href":"https:\/\/toprisesafety.com\/pt\/wp-json\/wp\/v2\/product"}],"about":[{"href":"https:\/\/toprisesafety.com\/pt\/wp-json\/wp\/v2\/types\/product"}],"wp:featuredmedia":[{"embeddable":true,"href":"https:\/\/toprisesafety.com\/pt\/wp-json\/wp\/v2\/media\/12471"}],"wp:attachment":[{"href":"https:\/\/toprisesafety.com\/pt\/wp-json\/wp\/v2\/media?parent=12467"}],"wp:term":[{"taxonomy":"product_brand","embeddable":true,"href":"https:\/\/toprisesafety.com\/pt\/wp-json\/wp\/v2\/product_brand?post=12467"},{"taxonomy":"product_cat","embeddable":true,"href":"https:\/\/toprisesafety.com\/pt\/wp-json\/wp\/v2\/product_cat?post=12467"},{"taxonomy":"product_tag","embeddable":true,"href":"https:\/\/toprisesafety.com\/pt\/wp-json\/wp\/v2\/product_tag?post=12467"}],"curies":[{"name":"wp","href":"https:\/\/api.w.org\/{rel}","templated":true}]}}