{"id":12408,"date":"2025-05-13T07:57:16","date_gmt":"2025-05-13T07:57:16","guid":{"rendered":"https:\/\/toprisesafety.com\/?post_type=product&#038;p=12408"},"modified":"2025-05-21T03:16:14","modified_gmt":"2025-05-21T03:16:14","slug":"30-cm-collapsible-traffic-cone","status":"publish","type":"product","link":"https:\/\/toprisesafety.com\/pt\/produto\/30-cm-collapsible-traffic-cone\/","title":{"rendered":"Cone de tr\u00e2nsito dobr\u00e1vel de 30 CM"},"content":{"rendered":"<h2>Cone de tr\u00e2nsito dobr\u00e1vel de 30 CM<\/h2>\n<p><strong><b>Caracter\u00edsticas dos cones de tr\u00e2nsito dobr\u00e1veis<\/b><\/strong>:<\/p>\n<ul>\n<li>Design dobr\u00e1vel, conveniente para armazenamento e transporte, al\u00e9m de economizar espa\u00e7o.<\/li>\n<li>O material \u00e9 macio, dur\u00e1vel e resistente a impactos, e pode se adaptar a ambientes adversos.<\/li>\n<li>Seu tamanho \u00e9 pequeno depois de dobrado e \u00e9 adequado para transporte e transporte.<\/li>\n<li>O design da faixa refletiva garante visibilidade \u00e0 noite e aumenta a seguran\u00e7a no tr\u00e2nsito.<\/li>\n<li>Ele \u00e9 conveniente de usar, r\u00e1pido de configurar e lembra e orienta o tr\u00e1fego de forma eficaz.<\/li>\n<li>A estrutura dobr\u00e1vel evita ocupar muito espa\u00e7o de armazenamento e \u00e9 adequada para uso prolongado.<\/li>\n<\/ul>\n<div style=\"width: 720px;\" class=\"wp-video\"><!--[if lt IE 9]><script>document.createElement('video');<\/script><![endif]-->\n<video class=\"wp-video-shortcode\" id=\"video-12408-1\" width=\"720\" height=\"1280\" preload=\"metadata\" controls=\"controls\"><source type=\"video\/mp4\" src=\"https:\/\/toprisesafety.com\/wp-content\/uploads\/2025\/05\/Collapsible-traffic-cone.mp4?_=1\" \/><a href=\"https:\/\/toprisesafety.com\/wp-content\/uploads\/2025\/05\/Collapsible-traffic-cone.mp4\">https:\/\/toprisesafety.com\/wp-content\/uploads\/2025\/05\/Collapsible-traffic-cone.mp4<\/a><\/video><\/div>\n<table>\n<tbody>\n<tr>\n<td width=\"284\">ART NO.<\/td>\n<td width=\"284\">CTC30<\/td>\n<\/tr>\n<tr>\n<td width=\"284\">MATERIAL<\/td>\n<td width=\"284\">Tecido Oxford + base de PP<\/td>\n<\/tr>\n<tr>\n<td width=\"284\">Altura<\/td>\n<td width=\"284\">30 CM, 45\/70 CM para escolha<\/td>\n<\/tr>\n<tr>\n<td width=\"284\">Tamanho da base<\/td>\n<td width=\"284\">19\u00d719\u00d72,5 CM<\/td>\n<\/tr>\n<tr>\n<td width=\"284\">Peso<\/td>\n<td width=\"284\">0,23 KGS\/ PC<\/td>\n<\/tr>\n<tr>\n<td width=\"284\">MOQ<\/td>\n<td width=\"284\">500 UNIDADES<\/td>\n<\/tr>\n<\/tbody>\n<\/table>\n<p>O TOPRISE oferece suporte a v\u00e1rios estilos de personaliza\u00e7\u00e3o de cones de tr\u00e2nsito; clique para <a href=\"https:\/\/toprisesafety.com\/pt\/categoria-produto\/road-safety-products\/traffic-cone\/\">veja mais estilos de cones de tr\u00e2nsito.<\/a><\/p>\n<p>Se voc\u00ea n\u00e3o encontrar os cones de tr\u00e2nsito necess\u00e1rios, <a href=\"https:\/\/toprisesafety.com\/pt\/contact-us\/\">Entre em contato conosco;<\/a> Oferecemos suporte \u00e0 personaliza\u00e7\u00e3o especial.<\/p>","protected":false},"excerpt":{"rendered":"<p>N\u00ba do artigo..: CTC30<\/p>\n<p>Material: Tecido Oxford + base PP<\/p>\n<p>Altura: 30 CM<\/p>\n<p>Tamanho da base: 19\u00d719\u00d72,5 CM<\/p>\n<p>Peso: 0,23 KGS\/ PC<\/p>\n<p>MOQ: 500 PCS<\/p>","protected":false},"featured_media":12410,"template":"","meta":{"_acf_changed":false},"product_brand":[],"product_cat":[395,325],"product_tag":[],"class_list":{"0":"post-12408","1":"product","2":"type-product","3":"status-publish","4":"has-post-thumbnail","6":"product_cat-traffic-cone","7":"product_cat-road-safety-products","9":"first","10":"instock","11":"shipping-taxable","12":"product-type-simple"},"acf":[],"_links":{"self":[{"href":"https:\/\/toprisesafety.com\/pt\/wp-json\/wp\/v2\/product\/12408"}],"collection":[{"href":"https:\/\/toprisesafety.com\/pt\/wp-json\/wp\/v2\/product"}],"about":[{"href":"https:\/\/toprisesafety.com\/pt\/wp-json\/wp\/v2\/types\/product"}],"wp:featuredmedia":[{"embeddable":true,"href":"https:\/\/toprisesafety.com\/pt\/wp-json\/wp\/v2\/media\/12410"}],"wp:attachment":[{"href":"https:\/\/toprisesafety.com\/pt\/wp-json\/wp\/v2\/media?parent=12408"}],"wp:term":[{"taxonomy":"product_brand","embeddable":true,"href":"https:\/\/toprisesafety.com\/pt\/wp-json\/wp\/v2\/product_brand?post=12408"},{"taxonomy":"product_cat","embeddable":true,"href":"https:\/\/toprisesafety.com\/pt\/wp-json\/wp\/v2\/product_cat?post=12408"},{"taxonomy":"product_tag","embeddable":true,"href":"https:\/\/toprisesafety.com\/pt\/wp-json\/wp\/v2\/product_tag?post=12408"}],"curies":[{"name":"wp","href":"https:\/\/api.w.org\/{rel}","templated":true}]}}