{"id":12407,"date":"2025-05-13T08:35:37","date_gmt":"2025-05-13T08:35:37","guid":{"rendered":"https:\/\/toprisesafety.com\/?post_type=product&#038;p=12407"},"modified":"2025-05-19T08:28:18","modified_gmt":"2025-05-19T08:28:18","slug":"uniform-vest-sweater","status":"publish","type":"product","link":"https:\/\/toprisesafety.com\/pt\/produto\/uniform-vest-sweater\/","title":{"rendered":"Su\u00e9ter com colete de uniforme"},"content":{"rendered":"<h1>Su\u00e9ter com colete de uniforme<\/h1>\n<p><strong>Su\u00e9ter com colete de uniforme<b> Recursos<\/b><\/strong>:<\/p>\n<ul>\n<li>The design is simple and elegant, suitable for use by security guards and other professionals, and exudes a sense of professionalism.<\/li>\n<li>Support customized styles to meet different needs.<\/li>\n<li>Customers can customize the LOGO to enhance the brand image.<\/li>\n<li>Offer customized packaging options to facilitate personalized promotion by enterprises.<\/li>\n<li>Comfortable fabric, suitable for long-term wearing, with good breathability.<\/li>\n<li>Adjustable design, suitable for different body types, making it more comfortable to wear.<\/li>\n<\/ul>\n<table>\n<tbody>\n<tr>\n<td width=\"284\">ART NO.<\/td>\n<td width=\"284\">SV01<\/td>\n<\/tr>\n<tr>\n<td width=\"284\">MATERIAL<\/td>\n<td width=\"284\">Fibra acr\u00edlica de l\u00e3 ou personalizada<\/td>\n<\/tr>\n<tr>\n<td width=\"284\">TAMANHO<\/td>\n<td width=\"284\">S-XXXL<\/td>\n<\/tr>\n<tr>\n<td width=\"284\">COR<\/td>\n<td width=\"284\">personalizado<\/td>\n<\/tr>\n<tr>\n<td width=\"284\">LOGOTIPO<\/td>\n<td width=\"284\">Suporte a logotipo personalizado<\/td>\n<\/tr>\n<tr>\n<td width=\"284\">MOQ<\/td>\n<td width=\"284\">1000 PCS<\/td>\n<\/tr>\n<\/tbody>\n<\/table>\n<p>A TOPRISE oferece suporte a v\u00e1rios estilos de personaliza\u00e7\u00e3o de su\u00e9teres uniformes; clique para<a href=\"https:\/\/toprisesafety.com\/pt\/categoria-produto\/personal-protective-equipment\/work-wear\/uniform-sweater\/\"> veja mais estilos de su\u00e9teres de uniforme.<\/a><\/p>\n<p>Se voc\u00ea n\u00e3o encontrar o su\u00e9ter do uniforme exigido, <a href=\"https:\/\/toprisesafety.com\/pt\/contact-us\/\">Entre em contato conosco;<\/a> Oferecemos suporte \u00e0 personaliza\u00e7\u00e3o especial.<\/p>","protected":false},"excerpt":{"rendered":"<p>Art No. SV01<\/p>\n<p>Material: l\u00e3, fibra acr\u00edlica ou personalizado<\/p>\n<p>Tamanho: S-XXXL ou personalizado<\/p>\n<p>Cor: personalizada.<\/p>\n<p>MOQ: 1000 PCS<\/p>","protected":false},"featured_media":12412,"template":"","meta":{"_acf_changed":false},"product_brand":[],"product_cat":[396,320,330],"product_tag":[],"class_list":{"0":"post-12407","1":"product","2":"type-product","3":"status-publish","4":"has-post-thumbnail","6":"product_cat-military-sweater","7":"product_cat-personal-protective-equipment","8":"product_cat-work-wear","10":"first","11":"instock","12":"shipping-taxable","13":"product-type-simple"},"acf":[],"_links":{"self":[{"href":"https:\/\/toprisesafety.com\/pt\/wp-json\/wp\/v2\/product\/12407"}],"collection":[{"href":"https:\/\/toprisesafety.com\/pt\/wp-json\/wp\/v2\/product"}],"about":[{"href":"https:\/\/toprisesafety.com\/pt\/wp-json\/wp\/v2\/types\/product"}],"wp:featuredmedia":[{"embeddable":true,"href":"https:\/\/toprisesafety.com\/pt\/wp-json\/wp\/v2\/media\/12412"}],"wp:attachment":[{"href":"https:\/\/toprisesafety.com\/pt\/wp-json\/wp\/v2\/media?parent=12407"}],"wp:term":[{"taxonomy":"product_brand","embeddable":true,"href":"https:\/\/toprisesafety.com\/pt\/wp-json\/wp\/v2\/product_brand?post=12407"},{"taxonomy":"product_cat","embeddable":true,"href":"https:\/\/toprisesafety.com\/pt\/wp-json\/wp\/v2\/product_cat?post=12407"},{"taxonomy":"product_tag","embeddable":true,"href":"https:\/\/toprisesafety.com\/pt\/wp-json\/wp\/v2\/product_tag?post=12407"}],"curies":[{"name":"wp","href":"https:\/\/api.w.org\/{rel}","templated":true}]}}