{"id":12396,"date":"2025-05-13T07:00:49","date_gmt":"2025-05-13T07:00:49","guid":{"rendered":"https:\/\/toprisesafety.com\/?post_type=product&#038;p=12396"},"modified":"2025-05-21T03:18:47","modified_gmt":"2025-05-21T03:18:47","slug":"62-cm-pvc-orange-reflective-safety-cones","status":"publish","type":"product","link":"https:\/\/toprisesafety.com\/pt\/produto\/62-cm-pvc-orange-reflective-safety-cones\/","title":{"rendered":"Cones de seguran\u00e7a refletivos em PVC laranja de 62 cm"},"content":{"rendered":"<h2>Cones de seguran\u00e7a refletivos em PVC laranja de 62 cm<\/h2>\n<p>Os cones de estrada de PVC s\u00e3o produzidos por moldagem por inje\u00e7\u00e3o. O material de PVC macio \u00e9 formado em uma \u00fanica pe\u00e7a, com cores brilhantes, boa maciez, n\u00e3o desbota facilmente, n\u00e3o \u00e9 danificado por carros que passam por cima, tem longa vida \u00fatil e forte resist\u00eancia a intemp\u00e9ries. \u00c9 justamente porque os cones de estrada de PVC t\u00eam caracter\u00edsticas t\u00e3o excelentes que s\u00e3o designados como cones de tr\u00e2nsito para uso seguro em estradas na Europa e nos Estados Unidos.<\/p>\n<p>Cones de tr\u00e2nsito de PVC Caracter\u00edsticas:<\/p>\n<ul>\n<li>Ele tem boa flexibilidade e pode suportar o rolamento de carros e o impacto de objetos duros sem ser danificado.<\/li>\n<li>Ele tem as vantagens de ser resistente \u00e0 exposi\u00e7\u00e3o ao sol, ao vento e \u00e0 chuva, ao calor e ao frio, n\u00e3o rachar e n\u00e3o descolorir.<\/li>\n<li>As cores brancas e vermelhas alternadas chamam a aten\u00e7\u00e3o e podem refletir uma luz ofuscante \u00e0 noite, deixando claro para o motorista em um piscar de olhos.<\/li>\n<\/ul>\n<p>Aplica\u00e7\u00e3o: \u00c9 usado em pistas de cruzamento urbano, manuten\u00e7\u00e3o de vias expressas, hot\u00e9is, \u00e1reas residenciais, instala\u00e7\u00f5es esportivas, \u00e1reas perigosas, se\u00e7\u00f5es de constru\u00e7\u00e3o de estradas, etc.<\/p>\n<table>\n<tbody>\n<tr>\n<td width=\"284\">ART NO.<\/td>\n<td width=\"284\">TCPH62<\/td>\n<\/tr>\n<tr>\n<td width=\"284\">MATERIAL<\/td>\n<td width=\"284\">PVC<\/td>\n<\/tr>\n<tr>\n<td width=\"284\">Altura<\/td>\n<td width=\"284\">62 CM, 66\/68\/70\/90 CM para escolha<\/td>\n<\/tr>\n<tr>\n<td width=\"284\">Tamanho da base<\/td>\n<td width=\"284\">30\u00d730CM<\/td>\n<\/tr>\n<tr>\n<td width=\"284\">Peso<\/td>\n<td width=\"284\">1,15 KG\/PC<\/td>\n<\/tr>\n<tr>\n<td width=\"284\">FITA REFLETIVA<\/td>\n<td width=\"284\">10 + 15 CM<\/td>\n<\/tr>\n<tr>\n<td width=\"284\">MOQ<\/td>\n<td width=\"284\">500 UNIDADES<\/td>\n<\/tr>\n<\/tbody>\n<\/table>\n<figure id=\"attachment_12397\" aria-describedby=\"caption-attachment-12397\" style=\"width: 300px\" class=\"wp-caption alignnone\"><img fetchpriority=\"high\" decoding=\"async\" class=\"size-medium wp-image-12397\" src=\"https:\/\/toprisesafety.com\/wp-content\/uploads\/2025\/05\/orange-pvc-cones-300x300.png\" alt=\"orange pvc cones\" width=\"300\" height=\"300\" srcset=\"https:\/\/toprisesafety.com\/wp-content\/uploads\/2025\/05\/orange-pvc-cones-300x300.png 300w, https:\/\/toprisesafety.com\/wp-content\/uploads\/2025\/05\/orange-pvc-cones-1024x1024.png 1024w, https:\/\/toprisesafety.com\/wp-content\/uploads\/2025\/05\/orange-pvc-cones-150x150.png 150w, https:\/\/toprisesafety.com\/wp-content\/uploads\/2025\/05\/orange-pvc-cones-768x768.png 768w, https:\/\/toprisesafety.com\/wp-content\/uploads\/2025\/05\/orange-pvc-cones-1536x1536.png 1536w, https:\/\/toprisesafety.com\/wp-content\/uploads\/2025\/05\/orange-pvc-cones-2048x2048.png 2048w, https:\/\/toprisesafety.com\/wp-content\/uploads\/2025\/05\/orange-pvc-cones-600x600.png 600w, https:\/\/toprisesafety.com\/wp-content\/uploads\/2025\/05\/orange-pvc-cones-100x100.png 100w\" sizes=\"(max-width: 300px) 100vw, 300px\" \/><figcaption id=\"caption-attachment-12397\" class=\"wp-caption-text\">cones de pvc laranja<\/figcaption><\/figure>\n<p>Tamanhos diferentes de cones de seguran\u00e7a de PVC laranja para escolha:<\/p>\n<table>\n<tbody>\n<tr>\n<td width=\"82\"><strong><b>ART NO.<\/b><\/strong><\/td>\n<td width=\"117\"><strong><b>ALTURA\/CM<\/b><\/strong><\/td>\n<td width=\"141\"><strong><b>TAMANHO DA BASE\/CM<\/b><\/strong><\/td>\n<td width=\"198\"><strong><b>TAMANHO DO REFLETOR \/CM<\/b><\/strong><\/td>\n<td width=\"144\"><strong><b>PESO\/CM<\/b><\/strong><\/td>\n<\/tr>\n<tr>\n<td width=\"82\">TCPH62<\/td>\n<td width=\"117\">62 CM<\/td>\n<td width=\"141\">30 \u00d7 30 CM<\/td>\n<td width=\"198\">10+15 CM<\/td>\n<td width=\"144\">1,15 KGS\/ PC<\/td>\n<\/tr>\n<tr>\n<td width=\"82\">TCPH66<\/td>\n<td width=\"117\">66 CM<\/td>\n<td width=\"141\">30 \u00d7 30 CM<\/td>\n<td width=\"198\">10+15 CM<\/td>\n<td width=\"144\">1,30 KGS\/ PC<\/td>\n<\/tr>\n<tr>\n<td width=\"82\">TCPH68<\/td>\n<td width=\"117\">68 CM<\/td>\n<td width=\"141\">33 \u00d7 33 CM<\/td>\n<td width=\"198\">10+15 CM<\/td>\n<td width=\"144\">1,55 KGS\/ PC<\/td>\n<\/tr>\n<tr>\n<td width=\"82\">TCPH70<\/td>\n<td width=\"117\">70 CM<\/td>\n<td width=\"141\">35 \u00d7 35 CM<\/td>\n<td width=\"198\">10+15 CM<\/td>\n<td width=\"144\">1,70\/ 1,90 KGS\/ PC<\/td>\n<\/tr>\n<tr>\n<td width=\"82\">TCPH90<\/td>\n<td width=\"117\">90 CM<\/td>\n<td width=\"141\">37 \u00d7 37 CM<\/td>\n<td width=\"198\">10+15 CM<\/td>\n<td width=\"144\">3,0 KG\/PC<\/td>\n<\/tr>\n<\/tbody>\n<\/table>\n<p>O TOPRISE oferece suporte a v\u00e1rios estilos de personaliza\u00e7\u00e3o de cones de tr\u00e2nsito; clique para <a href=\"https:\/\/toprisesafety.com\/pt\/categoria-produto\/road-safety-products\/traffic-cone\/\">veja mais estilos de cones de tr\u00e2nsito.<\/a><\/p>\n<p>Se voc\u00ea n\u00e3o encontrar os cones de tr\u00e2nsito necess\u00e1rios, <a href=\"https:\/\/toprisesafety.com\/pt\/contact-us\/\">Entre em contato conosco;<\/a> Oferecemos suporte \u00e0 personaliza\u00e7\u00e3o especial.<\/p>","protected":false},"excerpt":{"rendered":"<p>Cones de seguran\u00e7a refletivos em PVC laranja de 62 cm<\/p>\n<p>N\u00ba do art.: TCPH62<\/p>\n<p>Material: PVC<\/p>\n<p>Altura: 62 cm, 66\/68\/70\/90 cm para escolha<\/p>\n<p>Tamanho da base: 30 \u00d7 30 CM<\/p>\n<p>Peso: 1,15 KGS\/ PC<\/p>\n<p>Tamanho da fita refletiva: 10+15 CM<\/p>\n<p>MOQ: 500 PCS<\/p>","protected":false},"featured_media":12400,"template":"","meta":{"_acf_changed":false},"product_brand":[],"product_cat":[325,395],"product_tag":[],"class_list":{"0":"post-12396","1":"product","2":"type-product","3":"status-publish","4":"has-post-thumbnail","6":"product_cat-road-safety-products","7":"product_cat-traffic-cone","9":"first","10":"instock","11":"shipping-taxable","12":"product-type-simple"},"acf":[],"_links":{"self":[{"href":"https:\/\/toprisesafety.com\/pt\/wp-json\/wp\/v2\/product\/12396"}],"collection":[{"href":"https:\/\/toprisesafety.com\/pt\/wp-json\/wp\/v2\/product"}],"about":[{"href":"https:\/\/toprisesafety.com\/pt\/wp-json\/wp\/v2\/types\/product"}],"wp:featuredmedia":[{"embeddable":true,"href":"https:\/\/toprisesafety.com\/pt\/wp-json\/wp\/v2\/media\/12400"}],"wp:attachment":[{"href":"https:\/\/toprisesafety.com\/pt\/wp-json\/wp\/v2\/media?parent=12396"}],"wp:term":[{"taxonomy":"product_brand","embeddable":true,"href":"https:\/\/toprisesafety.com\/pt\/wp-json\/wp\/v2\/product_brand?post=12396"},{"taxonomy":"product_cat","embeddable":true,"href":"https:\/\/toprisesafety.com\/pt\/wp-json\/wp\/v2\/product_cat?post=12396"},{"taxonomy":"product_tag","embeddable":true,"href":"https:\/\/toprisesafety.com\/pt\/wp-json\/wp\/v2\/product_tag?post=12396"}],"curies":[{"name":"wp","href":"https:\/\/api.w.org\/{rel}","templated":true}]}}