{"id":12390,"date":"2025-05-13T06:32:39","date_gmt":"2025-05-13T06:32:39","guid":{"rendered":"https:\/\/toprisesafety.com\/?post_type=product&#038;p=12390"},"modified":"2025-05-21T03:19:09","modified_gmt":"2025-05-21T03:19:09","slug":"28-inch-70-cm-green-safety-cones","status":"publish","type":"product","link":"https:\/\/toprisesafety.com\/pt\/produto\/28-inch-70-cm-green-safety-cones\/","title":{"rendered":"Cones de seguran\u00e7a verdes de 28 polegadas e 70 cm"},"content":{"rendered":"<h2>Cones de seguran\u00e7a verdes de 28 polegadas e 70 cm<\/h2>\n<p>Os cones de estrada de PVC s\u00e3o produzidos por moldagem por inje\u00e7\u00e3o. O material de PVC macio \u00e9 formado em uma \u00fanica pe\u00e7a, com cores brilhantes, boa maciez, n\u00e3o desbota facilmente, n\u00e3o \u00e9 danificado por carros que passam por cima, tem longa vida \u00fatil e forte resist\u00eancia a intemp\u00e9ries. \u00c9 justamente porque os cones de estrada de PVC t\u00eam caracter\u00edsticas t\u00e3o excelentes que s\u00e3o designados como cones de tr\u00e2nsito para uso seguro em estradas na Europa e nos Estados Unidos.<\/p>\n<p>Cones de tr\u00e2nsito de PVC Caracter\u00edsticas:<\/p>\n<ul>\n<li>Ele tem boa flexibilidade e pode suportar o rolamento de carros e o impacto de objetos duros sem ser danificado.<\/li>\n<li>Ele tem as vantagens de ser resistente \u00e0 exposi\u00e7\u00e3o ao sol, ao vento e \u00e0 chuva, ao calor e ao frio, n\u00e3o rachar e n\u00e3o descolorir.<\/li>\n<li>As cores brancas e vermelhas alternadas chamam a aten\u00e7\u00e3o e podem refletir uma luz ofuscante \u00e0 noite, deixando claro para o motorista em um piscar de olhos.<\/li>\n<\/ul>\n<p>Aplica\u00e7\u00e3o: \u00c9 usado em pistas de cruzamento urbano, manuten\u00e7\u00e3o de vias expressas, hot\u00e9is, \u00e1reas residenciais, instala\u00e7\u00f5es esportivas, \u00e1reas perigosas, se\u00e7\u00f5es de constru\u00e7\u00e3o de estradas, etc.<\/p>\n<div style=\"width: 720px;\" class=\"wp-video\"><!--[if lt IE 9]><script>document.createElement('video');<\/script><![endif]-->\n<video class=\"wp-video-shortcode\" id=\"video-12390-1\" width=\"720\" height=\"1280\" preload=\"metadata\" controls=\"controls\"><source type=\"video\/mp4\" src=\"https:\/\/toprisesafety.com\/wp-content\/uploads\/2025\/05\/70CM-2.3KG-\u8367\u5149\u7effPVC\u8def\u9525.mp4?_=1\" \/><a href=\"https:\/\/toprisesafety.com\/wp-content\/uploads\/2025\/05\/70CM-2.3KG-\u8367\u5149\u7effPVC\u8def\u9525.mp4\">https:\/\/toprisesafety.com\/wp-content\/uploads\/2025\/05\/70CM-2.3KG-\u8367\u5149\u7effPVC\u8def\u9525.mp4<\/a><\/video><\/div>\n<table>\n<tbody>\n<tr>\n<td width=\"284\">ART NO.<\/td>\n<td width=\"284\">TCG70<\/td>\n<\/tr>\n<tr>\n<td width=\"284\">MATERIAL<\/td>\n<td width=\"284\">PVC<\/td>\n<\/tr>\n<tr>\n<td width=\"284\">Altura<\/td>\n<td width=\"284\">70 CM<\/td>\n<\/tr>\n<tr>\n<td width=\"284\">Tamanho da base<\/td>\n<td width=\"284\">36\u00d736\u00a0CM<\/td>\n<\/tr>\n<tr>\n<td width=\"284\">Peso<\/td>\n<td width=\"284\">2.30 KGS\/ PC<\/td>\n<\/tr>\n<tr>\n<td width=\"284\">FITA REFLETIVA<\/td>\n<td width=\"284\">10 +15 CM<\/td>\n<\/tr>\n<tr>\n<td width=\"284\">MOQ<\/td>\n<td width=\"284\">500 UNIDADES<\/td>\n<\/tr>\n<\/tbody>\n<\/table>\n<p>O TOPRISE oferece suporte a v\u00e1rios estilos de personaliza\u00e7\u00e3o de cones de tr\u00e2nsito; clique para <a href=\"https:\/\/toprisesafety.com\/pt\/categoria-produto\/road-safety-products\/traffic-cone\/\">veja mais estilos de cones de tr\u00e2nsito.<\/a><\/p>\n<p>Se voc\u00ea n\u00e3o encontrar os cones de tr\u00e2nsito necess\u00e1rios, <a href=\"https:\/\/toprisesafety.com\/pt\/contact-us\/\">Entre em contato conosco;<\/a> Oferecemos suporte \u00e0 personaliza\u00e7\u00e3o especial.<\/p>","protected":false},"excerpt":{"rendered":"<p>Cones de seguran\u00e7a verdes de 28 polegadas e 70 cm<\/p>\n<p>Art No..:\u00a0TCG70<\/p>\n<p>Material: PVC<\/p>\n<p>Altura: 70 CM<\/p>\n<p>Base size: 36\u00d736\u00a0CM<\/p>\n<p>Weight: 2.30 KGS\/ PC<\/p>\n<p>Reflective tape size: 10 +15 CM<\/p>\n<p>MOQ: 500 PCS<\/p>","protected":false},"featured_media":12392,"template":"","meta":{"_acf_changed":false},"product_brand":[],"product_cat":[325,395],"product_tag":[],"class_list":{"0":"post-12390","1":"product","2":"type-product","3":"status-publish","4":"has-post-thumbnail","6":"product_cat-road-safety-products","7":"product_cat-traffic-cone","9":"first","10":"instock","11":"shipping-taxable","12":"product-type-simple"},"acf":[],"_links":{"self":[{"href":"https:\/\/toprisesafety.com\/pt\/wp-json\/wp\/v2\/product\/12390"}],"collection":[{"href":"https:\/\/toprisesafety.com\/pt\/wp-json\/wp\/v2\/product"}],"about":[{"href":"https:\/\/toprisesafety.com\/pt\/wp-json\/wp\/v2\/types\/product"}],"wp:featuredmedia":[{"embeddable":true,"href":"https:\/\/toprisesafety.com\/pt\/wp-json\/wp\/v2\/media\/12392"}],"wp:attachment":[{"href":"https:\/\/toprisesafety.com\/pt\/wp-json\/wp\/v2\/media?parent=12390"}],"wp:term":[{"taxonomy":"product_brand","embeddable":true,"href":"https:\/\/toprisesafety.com\/pt\/wp-json\/wp\/v2\/product_brand?post=12390"},{"taxonomy":"product_cat","embeddable":true,"href":"https:\/\/toprisesafety.com\/pt\/wp-json\/wp\/v2\/product_cat?post=12390"},{"taxonomy":"product_tag","embeddable":true,"href":"https:\/\/toprisesafety.com\/pt\/wp-json\/wp\/v2\/product_tag?post=12390"}],"curies":[{"name":"wp","href":"https:\/\/api.w.org\/{rel}","templated":true}]}}