{"id":12360,"date":"2025-05-13T03:57:39","date_gmt":"2025-05-13T03:57:39","guid":{"rendered":"https:\/\/toprisesafety.com\/?post_type=product&#038;p=12360"},"modified":"2025-05-21T03:22:24","modified_gmt":"2025-05-21T03:22:24","slug":"30-cm-orange-traffic-cones","status":"publish","type":"product","link":"https:\/\/toprisesafety.com\/pt\/produto\/30-cm-orange-traffic-cones\/","title":{"rendered":"Cones de tr\u00e2nsito laranja 30 CM"},"content":{"rendered":"<h2>Cones de tr\u00e2nsito laranja 30 CM<\/h2>\n<p>Os cones de estrada de PVC s\u00e3o produzidos por moldagem por inje\u00e7\u00e3o. O material de PVC macio \u00e9 formado em uma \u00fanica pe\u00e7a, com cores brilhantes, boa maciez, n\u00e3o desbota facilmente, n\u00e3o \u00e9 danificado por carros que passam por cima, tem longa vida \u00fatil e forte resist\u00eancia a intemp\u00e9ries. \u00c9 justamente porque os cones de estrada de PVC t\u00eam caracter\u00edsticas t\u00e3o excelentes que s\u00e3o designados como cones de tr\u00e2nsito para uso seguro em estradas na Europa e nos Estados Unidos.<\/p>\n<p>Cones de tr\u00e2nsito de PVC Caracter\u00edsticas:<\/p>\n<ul>\n<li>Ele tem boa flexibilidade e pode suportar o rolamento de carros e o impacto de objetos duros sem ser danificado.<\/li>\n<li>Ele tem as vantagens de ser resistente \u00e0 exposi\u00e7\u00e3o ao sol, ao vento e \u00e0 chuva, ao calor e ao frio, n\u00e3o rachar e n\u00e3o descolorir.<\/li>\n<li>As cores brancas e vermelhas alternadas chamam a aten\u00e7\u00e3o e podem refletir uma luz ofuscante \u00e0 noite, deixando claro para o motorista em um piscar de olhos.<\/li>\n<\/ul>\n<p>Aplica\u00e7\u00e3o: \u00c9 usado em pistas de cruzamento urbano, manuten\u00e7\u00e3o de vias expressas, hot\u00e9is, \u00e1reas residenciais, instala\u00e7\u00f5es esportivas, \u00e1reas perigosas, se\u00e7\u00f5es de constru\u00e7\u00e3o de estradas, etc.<\/p>\n<div style=\"width: 720px;\" class=\"wp-video\"><!--[if lt IE 9]><script>document.createElement('video');<\/script><![endif]-->\n<video class=\"wp-video-shortcode\" id=\"video-12360-1\" width=\"720\" height=\"1280\" preload=\"metadata\" controls=\"controls\"><source type=\"video\/mp4\" src=\"https:\/\/toprisesafety.com\/wp-content\/uploads\/2025\/05\/30CM-RED-PVC-CONES.mp4?_=1\" \/><a href=\"https:\/\/toprisesafety.com\/wp-content\/uploads\/2025\/05\/30CM-RED-PVC-CONES.mp4\">https:\/\/toprisesafety.com\/wp-content\/uploads\/2025\/05\/30CM-RED-PVC-CONES.mp4<\/a><\/video><\/div>\n<table>\n<tbody>\n<tr>\n<td width=\"284\">ART NO.<\/td>\n<td width=\"284\">TCP28<\/td>\n<\/tr>\n<tr>\n<td width=\"284\">MATERIAL<\/td>\n<td width=\"284\">PVC<\/td>\n<\/tr>\n<tr>\n<td width=\"284\">Altura<\/td>\n<td width=\"284\">30 CM, 28\/42\/45\/47\/50\/66\/70\/90 CM para escolha<\/td>\n<\/tr>\n<tr>\n<td width=\"284\">Tamanho da base<\/td>\n<td width=\"284\">21\u00d721 CM<\/td>\n<\/tr>\n<tr>\n<td width=\"284\">Peso<\/td>\n<td width=\"284\">0,5 KG\/PC<\/td>\n<\/tr>\n<tr>\n<td width=\"284\">FITA REFLETIVA<\/td>\n<td width=\"284\">10 CM<\/td>\n<\/tr>\n<tr>\n<td width=\"284\">MOQ<\/td>\n<td width=\"284\">500 UNIDADES<\/td>\n<\/tr>\n<\/tbody>\n<\/table>\n<figure id=\"attachment_12358\" aria-describedby=\"caption-attachment-12358\" style=\"width: 300px\" class=\"wp-caption alignnone\"><img decoding=\"async\" class=\"size-medium wp-image-12358\" src=\"https:\/\/toprisesafety.com\/wp-content\/uploads\/2025\/05\/PVC-TRAFFIC-CONES-300x162.png\" alt=\"PVC TRAFFIC CONES\" width=\"300\" height=\"162\" srcset=\"https:\/\/toprisesafety.com\/wp-content\/uploads\/2025\/05\/PVC-TRAFFIC-CONES-300x162.png 300w, https:\/\/toprisesafety.com\/wp-content\/uploads\/2025\/05\/PVC-TRAFFIC-CONES-768x415.png 768w, https:\/\/toprisesafety.com\/wp-content\/uploads\/2025\/05\/PVC-TRAFFIC-CONES-600x325.png 600w, https:\/\/toprisesafety.com\/wp-content\/uploads\/2025\/05\/PVC-TRAFFIC-CONES.png 782w\" sizes=\"(max-width: 300px) 100vw, 300px\" \/><figcaption id=\"caption-attachment-12358\" class=\"wp-caption-text\">CONES DE TR\u00c2NSITO DE PVC<\/figcaption><\/figure>\n<p>Tamanhos diferentes de cones de tr\u00e2nsito em PVC largo para escolha:<\/p>\n<table>\n<tbody>\n<tr>\n<td width=\"82\"><strong><b>ART NO.<\/b><\/strong><\/td>\n<td width=\"117\"><strong><b>ALTURA\/CM<\/b><\/strong><\/td>\n<td width=\"141\"><strong><b>TAMANHO DA BASE\/CM<\/b><\/strong><\/td>\n<td width=\"198\"><strong><b>TAMANHO DO REFLETOR \/CM<\/b><\/strong><\/td>\n<td width=\"136\"><strong><b>PESO\/CM<\/b><\/strong><\/td>\n<\/tr>\n<tr>\n<td width=\"82\">TCP28<\/td>\n<td width=\"117\">28 CM<\/td>\n<td width=\"141\">21\u00d721 CM<\/td>\n<td width=\"198\">10 CM<\/td>\n<td width=\"136\">0,40 KGS<\/td>\n<\/tr>\n<tr>\n<td width=\"82\">TCP30<\/td>\n<td width=\"117\">30 CM<\/td>\n<td width=\"141\">21\u00d721 CM<\/td>\n<td width=\"198\">10 CM<\/td>\n<td width=\"136\">0,50 KGS<\/td>\n<\/tr>\n<tr>\n<td width=\"82\">TCP42<\/td>\n<td width=\"117\">42 CM<\/td>\n<td width=\"141\">27\u00d727 CM<\/td>\n<td width=\"198\">10 CM<\/td>\n<td width=\"136\">0,85 KGS<\/td>\n<\/tr>\n<tr>\n<td width=\"82\">TCP45<\/td>\n<td width=\"117\">45 CM<\/td>\n<td width=\"141\">28\u00d728 CM<\/td>\n<td width=\"198\">10 CM<\/td>\n<td width=\"136\">0,90\/1,1 KGS<\/td>\n<\/tr>\n<tr>\n<td width=\"82\">TCP47<\/td>\n<td width=\"117\">47 CM<\/td>\n<td width=\"141\">30\u00d730 CM<\/td>\n<td width=\"198\">10 + 10 CM<\/td>\n<td width=\"136\">0,90 KGS<\/td>\n<\/tr>\n<tr>\n<td width=\"82\">TCP50<\/td>\n<td width=\"117\">50 CM<\/td>\n<td width=\"141\">28\u00d728 CM<\/td>\n<td width=\"198\">10 + 10 CM<\/td>\n<td width=\"136\">1,10 KGS\/ PC<\/td>\n<\/tr>\n<tr>\n<td width=\"82\">TCP66<\/td>\n<td width=\"117\">66 CM<\/td>\n<td width=\"141\">33 \u00d7 33 CM<\/td>\n<td width=\"198\">10+15 CM<\/td>\n<td width=\"136\">1,55 KGS\/ PC<\/td>\n<\/tr>\n<tr>\n<td width=\"82\">TCP70<\/td>\n<td width=\"117\">70 CM<\/td>\n<td width=\"141\">34 \u00d7 34 CM<\/td>\n<td width=\"198\">10+15 CM<\/td>\n<td width=\"136\">1,80\/2,0\/2,30 KGS\/UNIDADE<\/td>\n<\/tr>\n<tr>\n<td width=\"82\">TCP90<\/td>\n<td width=\"117\">90 CM<\/td>\n<td width=\"141\">37 \u00d7 37 CM<\/td>\n<td width=\"198\">10+15 CM<\/td>\n<td width=\"136\">3,0\/4,5 KGS\/UNIDADE<\/td>\n<\/tr>\n<\/tbody>\n<\/table>\n<p>O TOPRISE oferece suporte a v\u00e1rios estilos de personaliza\u00e7\u00e3o de cones de tr\u00e2nsito; clique para <a href=\"https:\/\/toprisesafety.com\/pt\/categoria-produto\/road-safety-products\/traffic-cone\/\">veja mais estilos de cones de tr\u00e2nsito.<\/a><\/p>\n<p>Se voc\u00ea n\u00e3o encontrar os cones de tr\u00e2nsito necess\u00e1rios, <a href=\"https:\/\/toprisesafety.com\/pt\/contact-us\/\">Entre em contato conosco;<\/a> Oferecemos suporte \u00e0 personaliza\u00e7\u00e3o especial.<\/p>","protected":false},"excerpt":{"rendered":"<p>N\u00ba do art.: TCP30<\/p>\n<p>Material: PVC<\/p>\n<p>Altura: 30 CM<\/p>\n<p>Tamanho da base: 21\u00d721 CM<\/p>\n<p>Peso: 0,50 KGS\/ PC<\/p>\n<p>Tamanho da fita refletiva: 10 CM<\/p>\n<p>MOQ: 500 PCS<\/p>","protected":false},"featured_media":12362,"template":"","meta":{"_acf_changed":false},"product_brand":[],"product_cat":[395,325],"product_tag":[],"class_list":{"0":"post-12360","1":"product","2":"type-product","3":"status-publish","4":"has-post-thumbnail","6":"product_cat-traffic-cone","7":"product_cat-road-safety-products","9":"first","10":"instock","11":"shipping-taxable","12":"product-type-simple"},"acf":[],"_links":{"self":[{"href":"https:\/\/toprisesafety.com\/pt\/wp-json\/wp\/v2\/product\/12360"}],"collection":[{"href":"https:\/\/toprisesafety.com\/pt\/wp-json\/wp\/v2\/product"}],"about":[{"href":"https:\/\/toprisesafety.com\/pt\/wp-json\/wp\/v2\/types\/product"}],"wp:featuredmedia":[{"embeddable":true,"href":"https:\/\/toprisesafety.com\/pt\/wp-json\/wp\/v2\/media\/12362"}],"wp:attachment":[{"href":"https:\/\/toprisesafety.com\/pt\/wp-json\/wp\/v2\/media?parent=12360"}],"wp:term":[{"taxonomy":"product_brand","embeddable":true,"href":"https:\/\/toprisesafety.com\/pt\/wp-json\/wp\/v2\/product_brand?post=12360"},{"taxonomy":"product_cat","embeddable":true,"href":"https:\/\/toprisesafety.com\/pt\/wp-json\/wp\/v2\/product_cat?post=12360"},{"taxonomy":"product_tag","embeddable":true,"href":"https:\/\/toprisesafety.com\/pt\/wp-json\/wp\/v2\/product_tag?post=12360"}],"curies":[{"name":"wp","href":"https:\/\/api.w.org\/{rel}","templated":true}]}}