{"id":12294,"date":"2025-05-10T02:54:37","date_gmt":"2025-05-10T02:54:37","guid":{"rendered":"https:\/\/toprisesafety.com\/?post_type=product&#038;p=12294"},"modified":"2025-05-12T02:42:40","modified_gmt":"2025-05-12T02:42:40","slug":"round-solar-led-warning-light","status":"publish","type":"product","link":"https:\/\/toprisesafety.com\/pt\/produto\/round-solar-led-warning-light\/","title":{"rendered":"Luz de advert\u00eancia solar redonda de LED"},"content":{"rendered":"<p>Luz de advert\u00eancia solar redonda de LED<\/p>\n<p>Luz de advert\u00eancia de LED solar redonda Caracter\u00edsticas:<\/p>\n<ul>\n<li>Alimentado por energia solar: Alimentado por energia solar, ele elimina a necessidade de substitui\u00e7\u00e3o da bateria, o que o torna ecologicamente correto e economiza energia.<\/li>\n<li>Forte magnetismo: O design magn\u00e9tico inferior facilita a fixa\u00e7\u00e3o r\u00e1pida na superf\u00edcie met\u00e1lica, garantindo estabilidade e confiabilidade.<\/li>\n<li>Alto brilho: A luz vermelha intermitente do LED fornece avisos claros \u00e0 noite ou em ambientes de baixa visibilidade.<\/li>\n<li>Design dur\u00e1vel: revestimento resistente, \u00e0 prova d'\u00e1gua e de poeira, adequado para ambientes adversos.<\/li>\n<li>Multiuso: adequado para v\u00e1rios cen\u00e1rios, como orienta\u00e7\u00e3o de tr\u00e1fego e aviso de emerg\u00eancia, aumentando a seguran\u00e7a.<\/li>\n<\/ul>\n<table>\n<tbody>\n<tr>\n<td width=\"426\">ART NO.<\/td>\n<td width=\"426\">WL20<\/td>\n<\/tr>\n<tr>\n<td width=\"426\">TAMANHO<\/td>\n<td width=\"426\">13,2 MM de altura * 100 MM de largura<\/td>\n<\/tr>\n<tr>\n<td width=\"426\">MATERIAL<\/td>\n<td width=\"426\">ABS<\/td>\n<\/tr>\n<tr>\n<td width=\"426\">MODO DE TRABALHO<\/td>\n<td width=\"426\">Flash, flash cont\u00ednuo e sempre ligado podem ser selecionados<\/td>\n<\/tr>\n<tr>\n<td width=\"426\">FONTE LUMINOSA<\/td>\n<td width=\"426\">Di\u00e2metro 5 MM * 6 PCS led<\/td>\n<\/tr>\n<tr>\n<td width=\"426\">Luminesc\u00eancia<\/td>\n<td width=\"426\">10000 MCD<\/td>\n<\/tr>\n<tr>\n<td width=\"426\">BATERIA RECARREG\u00c1VEL<\/td>\n<td width=\"426\">Bateria recarreg\u00e1vel de n\u00edquel-metal-hidreto<\/td>\n<\/tr>\n<tr>\n<td width=\"426\">FREQU\u00caNCIA DE FLASH<\/td>\n<td width=\"426\">60+\/-5% vezes\/minuto, flash cont\u00ednuo - a taxa de flash \u00e9 de 120+\/-5% vezes por minuto<\/td>\n<\/tr>\n<tr>\n<td width=\"426\">PODER<\/td>\n<td width=\"426\">0.3W<\/td>\n<\/tr>\n<tr>\n<td width=\"426\">N\u00cdVEL DE PROTE\u00c7\u00c3O<\/td>\n<td width=\"426\">IP64<\/td>\n<\/tr>\n<tr>\n<td width=\"426\">FAIXA VISUAL<\/td>\n<td width=\"426\">600-800M (\u00e0 noite)<\/td>\n<\/tr>\n<tr>\n<td width=\"426\">INSTRU\u00c7\u00d5ES DE OPERA\u00c7\u00c3O<\/td>\n<td width=\"426\">Ligue o interruptor de energia e entre no modo autom\u00e1tico. Ele piscar\u00e1 automaticamente \u00e0 noite e se desligar\u00e1 automaticamente durante o dia.<\/td>\n<\/tr>\n<tr>\n<td width=\"426\">APLICA\u00c7\u00c3O<\/td>\n<td width=\"426\">Prote\u00e7\u00e3o de seguran\u00e7a, trabalho em canteiros de obras, etc.<\/td>\n<\/tr>\n<tr>\n<td width=\"426\">EMBALAGEM<\/td>\n<td width=\"426\">50 PE\u00c7AS\/CTN, 69*28*55 CM, 16 KGS<\/td>\n<\/tr>\n<\/tbody>\n<\/table>\n<p>O TOPRISE oferece suporte a v\u00e1rios estilos de personaliza\u00e7\u00e3o de l\u00e2mpadas de advert\u00eancia; clique para <a href=\"https:\/\/toprisesafety.com\/pt\/categoria-produto\/road-safety-products\/warning-lamp\/\">veja mais estilos de l\u00e2mpadas de advert\u00eancia.<\/a><\/p>\n<p>Se voc\u00ea n\u00e3o encontrar a l\u00e2mpada de advert\u00eancia necess\u00e1ria,<a href=\"https:\/\/toprisesafety.com\/pt\/contact-us\/\"> Entre em contato conosco;<\/a> Oferecemos suporte \u00e0 personaliza\u00e7\u00e3o especial.<\/p>","protected":false},"excerpt":{"rendered":"<p>N\u00ba do art.: WL20<\/p>\n<p>Cor: transparente\/vermelho\/amarelo<\/p>\n<p>Fonte luminosa: di\u00e2metro 5mm * 6 PCS led , lumin\u00e2ncia: 10000 MCD<\/p>\n<p>Tipo de bateria recarreg\u00e1vel: Bateria recarreg\u00e1vel de n\u00edquel-metal-hidreto<\/p>\n<p>MOQ: 100 PCS<\/p>","protected":false},"featured_media":12298,"template":"","meta":{"_acf_changed":false},"product_brand":[],"product_cat":[325,337],"product_tag":[],"class_list":{"0":"post-12294","1":"product","2":"type-product","3":"status-publish","4":"has-post-thumbnail","6":"product_cat-road-safety-products","7":"product_cat-warning-lamp","9":"first","10":"instock","11":"shipping-taxable","12":"product-type-simple"},"acf":[],"_links":{"self":[{"href":"https:\/\/toprisesafety.com\/pt\/wp-json\/wp\/v2\/product\/12294"}],"collection":[{"href":"https:\/\/toprisesafety.com\/pt\/wp-json\/wp\/v2\/product"}],"about":[{"href":"https:\/\/toprisesafety.com\/pt\/wp-json\/wp\/v2\/types\/product"}],"wp:featuredmedia":[{"embeddable":true,"href":"https:\/\/toprisesafety.com\/pt\/wp-json\/wp\/v2\/media\/12298"}],"wp:attachment":[{"href":"https:\/\/toprisesafety.com\/pt\/wp-json\/wp\/v2\/media?parent=12294"}],"wp:term":[{"taxonomy":"product_brand","embeddable":true,"href":"https:\/\/toprisesafety.com\/pt\/wp-json\/wp\/v2\/product_brand?post=12294"},{"taxonomy":"product_cat","embeddable":true,"href":"https:\/\/toprisesafety.com\/pt\/wp-json\/wp\/v2\/product_cat?post=12294"},{"taxonomy":"product_tag","embeddable":true,"href":"https:\/\/toprisesafety.com\/pt\/wp-json\/wp\/v2\/product_tag?post=12294"}],"curies":[{"name":"wp","href":"https:\/\/api.w.org\/{rel}","templated":true}]}}