{"id":12288,"date":"2025-05-10T02:44:26","date_gmt":"2025-05-10T02:44:26","guid":{"rendered":"https:\/\/toprisesafety.com\/?post_type=product&#038;p=12288"},"modified":"2025-05-12T02:45:18","modified_gmt":"2025-05-12T02:45:18","slug":"traffic-safety-signal-led-road-control-warning-baton","status":"publish","type":"product","link":"https:\/\/toprisesafety.com\/pt\/produto\/traffic-safety-signal-led-road-control-warning-baton\/","title":{"rendered":"Sinal de seguran\u00e7a no tr\u00e2nsito, bast\u00e3o de aviso de controle rodovi\u00e1rio de LED"},"content":{"rendered":"<h1>Sinal de seguran\u00e7a no tr\u00e2nsito, bast\u00e3o de aviso de controle rodovi\u00e1rio de LED<\/h1>\n<p>Sinal de seguran\u00e7a de tr\u00e1fego LED Road Control Warning Baton Caracter\u00edsticas:<\/p>\n<ul>\n<li>Tubo externo de PVC, resistente a impactos<\/li>\n<li>Seis contas de LED de alto brilho<\/li>\n<li>Ele \u00e9 equipado com um sling para facilitar o transporte.<\/li>\n<li>O design humanizado da caixa de bateria significa que voc\u00ea n\u00e3o precisa se preocupar com a falta de energia ao sair de casa.<\/li>\n<\/ul>\n<table>\n<tbody>\n<tr>\n<td width=\"426\">ART NO.<\/td>\n<td width=\"426\">WL18<\/td>\n<\/tr>\n<tr>\n<td width=\"426\">TAMANHO<\/td>\n<td width=\"426\">54 cm de comprimento, 4 cm de di\u00e2metro<\/td>\n<\/tr>\n<tr>\n<td width=\"426\">MATERIAL<\/td>\n<td width=\"426\">PC+ABS<\/td>\n<\/tr>\n<tr>\n<td width=\"426\">MODO DE TRABALHO<\/td>\n<td width=\"426\">Brilhante, constantemente ligado, pr\u00f3ximo<\/td>\n<\/tr>\n<tr>\n<td width=\"426\">BATERIA<\/td>\n<td width=\"426\">Duas baterias D<\/td>\n<\/tr>\n<tr>\n<td width=\"426\">LED<\/td>\n<td width=\"426\">Di\u00e2metro de 5 mm, 6 PCS de led<\/td>\n<\/tr>\n<tr>\n<td width=\"426\">COR<\/td>\n<td width=\"426\">VermelhoAmarelo\/Azul\/Verde<\/td>\n<\/tr>\n<tr>\n<td width=\"426\">FREQU\u00caNCIA DE FLASH<\/td>\n<td width=\"426\">4 Hz<\/td>\n<\/tr>\n<tr>\n<td width=\"426\">APLICA\u00c7\u00c3O<\/td>\n<td width=\"426\">Prote\u00e7\u00e3o de seguran\u00e7a, comando de tr\u00e1fego, etc.<\/td>\n<\/tr>\n<\/tbody>\n<\/table>\n<p>O TOPRISE oferece suporte a v\u00e1rios estilos de personaliza\u00e7\u00e3o de l\u00e2mpadas de advert\u00eancia; clique para <a href=\"https:\/\/toprisesafety.com\/pt\/categoria-produto\/road-safety-products\/warning-lamp\/\">veja mais estilos de l\u00e2mpadas de advert\u00eancia.<\/a><\/p>\n<p>Se voc\u00ea n\u00e3o encontrar a l\u00e2mpada de advert\u00eancia necess\u00e1ria,<a href=\"https:\/\/toprisesafety.com\/pt\/contact-us\/\"> Entre em contato conosco;<\/a> Oferecemos suporte \u00e0 personaliza\u00e7\u00e3o especial.<\/p>","protected":false},"excerpt":{"rendered":"<p>N\u00ba do art.: WL18<\/p>\n<p>Cor: vermelho\/amarelo\/azul\/verde<\/p>\n<p>Tamanho: 54 cm de comprimento, 4 cm de di\u00e2metro<\/p>\n<p>Material: PC+ABS<\/p>\n<p>Bateria: Duas baterias D<\/p>\n<p>MOQ: 500 PCS<\/p>","protected":false},"featured_media":12289,"template":"","meta":{"_acf_changed":false},"product_brand":[],"product_cat":[325,337],"product_tag":[],"class_list":{"0":"post-12288","1":"product","2":"type-product","3":"status-publish","4":"has-post-thumbnail","6":"product_cat-road-safety-products","7":"product_cat-warning-lamp","9":"first","10":"instock","11":"shipping-taxable","12":"product-type-simple"},"acf":[],"_links":{"self":[{"href":"https:\/\/toprisesafety.com\/pt\/wp-json\/wp\/v2\/product\/12288"}],"collection":[{"href":"https:\/\/toprisesafety.com\/pt\/wp-json\/wp\/v2\/product"}],"about":[{"href":"https:\/\/toprisesafety.com\/pt\/wp-json\/wp\/v2\/types\/product"}],"wp:featuredmedia":[{"embeddable":true,"href":"https:\/\/toprisesafety.com\/pt\/wp-json\/wp\/v2\/media\/12289"}],"wp:attachment":[{"href":"https:\/\/toprisesafety.com\/pt\/wp-json\/wp\/v2\/media?parent=12288"}],"wp:term":[{"taxonomy":"product_brand","embeddable":true,"href":"https:\/\/toprisesafety.com\/pt\/wp-json\/wp\/v2\/product_brand?post=12288"},{"taxonomy":"product_cat","embeddable":true,"href":"https:\/\/toprisesafety.com\/pt\/wp-json\/wp\/v2\/product_cat?post=12288"},{"taxonomy":"product_tag","embeddable":true,"href":"https:\/\/toprisesafety.com\/pt\/wp-json\/wp\/v2\/product_tag?post=12288"}],"curies":[{"name":"wp","href":"https:\/\/api.w.org\/{rel}","templated":true}]}}