{"id":12284,"date":"2025-05-10T02:39:14","date_gmt":"2025-05-10T02:39:14","guid":{"rendered":"https:\/\/toprisesafety.com\/?post_type=product&#038;p=12284"},"modified":"2025-05-12T02:55:36","modified_gmt":"2025-05-12T02:55:36","slug":"led-solar-strobe-warning-light","status":"publish","type":"product","link":"https:\/\/toprisesafety.com\/pt\/produto\/led-solar-strobe-warning-light\/","title":{"rendered":"Luz de advert\u00eancia solar estrobosc\u00f3pica de LED"},"content":{"rendered":"<h1>Luz de advert\u00eancia solar estrobosc\u00f3pica de LED<\/h1>\n<p>Luz de advert\u00eancia estrobosc\u00f3pica solar de LED Caracter\u00edsticas:<\/p>\n<ul>\n<li>Alta visibilidade: As luzes vermelhas intermitentes aumentam significativamente a visibilidade \u00e0 noite ou em ambientes de baixa visibilidade.<\/li>\n<li>Robusto e dur\u00e1vel: Equipado com uma carca\u00e7a de alta resist\u00eancia, ele \u00e9 resistente a impactos e \u00e0 prova d'\u00e1gua, adequado para todos os tipos de ambientes adversos.<\/li>\n<li>Conserva\u00e7\u00e3o de energia e prote\u00e7\u00e3o ambiental: Equipado com uma fun\u00e7\u00e3o de carregamento solar, ele reduz o consumo de energia e \u00e9 ecologicamente correto e economiza energia.<\/li>\n<li>F\u00e1cil instala\u00e7\u00e3o: Equipado com acess\u00f3rios ajust\u00e1veis, \u00e9 f\u00e1cil de fixar em v\u00e1rias superf\u00edcies e \u00e9 conveniente para a instala\u00e7\u00e3o.<\/li>\n<li>Ampla aplica\u00e7\u00e3o: Aplic\u00e1vel a v\u00e1rios cen\u00e1rios, como orienta\u00e7\u00e3o de tr\u00e1fego, sinais de emerg\u00eancia e avisos de perigo.<\/li>\n<\/ul>\n<table>\n<tbody>\n<tr>\n<td width=\"426\">ART NO.<\/td>\n<td width=\"426\">WL17<\/td>\n<\/tr>\n<tr>\n<td width=\"426\">TAMANHO<\/td>\n<td width=\"426\">Parte superior 7,3 CM + parte inferior 7,3 CM , 18,5 cm de altura<\/td>\n<\/tr>\n<tr>\n<td width=\"426\">CONTROLE<\/td>\n<td width=\"426\">Controle de luz + interruptor<\/td>\n<\/tr>\n<tr>\n<td width=\"426\">PAINEL SOLAR<\/td>\n<td width=\"426\">Sil\u00edcio de cristal \u00fanico 0,3W 4V 90MA<\/td>\n<\/tr>\n<tr>\n<td width=\"426\">FREQU\u00caNCIA DE FLASH<\/td>\n<td width=\"426\">55 vezes por minuto<\/td>\n<\/tr>\n<tr>\n<td width=\"426\">TEMPO DE CARREGAMENTO<\/td>\n<td width=\"426\">Ficar exposto ao sol o dia todo durante o dia<\/td>\n<\/tr>\n<tr>\n<td width=\"426\">HOR\u00c1RIO DE TRABALHO<\/td>\n<td width=\"426\">Ele pode funcionar continuamente por 3 a 4 dias em dias chuvosos<\/td>\n<\/tr>\n<tr>\n<td width=\"426\">APLICA\u00c7\u00c3O<\/td>\n<td width=\"426\">Prote\u00e7\u00e3o de seguran\u00e7a, trabalho em canteiros de obras, etc.<\/td>\n<\/tr>\n<\/tbody>\n<\/table>\n<p>O TOPRISE oferece suporte a v\u00e1rios estilos de personaliza\u00e7\u00e3o de l\u00e2mpadas de advert\u00eancia; clique para <a href=\"https:\/\/toprisesafety.com\/pt\/categoria-produto\/road-safety-products\/warning-lamp\/\">veja mais estilos de l\u00e2mpadas de advert\u00eancia.<\/a><\/p>\n<p>Se voc\u00ea n\u00e3o encontrar a l\u00e2mpada de advert\u00eancia necess\u00e1ria,<a href=\"https:\/\/toprisesafety.com\/pt\/contact-us\/\"> Entre em contato conosco;<\/a> Oferecemos suporte \u00e0 personaliza\u00e7\u00e3o especial.<\/p>","protected":false},"excerpt":{"rendered":"<p>N\u00ba do art.: WL17<\/p>\n<p>Cor: vermelho<\/p>\n<p>Controle: Controle de luz + interruptor<\/p>\n<p>Painel solar: Sil\u00edcio de cristal \u00fanico 0,3W 4V 90MA<\/p>\n<p>Bateria: Bateria de n\u00edquel-metal-hidreto 14500<\/p>\n<p>MOQ: 300 PCS<\/p>","protected":false},"featured_media":12285,"template":"","meta":{"_acf_changed":false},"product_brand":[],"product_cat":[325,337],"product_tag":[],"class_list":{"0":"post-12284","1":"product","2":"type-product","3":"status-publish","4":"has-post-thumbnail","6":"product_cat-road-safety-products","7":"product_cat-warning-lamp","9":"first","10":"instock","11":"shipping-taxable","12":"product-type-simple"},"acf":[],"_links":{"self":[{"href":"https:\/\/toprisesafety.com\/pt\/wp-json\/wp\/v2\/product\/12284"}],"collection":[{"href":"https:\/\/toprisesafety.com\/pt\/wp-json\/wp\/v2\/product"}],"about":[{"href":"https:\/\/toprisesafety.com\/pt\/wp-json\/wp\/v2\/types\/product"}],"wp:featuredmedia":[{"embeddable":true,"href":"https:\/\/toprisesafety.com\/pt\/wp-json\/wp\/v2\/media\/12285"}],"wp:attachment":[{"href":"https:\/\/toprisesafety.com\/pt\/wp-json\/wp\/v2\/media?parent=12284"}],"wp:term":[{"taxonomy":"product_brand","embeddable":true,"href":"https:\/\/toprisesafety.com\/pt\/wp-json\/wp\/v2\/product_brand?post=12284"},{"taxonomy":"product_cat","embeddable":true,"href":"https:\/\/toprisesafety.com\/pt\/wp-json\/wp\/v2\/product_cat?post=12284"},{"taxonomy":"product_tag","embeddable":true,"href":"https:\/\/toprisesafety.com\/pt\/wp-json\/wp\/v2\/product_tag?post=12284"}],"curies":[{"name":"wp","href":"https:\/\/api.w.org\/{rel}","templated":true}]}}