{"id":12257,"date":"2025-05-10T01:59:38","date_gmt":"2025-05-10T01:59:38","guid":{"rendered":"https:\/\/toprisesafety.com\/?post_type=product&#038;p=12257"},"modified":"2025-05-12T03:04:02","modified_gmt":"2025-05-12T03:04:02","slug":"traffic-flashing-solar-warning-lamp","status":"publish","type":"product","link":"https:\/\/toprisesafety.com\/pt\/produto\/traffic-flashing-solar-warning-lamp\/","title":{"rendered":"L\u00e2mpada de advert\u00eancia solar intermitente para tr\u00e1fego"},"content":{"rendered":"<h1>L\u00e2mpada de advert\u00eancia solar intermitente para tr\u00e1fego<\/h1>\n<p>L\u00e2mpada de advert\u00eancia solar intermitente para tr\u00e2nsito Caracter\u00edsticas:<\/p>\n<ul>\n<li>Interruptor embutido: 1. O modo de flash \u00e9 desligado automaticamente durante o dia e pisca \u00e0 noite. 2. Mude para o modo desligado e corte a fonte de alimenta\u00e7\u00e3o.<\/li>\n<li>Ganchos de pl\u00e1stico de alta resist\u00eancia: f\u00e1ceis de fixar e \u00e0 prova de roubo. A luva do cone de estrada pode ser convenientemente fixada no cone de estrada.<\/li>\n<li>Ampla gama de aplica\u00e7\u00f5es: usado para seguran\u00e7a no tr\u00e2nsito, constru\u00e7\u00e3o de estradas e fun\u00e7\u00f5es de alerta.<\/li>\n<li>A cor, o n\u00famero de LEDs e o modo de funcionamento podem ser personalizados de acordo com as necessidades do cliente.<\/li>\n<\/ul>\n<table>\n<tbody>\n<tr>\n<td width=\"426\">ART NO.<\/td>\n<td width=\"426\">WL10<\/td>\n<\/tr>\n<tr>\n<td width=\"426\">TAMANHO<\/td>\n<td width=\"426\">34 cm de altura * 18,5 cm de di\u00e2metro<\/td>\n<\/tr>\n<tr>\n<td width=\"426\">MATERIAL<\/td>\n<td width=\"426\">PC<\/td>\n<\/tr>\n<tr>\n<td width=\"426\">MODO DE TRABALHO<\/td>\n<td width=\"426\">Brilhante ou constantemente ligado<\/td>\n<\/tr>\n<tr>\n<td width=\"426\">FONTE LUMINOSA<\/td>\n<td width=\"426\">Di\u00e2metro 5 MM * 6 PCS led<\/td>\n<\/tr>\n<tr>\n<td width=\"426\">Luminesc\u00eancia<\/td>\n<td width=\"426\">10000 MCD<\/td>\n<\/tr>\n<tr>\n<td width=\"426\">BATERIA RECARREG\u00c1VEL<\/td>\n<td width=\"426\">Bateria recarreg\u00e1vel de n\u00edquel-metal-hidreto<\/td>\n<\/tr>\n<tr>\n<td width=\"426\">PODER<\/td>\n<td width=\"426\">0.3W<\/td>\n<\/tr>\n<tr>\n<td width=\"426\">N\u00cdVEL DE PROTE\u00c7\u00c3O<\/td>\n<td width=\"426\">IP64<\/td>\n<\/tr>\n<tr>\n<td width=\"426\">FAIXA VISUAL<\/td>\n<td width=\"426\">650-700M (\u00e0 noite)<\/td>\n<\/tr>\n<tr>\n<td width=\"426\">INSTRU\u00c7\u00d5ES DE OPERA\u00c7\u00c3O<\/td>\n<td width=\"426\">Modo de flash: Desliga automaticamente durante o dia e pisca automaticamente \u00e0 noite. Desligue o equipamento e corte a fonte de alimenta\u00e7\u00e3o.<\/td>\n<\/tr>\n<tr>\n<td width=\"426\">APLICA\u00c7\u00c3O<\/td>\n<td width=\"426\">Prote\u00e7\u00e3o de seguran\u00e7a, trabalho em canteiros de obras, etc.<\/td>\n<\/tr>\n<tr>\n<td width=\"426\">EMBALAGEM<\/td>\n<td width=\"426\">12 P\u00c7S\/CTN, 48*34*37 CM, 8 KGS<\/td>\n<\/tr>\n<\/tbody>\n<\/table>\n<p>O TOPRISE oferece suporte a v\u00e1rios estilos de personaliza\u00e7\u00e3o de l\u00e2mpadas de advert\u00eancia; clique para <a href=\"https:\/\/toprisesafety.com\/pt\/categoria-produto\/road-safety-products\/warning-lamp\/\">veja mais estilos de l\u00e2mpadas de advert\u00eancia.<\/a><\/p>\n<p>Se voc\u00ea n\u00e3o encontrar a l\u00e2mpada de advert\u00eancia necess\u00e1ria,<a href=\"https:\/\/toprisesafety.com\/pt\/contact-us\/\"> Entre em contato conosco;<\/a> Oferecemos suporte \u00e0 personaliza\u00e7\u00e3o especial.<\/p>","protected":false},"excerpt":{"rendered":"<p>Art No.: WL10<\/p>\n<p>Cor: vermelho\/laranja<\/p>\n<p>Size : 34 CM height * 18.5 CM diameter<\/p>\n<p>Tipo de bateria recarreg\u00e1vel: Bateria recarreg\u00e1vel de n\u00edquel-metal-hidreto<\/p>\n<p>MOQ: 100 PCS<\/p>","protected":false},"featured_media":12258,"template":"","meta":{"_acf_changed":false},"product_brand":[],"product_cat":[325,337],"product_tag":[],"class_list":{"0":"post-12257","1":"product","2":"type-product","3":"status-publish","4":"has-post-thumbnail","6":"product_cat-road-safety-products","7":"product_cat-warning-lamp","9":"first","10":"instock","11":"shipping-taxable","12":"product-type-simple"},"acf":[],"_links":{"self":[{"href":"https:\/\/toprisesafety.com\/pt\/wp-json\/wp\/v2\/product\/12257","targetHints":{"allow":["GET"]}}],"collection":[{"href":"https:\/\/toprisesafety.com\/pt\/wp-json\/wp\/v2\/product"}],"about":[{"href":"https:\/\/toprisesafety.com\/pt\/wp-json\/wp\/v2\/types\/product"}],"wp:featuredmedia":[{"embeddable":true,"href":"https:\/\/toprisesafety.com\/pt\/wp-json\/wp\/v2\/media\/12258"}],"wp:attachment":[{"href":"https:\/\/toprisesafety.com\/pt\/wp-json\/wp\/v2\/media?parent=12257"}],"wp:term":[{"taxonomy":"product_brand","embeddable":true,"href":"https:\/\/toprisesafety.com\/pt\/wp-json\/wp\/v2\/product_brand?post=12257"},{"taxonomy":"product_cat","embeddable":true,"href":"https:\/\/toprisesafety.com\/pt\/wp-json\/wp\/v2\/product_cat?post=12257"},{"taxonomy":"product_tag","embeddable":true,"href":"https:\/\/toprisesafety.com\/pt\/wp-json\/wp\/v2\/product_tag?post=12257"}],"curies":[{"name":"wp","href":"https:\/\/api.w.org\/{rel}","templated":true}]}}