{"id":12255,"date":"2025-05-10T01:54:45","date_gmt":"2025-05-10T01:54:45","guid":{"rendered":"https:\/\/toprisesafety.com\/?post_type=product&#038;p=12255"},"modified":"2025-05-12T03:04:24","modified_gmt":"2025-05-12T03:04:24","slug":"solar-road-construction-traffic-warning-light","status":"publish","type":"product","link":"https:\/\/toprisesafety.com\/pt\/produto\/solar-road-construction-traffic-warning-light\/","title":{"rendered":"Luz solar de advert\u00eancia de tr\u00e1fego para constru\u00e7\u00e3o de estradas"},"content":{"rendered":"<h1>Luz solar de advert\u00eancia de tr\u00e1fego para constru\u00e7\u00e3o de estradas<\/h1>\n<p>Luz solar de advert\u00eancia de tr\u00e1fego para constru\u00e7\u00e3o de estradas Caracter\u00edsticas:<\/p>\n<ul>\n<li>Movido a energia solar: Utilizando energia solar, ele \u00e9 ecologicamente correto e economiza energia, e n\u00e3o \u00e9 necess\u00e1rio substituir a bateria.<\/li>\n<li>Materiais dur\u00e1veis: Feito de pl\u00e1stico dur\u00e1vel e estruturas met\u00e1licas, ele pode se adaptar a v\u00e1rios ambientes.<\/li>\n<li>Alta visibilidade: alto brilho, que pode melhorar significativamente a visibilidade em ambientes com pouca luz.<\/li>\n<li>Personaliza\u00e7\u00e3o do LOGOTIPO: Suporta a personaliza\u00e7\u00e3o de LOGOTIPO personalizado, adequado para promo\u00e7\u00e3o corporativa.<\/li>\n<li>Personaliza\u00e7\u00e3o de embalagens: Oferecemos op\u00e7\u00f5es de embalagens personalizadas para atender \u00e0s diversas demandas do mercado.<\/li>\n<\/ul>\n<table>\n<tbody>\n<tr>\n<td width=\"426\">ART NO.<\/td>\n<td width=\"426\">WL05<\/td>\n<\/tr>\n<tr>\n<td width=\"426\">TAMANHO<\/td>\n<td width=\"426\">23 cm de comprimento * 18 cm de largura<\/td>\n<\/tr>\n<tr>\n<td width=\"426\">MATERIAL<\/td>\n<td width=\"426\">A lente \u00e9 de PS e a base \u00e9 de ABS<\/td>\n<\/tr>\n<tr>\n<td width=\"426\">MODO DE TRABALHO<\/td>\n<td width=\"426\">Brilhante ou sempre ligado<\/td>\n<\/tr>\n<tr>\n<td width=\"426\">FONTE LUMINOSA<\/td>\n<td width=\"426\">Di\u00e2metro 5 MM * 6 PCS led<\/td>\n<\/tr>\n<tr>\n<td width=\"426\">Luminesc\u00eancia<\/td>\n<td width=\"426\">10000 MCD<\/td>\n<\/tr>\n<tr>\n<td width=\"426\">BATERIA RECARREG\u00c1VEL<\/td>\n<td width=\"426\">Bateria recarreg\u00e1vel de n\u00edquel-metal-hidreto<\/td>\n<\/tr>\n<tr>\n<td width=\"426\">FREQU\u00caNCIA DE FLASH<\/td>\n<td width=\"426\">60+\/-5% vezes\/minuto<\/td>\n<\/tr>\n<tr>\n<td width=\"426\">PODER<\/td>\n<td width=\"426\">0.3W<\/td>\n<\/tr>\n<tr>\n<td width=\"426\">N\u00cdVEL DE PROTE\u00c7\u00c3O<\/td>\n<td width=\"426\">IP64<\/td>\n<\/tr>\n<tr>\n<td width=\"426\">FAIXA VISUAL<\/td>\n<td width=\"426\">400-600M (\u00e0 noite)<\/td>\n<\/tr>\n<tr>\n<td width=\"426\">INSTRU\u00c7\u00d5ES DE OPERA\u00c7\u00c3O<\/td>\n<td width=\"426\">Ligue o interruptor de energia: Entre no modo de detec\u00e7\u00e3o de controle de luz. Ele se desligar\u00e1 automaticamente durante o dia e piscar\u00e1 \u00e0 noite<\/td>\n<\/tr>\n<tr>\n<td width=\"426\">APLICA\u00c7\u00c3O<\/td>\n<td width=\"426\">Prote\u00e7\u00e3o de seguran\u00e7a, trabalho em canteiros de obras, etc.<\/td>\n<\/tr>\n<tr>\n<td width=\"426\">EMBALAGEM<\/td>\n<td width=\"426\">30 UNIDADES\/CTN, 56,5*32,5*29 CM<\/td>\n<\/tr>\n<\/tbody>\n<\/table>\n<p>O TOPRISE oferece suporte a v\u00e1rios estilos de personaliza\u00e7\u00e3o de l\u00e2mpadas de advert\u00eancia; clique para <a href=\"https:\/\/toprisesafety.com\/pt\/categoria-produto\/road-safety-products\/warning-lamp\/\">veja mais estilos de l\u00e2mpadas de advert\u00eancia.<\/a><\/p>\n<p>Se voc\u00ea n\u00e3o encontrar a l\u00e2mpada de advert\u00eancia necess\u00e1ria,<a href=\"https:\/\/toprisesafety.com\/pt\/contact-us\/\"> Entre em contato conosco;<\/a> Oferecemos suporte \u00e0 personaliza\u00e7\u00e3o especial.<\/p>","protected":false},"excerpt":{"rendered":"<p>N\u00ba do art.: WL09<\/p>\n<p>Cor: vermelho<\/p>\n<p>Fonte luminosa: di\u00e2metro 5mm * 6 PCS led , lumin\u00e2ncia: 10000 MCD<\/p>\n<p>Tipo de bateria recarreg\u00e1vel: Bateria recarreg\u00e1vel de n\u00edquel-metal-hidreto<\/p>\n<p>MOQ: 100 PCS<\/p>","protected":false},"featured_media":12256,"template":"","meta":{"_acf_changed":false},"product_brand":[],"product_cat":[325,337],"product_tag":[],"class_list":{"0":"post-12255","1":"product","2":"type-product","3":"status-publish","4":"has-post-thumbnail","6":"product_cat-road-safety-products","7":"product_cat-warning-lamp","9":"first","10":"instock","11":"shipping-taxable","12":"product-type-simple"},"acf":[],"_links":{"self":[{"href":"https:\/\/toprisesafety.com\/pt\/wp-json\/wp\/v2\/product\/12255"}],"collection":[{"href":"https:\/\/toprisesafety.com\/pt\/wp-json\/wp\/v2\/product"}],"about":[{"href":"https:\/\/toprisesafety.com\/pt\/wp-json\/wp\/v2\/types\/product"}],"wp:featuredmedia":[{"embeddable":true,"href":"https:\/\/toprisesafety.com\/pt\/wp-json\/wp\/v2\/media\/12256"}],"wp:attachment":[{"href":"https:\/\/toprisesafety.com\/pt\/wp-json\/wp\/v2\/media?parent=12255"}],"wp:term":[{"taxonomy":"product_brand","embeddable":true,"href":"https:\/\/toprisesafety.com\/pt\/wp-json\/wp\/v2\/product_brand?post=12255"},{"taxonomy":"product_cat","embeddable":true,"href":"https:\/\/toprisesafety.com\/pt\/wp-json\/wp\/v2\/product_cat?post=12255"},{"taxonomy":"product_tag","embeddable":true,"href":"https:\/\/toprisesafety.com\/pt\/wp-json\/wp\/v2\/product_tag?post=12255"}],"curies":[{"name":"wp","href":"https:\/\/api.w.org\/{rel}","templated":true}]}}