{"id":12244,"date":"2025-05-10T01:42:08","date_gmt":"2025-05-10T01:42:08","guid":{"rendered":"https:\/\/toprisesafety.com\/?post_type=product&#038;p=12244"},"modified":"2025-05-12T03:05:44","modified_gmt":"2025-05-12T03:05:44","slug":"solar-energy-led-beacon-light","status":"publish","type":"product","link":"https:\/\/toprisesafety.com\/pt\/produto\/solar-energy-led-beacon-light\/","title":{"rendered":"Luz de farol de LED com energia solar"},"content":{"rendered":"<h1>Luz de farol de LED com energia solar<\/h1>\n<p>Luz de farol de LED com energia solar Caracter\u00edsticas:<\/p>\n<ul>\n<li>Fonte de energia solar: Equipado com pain\u00e9is solares, que economizam energia e s\u00e3o ecologicamente corretos.<\/li>\n<li>Alta visibilidade: O design da concha em vermelho e laranja proporciona uma visibilidade extremamente alta.<\/li>\n<li>Alta durabilidade: Adota um inv\u00f3lucro de pl\u00e1stico de alta qualidade, que \u00e9 resistente \u00e0 press\u00e3o e a choques, e pode se adaptar a v\u00e1rios ambientes.<\/li>\n<li>\u00c0 prova d'\u00e1gua e de poeira: Ele tem excelentes fun\u00e7\u00f5es \u00e0 prova d'\u00e1gua e de poeira e \u00e9 adequado para uso em ambientes externos.<\/li>\n<li>Efeito de advert\u00eancia intermitente: alto brilho, a fun\u00e7\u00e3o intermitente aumenta efetivamente o efeito de advert\u00eancia.<\/li>\n<li>F\u00e1cil de instalar: O projeto estrutural \u00e9 simples e adapt\u00e1vel a v\u00e1rios requisitos de instala\u00e7\u00e3o.<\/li>\n<\/ul>\n<table>\n<tbody>\n<tr>\n<td width=\"426\">ART NO.<\/td>\n<td width=\"426\">WL07<\/td>\n<\/tr>\n<tr>\n<td width=\"426\">TAMANHO<\/td>\n<td width=\"426\">22,5 cm de comprimento * 17,5 cm de largura<\/td>\n<\/tr>\n<tr>\n<td width=\"426\">MATERIAL<\/td>\n<td width=\"426\">PC<\/td>\n<\/tr>\n<tr>\n<td width=\"426\">MODO DE TRABALHO<\/td>\n<td width=\"426\">Girar ou piscar<\/td>\n<\/tr>\n<tr>\n<td width=\"426\">FONTE LUMINOSA<\/td>\n<td width=\"426\">Di\u00e2metro 5 MM * 20 PCS led<\/td>\n<\/tr>\n<tr>\n<td width=\"426\">Luminesc\u00eancia<\/td>\n<td width=\"426\">10000 MCD<\/td>\n<\/tr>\n<tr>\n<td width=\"426\">BATERIA RECARREG\u00c1VEL<\/td>\n<td width=\"426\">Bateria recarreg\u00e1vel de n\u00edquel-metal-hidreto; pode funcionar continuamente por mais de 20 horas quando totalmente carregada<\/td>\n<\/tr>\n<tr>\n<td width=\"426\">PODER<\/td>\n<td width=\"426\">0.3W<\/td>\n<\/tr>\n<tr>\n<td width=\"426\">N\u00cdVEL DE PROTE\u00c7\u00c3O<\/td>\n<td width=\"426\">IP64<\/td>\n<\/tr>\n<tr>\n<td width=\"426\">FAIXA VISUAL<\/td>\n<td width=\"426\">400-600M (\u00e0 noite)<\/td>\n<\/tr>\n<tr>\n<td width=\"426\">INSTRU\u00c7\u00d5ES DE OPERA\u00c7\u00c3O<\/td>\n<td width=\"426\">O modo de flash \u00e9 desligado automaticamente durante o dia e pisca automaticamente \u00e0 noite. Desligue o equipamento e corte a fonte de alimenta\u00e7\u00e3o. \u00cdm\u00e3 de ferro de alta resist\u00eancia opcional: pode ser fixado em utens\u00edlios de ferro.<\/td>\n<\/tr>\n<tr>\n<td width=\"426\">APLICA\u00c7\u00c3O<\/td>\n<td width=\"426\">Prote\u00e7\u00e3o de seguran\u00e7a, trabalho em canteiros de obras, etc.<\/td>\n<\/tr>\n<tr>\n<td width=\"426\">EMBALAGEM<\/td>\n<td width=\"426\">30 UNIDADES\/CTN, 56,5*32,5*29 CM<\/td>\n<\/tr>\n<\/tbody>\n<\/table>\n<p>O TOPRISE oferece suporte a v\u00e1rios estilos de personaliza\u00e7\u00e3o de l\u00e2mpadas de advert\u00eancia; clique para <a href=\"https:\/\/toprisesafety.com\/pt\/categoria-produto\/road-safety-products\/warning-lamp\/\">veja mais estilos de l\u00e2mpadas de advert\u00eancia.<\/a><\/p>\n<p>Se voc\u00ea n\u00e3o encontrar a l\u00e2mpada de advert\u00eancia necess\u00e1ria,<a href=\"https:\/\/toprisesafety.com\/pt\/contact-us\/\"> Entre em contato conosco;<\/a> Oferecemos suporte \u00e0 personaliza\u00e7\u00e3o especial.<\/p>","protected":false},"excerpt":{"rendered":"<p>N\u00ba do art.: WL07<\/p>\n<p>Cor: vermelho\/laranja<\/p>\n<p>Fonte luminosa: di\u00e2metro de 5 mm * 20 PCS LED, lumin\u00e2ncia: 10000 MCD<\/p>\n<p>Tipo de bateria recarreg\u00e1vel: Bateria recarreg\u00e1vel de n\u00edquel-metal-hidreto<\/p>\n<p>MOQ: 100 PCS<\/p>","protected":false},"featured_media":12247,"template":"","meta":{"_acf_changed":false},"product_brand":[],"product_cat":[325,337],"product_tag":[],"class_list":{"0":"post-12244","1":"product","2":"type-product","3":"status-publish","4":"has-post-thumbnail","6":"product_cat-road-safety-products","7":"product_cat-warning-lamp","9":"first","10":"instock","11":"shipping-taxable","12":"product-type-simple"},"acf":[],"_links":{"self":[{"href":"https:\/\/toprisesafety.com\/pt\/wp-json\/wp\/v2\/product\/12244","targetHints":{"allow":["GET"]}}],"collection":[{"href":"https:\/\/toprisesafety.com\/pt\/wp-json\/wp\/v2\/product"}],"about":[{"href":"https:\/\/toprisesafety.com\/pt\/wp-json\/wp\/v2\/types\/product"}],"wp:featuredmedia":[{"embeddable":true,"href":"https:\/\/toprisesafety.com\/pt\/wp-json\/wp\/v2\/media\/12247"}],"wp:attachment":[{"href":"https:\/\/toprisesafety.com\/pt\/wp-json\/wp\/v2\/media?parent=12244"}],"wp:term":[{"taxonomy":"product_brand","embeddable":true,"href":"https:\/\/toprisesafety.com\/pt\/wp-json\/wp\/v2\/product_brand?post=12244"},{"taxonomy":"product_cat","embeddable":true,"href":"https:\/\/toprisesafety.com\/pt\/wp-json\/wp\/v2\/product_cat?post=12244"},{"taxonomy":"product_tag","embeddable":true,"href":"https:\/\/toprisesafety.com\/pt\/wp-json\/wp\/v2\/product_tag?post=12244"}],"curies":[{"name":"wp","href":"https:\/\/api.w.org\/{rel}","templated":true}]}}