{"id":12239,"date":"2025-05-10T01:35:59","date_gmt":"2025-05-10T01:35:59","guid":{"rendered":"https:\/\/toprisesafety.com\/?post_type=product&#038;p=12239"},"modified":"2025-05-12T03:08:42","modified_gmt":"2025-05-12T03:08:42","slug":"solar-strobe-warning-beacon-light","status":"publish","type":"product","link":"https:\/\/toprisesafety.com\/pt\/produto\/solar-strobe-warning-beacon-light\/","title":{"rendered":"Luz solar estrobosc\u00f3pica de advert\u00eancia"},"content":{"rendered":"<h1>Luz solar estrobosc\u00f3pica de advert\u00eancia<\/h1>\n<p>Solar Strobe Warning Beacon Light Features:<\/p>\n<ul>\n<li>High visibility: With the addition of reflective strips, it can be clearly seen both during the day and at night.<\/li>\n<li>Sturdy and durable: Equipped with a high-quality plastic casing, it is shock-resistant and durable, suitable for harsh environments.<\/li>\n<li>Energy conservation and environmental protection: built-in solar panels, no need for external power supply, energy-saving, and environmentally friendly.<\/li>\n<li>Flashing warning function: flashing light effect, strong warning effect, ensuring traffic safety.<\/li>\n<li>Waterproof design: It has excellent waterproof performance and is suitable for outdoor use.<\/li>\n<li>Simple installation: The design is simple, easy to install and replace, and suitable for different scenarios.<\/li>\n<\/ul>\n<table>\n<tbody>\n<tr>\n<td width=\"426\">ART NO.<\/td>\n<td width=\"426\">WL06<\/td>\n<\/tr>\n<tr>\n<td width=\"426\">TAMANHO<\/td>\n<td width=\"426\">15CM length * 8CM diameter<\/td>\n<\/tr>\n<tr>\n<td width=\"426\">MATERIAL<\/td>\n<td width=\"426\">ABS + PC, Optional metallic paint plating is available<\/td>\n<\/tr>\n<tr>\n<td width=\"426\">MODO DE TRABALHO<\/td>\n<td width=\"426\">Flash, flash cont\u00ednuo e sempre ligado podem ser selecionados<\/td>\n<\/tr>\n<tr>\n<td width=\"426\">FONTE LUMINOSA<\/td>\n<td width=\"426\">Diameter 5 MM * 3-6 PCS led<\/td>\n<\/tr>\n<tr>\n<td width=\"426\">Luminesc\u00eancia<\/td>\n<td width=\"426\">10000 MCD<\/td>\n<\/tr>\n<tr>\n<td width=\"426\">BATERIA RECARREG\u00c1VEL<\/td>\n<td width=\"426\">Bateria recarreg\u00e1vel de n\u00edquel-metal-hidreto<\/td>\n<\/tr>\n<tr>\n<td width=\"426\">FREQU\u00caNCIA DE FLASH<\/td>\n<td width=\"426\">60+\/-5% vezes\/minuto, flash cont\u00ednuo - a taxa de flash \u00e9 de 120+\/-5% vezes por minuto<\/td>\n<\/tr>\n<tr>\n<td width=\"426\">PODER<\/td>\n<td width=\"426\">0.3W<\/td>\n<\/tr>\n<tr>\n<td width=\"426\">N\u00cdVEL DE PROTE\u00c7\u00c3O<\/td>\n<td width=\"426\">IP64<\/td>\n<\/tr>\n<tr>\n<td width=\"426\">FAIXA VISUAL<\/td>\n<td width=\"426\">600-800M (\u00e0 noite)<\/td>\n<\/tr>\n<tr>\n<td width=\"426\">INSTRU\u00c7\u00d5ES DE OPERA\u00c7\u00c3O<\/td>\n<td width=\"426\">Ligue o interruptor de energia e entre no modo autom\u00e1tico. Ele piscar\u00e1 automaticamente \u00e0 noite e se desligar\u00e1 automaticamente durante o dia.<\/td>\n<\/tr>\n<tr>\n<td width=\"426\">APLICA\u00c7\u00c3O<\/td>\n<td width=\"426\">Prote\u00e7\u00e3o de seguran\u00e7a, trabalho em canteiros de obras, etc.<\/td>\n<\/tr>\n<tr>\n<td width=\"426\">EMBALAGEM<\/td>\n<td width=\"426\">12PCS\/CTN, 48*34*37 CM ,8KGS<\/td>\n<\/tr>\n<\/tbody>\n<\/table>\n<p>O TOPRISE oferece suporte a v\u00e1rios estilos de personaliza\u00e7\u00e3o de l\u00e2mpadas de advert\u00eancia; clique para <a href=\"https:\/\/toprisesafety.com\/pt\/categoria-produto\/road-safety-products\/warning-lamp\/\">veja mais estilos de l\u00e2mpadas de advert\u00eancia.<\/a><\/p>\n<p>Se voc\u00ea n\u00e3o encontrar a l\u00e2mpada de advert\u00eancia necess\u00e1ria,<a href=\"https:\/\/toprisesafety.com\/pt\/contact-us\/\"> Entre em contato conosco;<\/a> Oferecemos suporte \u00e0 personaliza\u00e7\u00e3o especial.<\/p>","protected":false},"excerpt":{"rendered":"<p>Art No.: WL06<\/p>\n<p>Color: Red\/White\/Green reflective + Clear body for choice<\/p>\n<p>Luminous source: diameter 5mm * 3-6 PCS LED, luminance: 10000 MCD<\/p>\n<p>Tipo de bateria recarreg\u00e1vel: Bateria recarreg\u00e1vel de n\u00edquel-metal-hidreto<\/p>\n<p>MOQ: 100 PCS<\/p>","protected":false},"featured_media":12243,"template":"","meta":{"_acf_changed":false},"product_brand":[],"product_cat":[325,337],"product_tag":[],"class_list":{"0":"post-12239","1":"product","2":"type-product","3":"status-publish","4":"has-post-thumbnail","6":"product_cat-road-safety-products","7":"product_cat-warning-lamp","9":"first","10":"instock","11":"shipping-taxable","12":"product-type-simple"},"acf":[],"_links":{"self":[{"href":"https:\/\/toprisesafety.com\/pt\/wp-json\/wp\/v2\/product\/12239","targetHints":{"allow":["GET"]}}],"collection":[{"href":"https:\/\/toprisesafety.com\/pt\/wp-json\/wp\/v2\/product"}],"about":[{"href":"https:\/\/toprisesafety.com\/pt\/wp-json\/wp\/v2\/types\/product"}],"wp:featuredmedia":[{"embeddable":true,"href":"https:\/\/toprisesafety.com\/pt\/wp-json\/wp\/v2\/media\/12243"}],"wp:attachment":[{"href":"https:\/\/toprisesafety.com\/pt\/wp-json\/wp\/v2\/media?parent=12239"}],"wp:term":[{"taxonomy":"product_brand","embeddable":true,"href":"https:\/\/toprisesafety.com\/pt\/wp-json\/wp\/v2\/product_brand?post=12239"},{"taxonomy":"product_cat","embeddable":true,"href":"https:\/\/toprisesafety.com\/pt\/wp-json\/wp\/v2\/product_cat?post=12239"},{"taxonomy":"product_tag","embeddable":true,"href":"https:\/\/toprisesafety.com\/pt\/wp-json\/wp\/v2\/product_tag?post=12239"}],"curies":[{"name":"wp","href":"https:\/\/api.w.org\/{rel}","templated":true}]}}