{"id":12200,"date":"2025-05-08T08:02:31","date_gmt":"2025-05-08T08:02:31","guid":{"rendered":"https:\/\/toprisesafety.com\/?post_type=product&#038;p=12200"},"modified":"2025-05-08T08:02:31","modified_gmt":"2025-05-08T08:02:31","slug":"construction-safety-barrier-fence","status":"publish","type":"product","link":"https:\/\/toprisesafety.com\/pt\/produto\/construction-safety-barrier-fence\/","title":{"rendered":"Cerca de barreira de seguran\u00e7a para constru\u00e7\u00e3o"},"content":{"rendered":"<h2>Cerca de barreira de seguran\u00e7a para constru\u00e7\u00e3o<\/h2>\n<ul>\n<li>Grande durabilidade: As cercas de pl\u00e1stico LDPE apresentam alta resist\u00eancia e longa vida \u00fatil.<\/li>\n<li>Anticorros\u00e3o: Adapt\u00e1vel a v\u00e1rios ambientes, altamente resistente \u00e0 corros\u00e3o e n\u00e3o \u00e9 facilmente afetado por produtos qu\u00edmicos.<\/li>\n<li>N\u00e3o \u00e9 propenso ao envelhecimento: Mesmo quando exposto \u00e0 luz solar, ele n\u00e3o envelhece rapidamente ap\u00f3s o uso prolongado.<\/li>\n<li>Boa flexibilidade: Pode ser dobrado sem quebrar, o que \u00e9 conveniente para a instala\u00e7\u00e3o.<\/li>\n<li>Leve e port\u00e1til: Leve, \u00e9 f\u00e1cil de mover, instalar e armazenar.<\/li>\n<li>F\u00e1cil instala\u00e7\u00e3o: N\u00e3o s\u00e3o necess\u00e1rias ferramentas profissionais, o que torna conveniente a montagem e a desmontagem r\u00e1pidas.<\/li>\n<li>Ampla adaptabilidade: Adequado para isolamento e prote\u00e7\u00e3o tempor\u00e1rios em canteiros de obras, estradas, exposi\u00e7\u00f5es, etc.<\/li>\n<li>Forte resist\u00eancia a intemp\u00e9ries: Pode se adaptar aos requisitos de uso em diferentes condi\u00e7\u00f5es clim\u00e1ticas.<\/li>\n<li>Aumentar a seguran\u00e7a: Evite efetivamente que o pessoal entre em \u00e1reas perigosas e melhore o gerenciamento da seguran\u00e7a.<\/li>\n<\/ul>\n<table>\n<tbody>\n<tr>\n<td width=\"284\">ART NO.<\/td>\n<td width=\"284\">SF45<\/td>\n<\/tr>\n<tr>\n<td width=\"284\">Material<\/td>\n<td width=\"284\">PEBD<\/td>\n<\/tr>\n<tr>\n<td width=\"284\">Cor<\/td>\n<td width=\"284\">Laranja, vermelho, verde, preto ou personalizado.<\/td>\n<\/tr>\n<tr>\n<td width=\"284\">Tamanho do furo<\/td>\n<td width=\"284\">65*35MM . Outros tamanhos 45*45MM, 100*40MM, 130*30MM para escolha<\/td>\n<\/tr>\n<tr>\n<td width=\"284\">Peso<\/td>\n<td width=\"284\">130g ou personalizado<\/td>\n<\/tr>\n<tr>\n<td width=\"284\">Largura<\/td>\n<td width=\"284\">1 m ou 1,2 m para escolha<\/td>\n<\/tr>\n<tr>\n<td width=\"284\">Comprimento<\/td>\n<td width=\"284\">30 m ou 50 m por rolo ou personalizado<\/td>\n<\/tr>\n<tr>\n<td width=\"284\">Embalagem<\/td>\n<td width=\"284\">Cada rolo \u00e9 embalado em um saco pl\u00e1stico transparente<\/td>\n<\/tr>\n<tr>\n<td width=\"284\">Logotipo<\/td>\n<td width=\"284\">Papel colorido, adesivo ou personalizado<\/td>\n<\/tr>\n<\/tbody>\n<\/table>","protected":false},"excerpt":{"rendered":"<p>N\u00ba art. SF65<\/p>\n<p>Material: PEBD<\/p>\n<p>Tamanho do furo: 65*35 MM<\/p>\n<p>Largura: 1M ou 1,2 M<\/p>\n<p>Comprimento: 30 M\/ROLL ou 50 M\/ROLL.<\/p>\n<p>Tamanho: Personalizado<\/p>\n<p>Peso: 130G ou personalizado<\/p>\n<p>Cor: laranja<\/p>\n<p>MOQ: 500ROLLS<\/p>","protected":false},"featured_media":12205,"template":"","meta":{"_acf_changed":false},"product_brand":[],"product_cat":[325,334],"product_tag":[],"class_list":{"0":"post-12200","1":"product","2":"type-product","3":"status-publish","4":"has-post-thumbnail","6":"product_cat-road-safety-products","7":"product_cat-safety-fence","9":"first","10":"instock","11":"shipping-taxable","12":"product-type-simple"},"acf":[],"_links":{"self":[{"href":"https:\/\/toprisesafety.com\/pt\/wp-json\/wp\/v2\/product\/12200"}],"collection":[{"href":"https:\/\/toprisesafety.com\/pt\/wp-json\/wp\/v2\/product"}],"about":[{"href":"https:\/\/toprisesafety.com\/pt\/wp-json\/wp\/v2\/types\/product"}],"wp:featuredmedia":[{"embeddable":true,"href":"https:\/\/toprisesafety.com\/pt\/wp-json\/wp\/v2\/media\/12205"}],"wp:attachment":[{"href":"https:\/\/toprisesafety.com\/pt\/wp-json\/wp\/v2\/media?parent=12200"}],"wp:term":[{"taxonomy":"product_brand","embeddable":true,"href":"https:\/\/toprisesafety.com\/pt\/wp-json\/wp\/v2\/product_brand?post=12200"},{"taxonomy":"product_cat","embeddable":true,"href":"https:\/\/toprisesafety.com\/pt\/wp-json\/wp\/v2\/product_cat?post=12200"},{"taxonomy":"product_tag","embeddable":true,"href":"https:\/\/toprisesafety.com\/pt\/wp-json\/wp\/v2\/product_tag?post=12200"}],"curies":[{"name":"wp","href":"https:\/\/api.w.org\/{rel}","templated":true}]}}