{"id":12186,"date":"2025-05-07T08:29:13","date_gmt":"2025-05-07T08:29:13","guid":{"rendered":"https:\/\/toprisesafety.com\/?post_type=product&#038;p=12186"},"modified":"2025-05-07T08:29:13","modified_gmt":"2025-05-07T08:29:13","slug":"police-line-barrier-tape","status":"publish","type":"product","link":"https:\/\/toprisesafety.com\/pt\/produto\/police-line-barrier-tape\/","title":{"rendered":"Fita de barreira de linha policial"},"content":{"rendered":"<h2>Fita de barreira de linha policial<\/h2>\n<p>As vantagens da fita de barreira de linha policial s\u00e3o as seguintes:<\/p>\n<ul>\n<li>Alta visibilidade: O design azul e branco brilhante marca claramente a \u00e1rea de alerta para garantir a seguran\u00e7a no local.<\/li>\n<li>Op\u00e7\u00f5es de personaliza\u00e7\u00e3o: Oferece suporte \u00e0 personaliza\u00e7\u00e3o do LOGOTIPO e do tamanho para atender \u00e0s necessidades personalizadas e aprimorar a imagem da marca.<\/li>\n<li>Alta durabilidade: O material LDPE tem propriedades de resist\u00eancia a rasgos e ao desgaste, garantindo o uso a longo prazo.<\/li>\n<li>Alta seguran\u00e7a: Adequado para isolar e vedar o local para evitar que o pessoal entre em \u00e1reas perigosas.<\/li>\n<li>Amplamente aplic\u00e1vel: \u00c9 adequado para campos de prote\u00e7\u00e3o de seguran\u00e7a, como cenas policiais, bloqueios de acidentes e gerenciamento de eventos p\u00fablicos.<\/li>\n<\/ul>\n<p>A TOPRISE tem se dedicado ao setor de fitas de advert\u00eancia h\u00e1 mais de uma d\u00e9cada, especializando-se na produ\u00e7\u00e3o de fitas de advert\u00eancia, fitas de isolamento, fitas de advert\u00eancia subterr\u00e2neas de PE, fitas de advert\u00eancia detect\u00e1veis de folha de alum\u00ednio e outros produtos. A s\u00e9rie de fitas de advert\u00eancia inclui fitas de advert\u00eancia subterr\u00e2neas para g\u00e1s, cabos \u00f3pticos, cabos, oleodutos, aquecimento, \u00e1gua encanada etc. Fitas de advert\u00eancia de isolamento geral, fitas de advert\u00eancia de seguran\u00e7a, fitas de advert\u00eancia detect\u00e1veis subterr\u00e2neas de folha de alum\u00ednio, etc.<\/p>\n<table>\n<tbody>\n<tr>\n<td width=\"284\">ART NO.<\/td>\n<td width=\"284\">WT08<\/td>\n<\/tr>\n<tr>\n<td width=\"284\">Material<\/td>\n<td width=\"284\">PEBD<\/td>\n<\/tr>\n<tr>\n<td width=\"284\">Espessura<\/td>\n<td width=\"284\">30micron-200micron(0.03-0.20mm)or customized<\/td>\n<\/tr>\n<tr>\n<td width=\"284\">Largura normal<\/td>\n<td width=\"284\">50 mm, 75 mm, 100 mm, 150 mm, 300 mm ou personalizado<\/td>\n<\/tr>\n<tr>\n<td width=\"284\">Comprimento<\/td>\n<td width=\"284\">100-600M ou personalizado<\/td>\n<\/tr>\n<tr>\n<td width=\"284\">Cor<\/td>\n<td width=\"284\">personalizado<\/td>\n<\/tr>\n<tr>\n<td width=\"284\">Impress\u00e3o de logotipo<\/td>\n<td width=\"284\">personalizado<\/td>\n<\/tr>\n<\/tbody>\n<\/table>","protected":false},"excerpt":{"rendered":"<p>N\u00ba do art.: WT08<\/p>\n<p>Espessura: 30 m\u00edcron-200 m\u00edcron (0,03 mm-0,20 mm) ou personalizado<\/p>\n<p>Largura usual: 50 mm, 75 mm, 100 mm, 150 mm, 300 mm ou personalizada<\/p>\n<p>Comprimento: 100-600M ou personalizado<\/p>\n<p>MOQ: 500-1000 ROLOS<\/p>","protected":false},"featured_media":12189,"template":"","meta":{"_acf_changed":false},"product_brand":[],"product_cat":[325,336],"product_tag":[],"class_list":{"0":"post-12186","1":"product","2":"type-product","3":"status-publish","4":"has-post-thumbnail","6":"product_cat-road-safety-products","7":"product_cat-pe-warning-tape-detectable-underground-warning-tape","9":"first","10":"instock","11":"shipping-taxable","12":"product-type-simple"},"acf":[],"_links":{"self":[{"href":"https:\/\/toprisesafety.com\/pt\/wp-json\/wp\/v2\/product\/12186","targetHints":{"allow":["GET"]}}],"collection":[{"href":"https:\/\/toprisesafety.com\/pt\/wp-json\/wp\/v2\/product"}],"about":[{"href":"https:\/\/toprisesafety.com\/pt\/wp-json\/wp\/v2\/types\/product"}],"wp:featuredmedia":[{"embeddable":true,"href":"https:\/\/toprisesafety.com\/pt\/wp-json\/wp\/v2\/media\/12189"}],"wp:attachment":[{"href":"https:\/\/toprisesafety.com\/pt\/wp-json\/wp\/v2\/media?parent=12186"}],"wp:term":[{"taxonomy":"product_brand","embeddable":true,"href":"https:\/\/toprisesafety.com\/pt\/wp-json\/wp\/v2\/product_brand?post=12186"},{"taxonomy":"product_cat","embeddable":true,"href":"https:\/\/toprisesafety.com\/pt\/wp-json\/wp\/v2\/product_cat?post=12186"},{"taxonomy":"product_tag","embeddable":true,"href":"https:\/\/toprisesafety.com\/pt\/wp-json\/wp\/v2\/product_tag?post=12186"}],"curies":[{"name":"wp","href":"https:\/\/api.w.org\/{rel}","templated":true}]}}