{"id":12175,"date":"2025-05-07T08:08:09","date_gmt":"2025-05-07T08:08:09","guid":{"rendered":"https:\/\/toprisesafety.com\/?post_type=product&#038;p=12175"},"modified":"2025-05-07T08:08:09","modified_gmt":"2025-05-07T08:08:09","slug":"custom-barricade-tape","status":"publish","type":"product","link":"https:\/\/toprisesafety.com\/pt\/produto\/custom-barricade-tape\/","title":{"rendered":"Fita de barricada personalizada"},"content":{"rendered":"<h2>Fita de barricada personalizada<\/h2>\n<p>The advantages of LDPE warning tape are as follows:<\/p>\n<ul>\n<li>Alta durabilidade: O material LDPE tem grande durabilidade e resist\u00eancia a rasgos.<\/li>\n<li>Alta visibilidade: As cores brilhantes e os padr\u00f5es de advert\u00eancia podem lembrar efetivamente as pessoas de prestar aten\u00e7\u00e3o \u00e0 seguran\u00e7a.<\/li>\n<li>Resist\u00eancia \u00e0 \u00e1gua: N\u00e3o \u00e9 propenso a umidade ou imers\u00e3o em \u00e1gua, adequado para uso em ambientes \u00famidos.<\/li>\n<li>Leve e port\u00e1til: Leve, \u00e9 conveniente para transporte e armazenamento.<\/li>\n<li>Ampla adaptabilidade: Pode ser usado em v\u00e1rios ambientes, como canteiros de obras, fechamento de estradas, \u00e1reas perigosas, cenas de acidentes, \u00e1reas de manuseio de produtos qu\u00edmicos, \u00e1reas de constru\u00e7\u00e3o de tr\u00e1fego<\/li>\n<\/ul>\n<p>A TOPRISE tem se dedicado ao setor de fitas de advert\u00eancia h\u00e1 mais de uma d\u00e9cada, especializando-se na produ\u00e7\u00e3o de fitas de advert\u00eancia, fitas de isolamento, fitas de advert\u00eancia subterr\u00e2neas de PE, fitas de advert\u00eancia detect\u00e1veis de folha de alum\u00ednio e outros produtos. A s\u00e9rie de fitas de advert\u00eancia inclui fitas de advert\u00eancia subterr\u00e2neas para g\u00e1s, cabos \u00f3pticos, cabos, oleodutos, aquecimento, \u00e1gua encanada etc. Fitas de advert\u00eancia de isolamento geral, fitas de advert\u00eancia de seguran\u00e7a, fitas de advert\u00eancia detect\u00e1veis subterr\u00e2neas de folha de alum\u00ednio, etc.<\/p>\n<table>\n<tbody>\n<tr>\n<td width=\"284\">ART NO.<\/td>\n<td width=\"284\">WT04<\/td>\n<\/tr>\n<tr>\n<td width=\"284\">Material<\/td>\n<td width=\"284\">PEBD<\/td>\n<\/tr>\n<tr>\n<td width=\"284\">Espessura<\/td>\n<td width=\"284\">30micron-200micron(0.03-0.20mm)or customized<\/td>\n<\/tr>\n<tr>\n<td width=\"284\">Largura normal<\/td>\n<td width=\"284\">50 mm, 75 mm, 100 mm, 150 mm, 300 mm ou personalizado<\/td>\n<\/tr>\n<tr>\n<td width=\"284\">Comprimento<\/td>\n<td width=\"284\">100-600M ou personalizado<\/td>\n<\/tr>\n<tr>\n<td width=\"284\">Cor<\/td>\n<td width=\"284\">personalizado<\/td>\n<\/tr>\n<tr>\n<td width=\"284\">Impress\u00e3o de logotipo<\/td>\n<td width=\"284\">personalizado<\/td>\n<\/tr>\n<\/tbody>\n<\/table>","protected":false},"excerpt":{"rendered":"<p>Art No.: WT04<\/p>\n<p>Espessura: 30 m\u00edcron-200 m\u00edcron (0,03 mm-0,20 mm) ou personalizado<\/p>\n<p>Largura usual: 50 mm, 75 mm, 100 mm, 150 mm, 300 mm ou personalizada<\/p>\n<p>Comprimento: 100-600M ou personalizado<\/p>\n<p>MOQ: 500-1000 ROLOS<\/p>","protected":false},"featured_media":12176,"template":"","meta":{"_acf_changed":false},"product_brand":[],"product_cat":[325,336],"product_tag":[],"class_list":{"0":"post-12175","1":"product","2":"type-product","3":"status-publish","4":"has-post-thumbnail","6":"product_cat-road-safety-products","7":"product_cat-pe-warning-tape-detectable-underground-warning-tape","9":"first","10":"instock","11":"shipping-taxable","12":"product-type-simple"},"acf":[],"_links":{"self":[{"href":"https:\/\/toprisesafety.com\/pt\/wp-json\/wp\/v2\/product\/12175"}],"collection":[{"href":"https:\/\/toprisesafety.com\/pt\/wp-json\/wp\/v2\/product"}],"about":[{"href":"https:\/\/toprisesafety.com\/pt\/wp-json\/wp\/v2\/types\/product"}],"wp:featuredmedia":[{"embeddable":true,"href":"https:\/\/toprisesafety.com\/pt\/wp-json\/wp\/v2\/media\/12176"}],"wp:attachment":[{"href":"https:\/\/toprisesafety.com\/pt\/wp-json\/wp\/v2\/media?parent=12175"}],"wp:term":[{"taxonomy":"product_brand","embeddable":true,"href":"https:\/\/toprisesafety.com\/pt\/wp-json\/wp\/v2\/product_brand?post=12175"},{"taxonomy":"product_cat","embeddable":true,"href":"https:\/\/toprisesafety.com\/pt\/wp-json\/wp\/v2\/product_cat?post=12175"},{"taxonomy":"product_tag","embeddable":true,"href":"https:\/\/toprisesafety.com\/pt\/wp-json\/wp\/v2\/product_tag?post=12175"}],"curies":[{"name":"wp","href":"https:\/\/api.w.org\/{rel}","templated":true}]}}