{"id":12171,"date":"2025-05-07T07:54:15","date_gmt":"2025-05-07T07:54:15","guid":{"rendered":"https:\/\/toprisesafety.com\/?post_type=product&#038;p=12171"},"modified":"2025-05-07T07:57:00","modified_gmt":"2025-05-07T07:57:00","slug":"detectable-underground-warning-tape","status":"publish","type":"product","link":"https:\/\/toprisesafety.com\/pt\/produto\/detectable-underground-warning-tape\/","title":{"rendered":"Fita de advert\u00eancia subterr\u00e2nea detect\u00e1vel"},"content":{"rendered":"<h2>Fita de advert\u00eancia subterr\u00e2nea detect\u00e1vel<\/h2>\n<p>As vantagens da fita de advert\u00eancia subterr\u00e2nea detect\u00e1vel OPP\/AL\/PE s\u00e3o as seguintes<\/p>\n<ul>\n<li>Alta capacidade de detec\u00e7\u00e3o: Feito de material composto de OPP\/AL\/PE, ele tem maior capacidade de detec\u00e7\u00e3o subterr\u00e2nea e garante um posicionamento preciso.<\/li>\n<li>Grande durabilidade: Possui forte resist\u00eancia a intemp\u00e9ries e \u00e0 corros\u00e3o, o que o torna adequado para uso prolongado em ambientes adversos.<\/li>\n<li>Aviso claro: Cores e textos brilhantes t\u00eam um efeito de advert\u00eancia significativo.<\/li>\n<li>Op\u00e7\u00f5es de personaliza\u00e7\u00e3o: Oferece suporte \u00e0 personaliza\u00e7\u00e3o do LOGOTIPO e do tamanho para atender \u00e0s necessidades personalizadas.<\/li>\n<li>Ampla aplica\u00e7\u00e3o: Amplamente utilizado nas \u00e1reas de constru\u00e7\u00e3o e manuten\u00e7\u00e3o de tubula\u00e7\u00f5es subterr\u00e2neas nos setores de energia, conserva\u00e7\u00e3o de \u00e1gua, comunica\u00e7\u00e3o e outros.<\/li>\n<\/ul>\n<p>&nbsp;<\/p>\n<p>A TOPRISE tem se dedicado ao setor de fitas de advert\u00eancia h\u00e1 mais de uma d\u00e9cada, especializando-se na produ\u00e7\u00e3o de fitas de advert\u00eancia, fitas de isolamento, fitas de advert\u00eancia subterr\u00e2neas de PE, fitas de advert\u00eancia detect\u00e1veis de folha de alum\u00ednio e outros produtos. A s\u00e9rie de fitas de advert\u00eancia inclui fitas de advert\u00eancia subterr\u00e2neas para g\u00e1s, cabos \u00f3pticos, cabos, oleodutos, aquecimento, \u00e1gua encanada etc. Fitas de advert\u00eancia de isolamento geral, fitas de advert\u00eancia de seguran\u00e7a, fitas de advert\u00eancia detect\u00e1veis subterr\u00e2neas de folha de alum\u00ednio, etc.<\/p>\n<table>\n<tbody>\n<tr>\n<td width=\"284\">ART NO.<\/td>\n<td width=\"284\">AWT05<\/td>\n<\/tr>\n<tr>\n<td width=\"284\">Material<\/td>\n<td width=\"284\">OPP\/AL\/PE<\/td>\n<\/tr>\n<tr>\n<td width=\"284\">Espessura<\/td>\n<td width=\"284\">100micron-300micron(0.10-0.30mm)or customized<\/td>\n<\/tr>\n<tr>\n<td width=\"284\">Largura normal<\/td>\n<td width=\"284\">50 mm, 75 mm, 100 mm, 150 mm, 300 mm ou personalizado<\/td>\n<\/tr>\n<tr>\n<td width=\"284\">Comprimento<\/td>\n<td width=\"284\">100-600M ou personalizado<\/td>\n<\/tr>\n<tr>\n<td width=\"284\">Cor<\/td>\n<td width=\"284\">personalizado<\/td>\n<\/tr>\n<tr>\n<td width=\"284\">Impress\u00e3o de logotipo<\/td>\n<td width=\"284\">Normalmente, uma cor. No m\u00e1ximo 4 cores para o logotipo do cliente, incluindo nome, tel, etc.<\/td>\n<\/tr>\n<\/tbody>\n<\/table>","protected":false},"excerpt":{"rendered":"<p>N\u00ba do art.: AWT05<\/p>\n<p>Espessura: 100 m\u00edcrons a 300 m\u00edcrons (0,10 mm a 0,30 mm) ou personalizada<\/p>\n<p>Largura usual: 50 mm, 75 mm, 100 mm, 150 mm, 300 mm ou personalizada<\/p>\n<p>Comprimento: 100-600M ou personalizado<\/p>\n<p>MOQ: 500-1000 ROLOS<\/p>","protected":false},"featured_media":12172,"template":"","meta":{"_acf_changed":false},"product_brand":[],"product_cat":[325],"product_tag":[],"class_list":{"0":"post-12171","1":"product","2":"type-product","3":"status-publish","4":"has-post-thumbnail","6":"product_cat-road-safety-products","8":"first","9":"instock","10":"shipping-taxable","11":"product-type-simple"},"acf":[],"_links":{"self":[{"href":"https:\/\/toprisesafety.com\/pt\/wp-json\/wp\/v2\/product\/12171"}],"collection":[{"href":"https:\/\/toprisesafety.com\/pt\/wp-json\/wp\/v2\/product"}],"about":[{"href":"https:\/\/toprisesafety.com\/pt\/wp-json\/wp\/v2\/types\/product"}],"wp:featuredmedia":[{"embeddable":true,"href":"https:\/\/toprisesafety.com\/pt\/wp-json\/wp\/v2\/media\/12172"}],"wp:attachment":[{"href":"https:\/\/toprisesafety.com\/pt\/wp-json\/wp\/v2\/media?parent=12171"}],"wp:term":[{"taxonomy":"product_brand","embeddable":true,"href":"https:\/\/toprisesafety.com\/pt\/wp-json\/wp\/v2\/product_brand?post=12171"},{"taxonomy":"product_cat","embeddable":true,"href":"https:\/\/toprisesafety.com\/pt\/wp-json\/wp\/v2\/product_cat?post=12171"},{"taxonomy":"product_tag","embeddable":true,"href":"https:\/\/toprisesafety.com\/pt\/wp-json\/wp\/v2\/product_tag?post=12171"}],"curies":[{"name":"wp","href":"https:\/\/api.w.org\/{rel}","templated":true}]}}