{"id":12105,"date":"2025-04-30T06:22:13","date_gmt":"2025-04-30T06:22:13","guid":{"rendered":"https:\/\/toprisesafety.com\/?post_type=product&#038;p=12105"},"modified":"2026-04-29T00:35:44","modified_gmt":"2026-04-29T00:35:44","slug":"hi-vis-fleece-hoodie","status":"publish","type":"product","link":"https:\/\/toprisesafety.com\/pt\/produto\/hi-vis-fleece-hoodie\/","title":{"rendered":"Moletom com capuz Hi Vis Fleece"},"content":{"rendered":"<h2>Moletom com capuz Hi Vis Fleece<\/h2>\n<ul>\n<li>Tecido de l\u00e3: Feito de tecido de l\u00e3 macio e confort\u00e1vel, ele tem forte reten\u00e7\u00e3o de calor e \u00e9 adequado para uso em climas frios, mantendo o conforto e o calor.<\/li>\n<li>Faixas refletivas de alto brilho: O design das faixas refletivas de alto brilho garante alta visibilidade em ambientes com pouca luz, aumentando a seguran\u00e7a do usu\u00e1rio.<\/li>\n<li>Design moderno com capuz: O design com capuz aumenta o conforto e a praticidade, al\u00e9m de proporcionar excelente desempenho \u00e0 prova de vento.<\/li>\n<li>Personaliza\u00e7\u00e3o do LOGOTIPO: Oferecemos suporte \u00e0 personaliza\u00e7\u00e3o do LOGOTIPO para ajudar a aumentar o reconhecimento da marca e adicionar personaliza\u00e7\u00e3o.<\/li>\n<li>Embalagem personalizada: Oferecemos servi\u00e7os de embalagem personalizada para atender \u00e0s diversas necessidades de diferentes clientes e aumentar a competitividade no mercado.<\/li>\n<\/ul>\n<table>\n<tbody>\n<tr>\n<td width=\"284\">ART NO.<\/td>\n<td width=\"284\">FH01<\/td>\n<\/tr>\n<tr>\n<td width=\"284\">Material do tecido<\/td>\n<td width=\"284\">Velo polar de 260 g\/m\u00b2 ou personalizado<\/td>\n<\/tr>\n<tr>\n<td width=\"284\">Fita refletiva<\/td>\n<td width=\"284\">Fita refletiva de alta visibilidade de 5 cm<\/td>\n<\/tr>\n<tr>\n<td width=\"284\">Cor<\/td>\n<td width=\"284\">Amarelo fluorescente\/laranja-vermelho\/amarelo fluorescente+azul marinho ou personalizado<\/td>\n<\/tr>\n<tr>\n<td width=\"284\">Logotipo<\/td>\n<td width=\"284\">Impress\u00e3o do logotipo do cliente, bordado ou etiqueta com o logotipo est\u00e3o dispon\u00edveis<\/td>\n<\/tr>\n<tr>\n<td width=\"284\">MOQ<\/td>\n<td width=\"284\">1000 PCS<\/td>\n<\/tr>\n<tr>\n<td width=\"284\">Embalagem<\/td>\n<td width=\"284\">1PC\/OPP, 50PC\/CTN, embalagem especial de acordo com a exig\u00eancia do cliente<\/td>\n<\/tr>\n<\/tbody>\n<\/table>\n<p>A TOPRISE oferece suporte a v\u00e1rios estilos de jaquetas de seguran\u00e7a, camisetas refletivas e personaliza\u00e7\u00e3o de capuzes de seguran\u00e7a; clique para <a href=\"https:\/\/toprisesafety.com\/pt\/categoria-produto\/road-safety-products\/warning-wear\/warning-jacket-t-shirt-hoodie\/\">veja mais estilos de roupas de trabalho de seguran\u00e7a.<\/a><\/p>\n<p>Se n\u00e3o encontrar o vestu\u00e1rio de trabalho de seguran\u00e7a exigido, como coletes de seguran\u00e7a, camisetas refletivas, capuzes de seguran\u00e7a, etc., n\u00e3o se preocupe, <a href=\"https:\/\/toprisesafety.com\/pt\/contact-us\/\">Entre em contato conosco;<\/a> Oferecemos suporte \u00e0 personaliza\u00e7\u00e3o especial.<\/p>","protected":false},"excerpt":{"rendered":"<p>N\u00ba do art.: FH01<\/p>\n<p>Material: l\u00e3 polar de 260 g\/m\u00b2 ou personalizado<\/p>\n<p>Tamanhos: S-XXXL ou personalizado<\/p>\n<p>Fita refletiva: 5 cm de fita refletiva de alta visibilidade<\/p>\n<p>Cor: amarelo fluorescente + preto \/ laranja-vermelho + preto ou personalizado<\/p>\n<p>Impress\u00e3o do logotipo: dispon\u00edvel<\/p>\n<p>MOQ: 1000PCS<\/p>","protected":false},"featured_media":12109,"template":"","meta":{"_acf_changed":false},"product_brand":[],"product_cat":[339,1261,325],"product_tag":[],"class_list":{"0":"post-12105","1":"product","2":"type-product","3":"status-publish","4":"has-post-thumbnail","6":"product_cat-warning-jacket-t-shirt-hoodie","7":"product_cat-custom-hi-vis-hoodie-manufacturer","8":"product_cat-road-safety-products","10":"first","11":"instock","12":"shipping-taxable","13":"product-type-simple"},"acf":[],"_links":{"self":[{"href":"https:\/\/toprisesafety.com\/pt\/wp-json\/wp\/v2\/product\/12105","targetHints":{"allow":["GET"]}}],"collection":[{"href":"https:\/\/toprisesafety.com\/pt\/wp-json\/wp\/v2\/product"}],"about":[{"href":"https:\/\/toprisesafety.com\/pt\/wp-json\/wp\/v2\/types\/product"}],"wp:featuredmedia":[{"embeddable":true,"href":"https:\/\/toprisesafety.com\/pt\/wp-json\/wp\/v2\/media\/12109"}],"wp:attachment":[{"href":"https:\/\/toprisesafety.com\/pt\/wp-json\/wp\/v2\/media?parent=12105"}],"wp:term":[{"taxonomy":"product_brand","embeddable":true,"href":"https:\/\/toprisesafety.com\/pt\/wp-json\/wp\/v2\/product_brand?post=12105"},{"taxonomy":"product_cat","embeddable":true,"href":"https:\/\/toprisesafety.com\/pt\/wp-json\/wp\/v2\/product_cat?post=12105"},{"taxonomy":"product_tag","embeddable":true,"href":"https:\/\/toprisesafety.com\/pt\/wp-json\/wp\/v2\/product_tag?post=12105"}],"curies":[{"name":"wp","href":"https:\/\/api.w.org\/{rel}","templated":true}]}}