{"id":12094,"date":"2025-04-30T06:15:17","date_gmt":"2025-04-30T06:15:17","guid":{"rendered":"https:\/\/toprisesafety.com\/?post_type=product&#038;p=12094"},"modified":"2025-05-06T07:18:00","modified_gmt":"2025-05-06T07:18:00","slug":"safety-hard-hat-sun-shade-reflective-neck-shield","status":"publish","type":"product","link":"https:\/\/toprisesafety.com\/pt\/produto\/safety-hard-hat-sun-shade-reflective-neck-shield\/","title":{"rendered":"Chap\u00e9u de seguran\u00e7a com prote\u00e7\u00e3o solar e protetor refletivo para o pesco\u00e7o"},"content":{"rendered":"<h2>Chap\u00e9u de seguran\u00e7a com prote\u00e7\u00e3o solar e protetor refletivo para o pesco\u00e7o<\/h2>\n<ul>\n<li>High-brightness reflective design: Enhances visibility and ensures safety in low-light environments, making it suitable for use at night or in dangerous working areas.<\/li>\n<li>Sunshade function: Effectively prevents direct sunlight and protects the neck from ultraviolet damage, suitable for outdoor work.<\/li>\n<li>Adjustable design: Safety helmets that adapt to different head shapes provide a comfortable wearing experience.<\/li>\n<li>Personaliza\u00e7\u00e3o do LOGOTIPO: Oferece suporte \u00e0 personaliza\u00e7\u00e3o do LOGOTIPO para aprimorar a imagem da marca e atender \u00e0s necessidades personalizadas.<\/li>\n<li>Customized packaging: We offer customized packaging services to enhance product appeal and market competitiveness.<\/li>\n<\/ul>\n<table>\n<tbody>\n<tr>\n<td width=\"284\">ART NO.<\/td>\n<td width=\"284\">NS01<\/td>\n<\/tr>\n<tr>\n<td width=\"284\">Material do tecido<\/td>\n<td width=\"284\">100%polyester mesh fabic, 110g\/sqm.<\/td>\n<\/tr>\n<tr>\n<td width=\"284\">Fita refletiva<\/td>\n<td width=\"284\">5cm fluorecent webbing +1.5cm hot-gross heat strip.<\/td>\n<\/tr>\n<tr>\n<td width=\"284\">Cor<\/td>\n<td width=\"284\">Fluorecent yellow, blue, red, grey, orange or customized.<\/td>\n<\/tr>\n<tr>\n<td width=\"284\">Logotipo<\/td>\n<td width=\"284\">Impress\u00e3o do logotipo do cliente, bordado ou etiqueta com o logotipo est\u00e3o dispon\u00edveis<\/td>\n<\/tr>\n<tr>\n<td width=\"284\">MOQ<\/td>\n<td width=\"284\">1000 PCS<\/td>\n<\/tr>\n<tr>\n<td width=\"284\">Embalagem<\/td>\n<td width=\"284\">1PC\/OPP, 50PC\/CTN, embalagem especial de acordo com a exig\u00eancia do cliente<\/td>\n<\/tr>\n<\/tbody>\n<\/table>\n<p>O TOPRISE oferece suporte a v\u00e1rios estilos de personaliza\u00e7\u00e3o de coletes de seguran\u00e7a; clique para <a href=\"https:\/\/toprisesafety.com\/pt\/categoria-produto\/road-safety-products\/warning-wear\/warning-vest-sun-shade\/\">veja mais estilos de coletes de seguran\u00e7a.<\/a><\/p>\n<p>Se voc\u00ea n\u00e3o encontrar os coletes de seguran\u00e7a necess\u00e1rios,<a href=\"https:\/\/toprisesafety.com\/pt\/contact-us\/\"> Entre em contato conosco;<\/a> Oferecemos suporte \u00e0 personaliza\u00e7\u00e3o especial.<\/p>","protected":false},"excerpt":{"rendered":"<p>Art No.: NS01<\/p>\n<p>Material:\u00a0100% polyester mesh fabric,110g\/sqm<\/p>\n<p>Size: average size or customized.43CM width *30CM height.<\/p>\n<p>Reflective tape : 5CM fluorecent webbing +1.5cm\u00a0hot-gross heat strip<\/p>\n<p>Color: Fluorescent yellow, blue, red, grey,orange or customized.<\/p>\n<p>Impress\u00e3o do logotipo: dispon\u00edvel<\/p>\n<p>MOQ: 1000PCS<\/p>","protected":false},"featured_media":12104,"template":"","meta":{"_acf_changed":false},"product_brand":[],"product_cat":[325,341],"product_tag":[],"class_list":{"0":"post-12094","1":"product","2":"type-product","3":"status-publish","4":"has-post-thumbnail","6":"product_cat-road-safety-products","7":"product_cat-warning-vest-sun-shade","9":"first","10":"instock","11":"shipping-taxable","12":"product-type-simple"},"acf":[],"_links":{"self":[{"href":"https:\/\/toprisesafety.com\/pt\/wp-json\/wp\/v2\/product\/12094"}],"collection":[{"href":"https:\/\/toprisesafety.com\/pt\/wp-json\/wp\/v2\/product"}],"about":[{"href":"https:\/\/toprisesafety.com\/pt\/wp-json\/wp\/v2\/types\/product"}],"wp:featuredmedia":[{"embeddable":true,"href":"https:\/\/toprisesafety.com\/pt\/wp-json\/wp\/v2\/media\/12104"}],"wp:attachment":[{"href":"https:\/\/toprisesafety.com\/pt\/wp-json\/wp\/v2\/media?parent=12094"}],"wp:term":[{"taxonomy":"product_brand","embeddable":true,"href":"https:\/\/toprisesafety.com\/pt\/wp-json\/wp\/v2\/product_brand?post=12094"},{"taxonomy":"product_cat","embeddable":true,"href":"https:\/\/toprisesafety.com\/pt\/wp-json\/wp\/v2\/product_cat?post=12094"},{"taxonomy":"product_tag","embeddable":true,"href":"https:\/\/toprisesafety.com\/pt\/wp-json\/wp\/v2\/product_tag?post=12094"}],"curies":[{"name":"wp","href":"https:\/\/api.w.org\/{rel}","templated":true}]}}