{"id":12082,"date":"2025-04-30T06:07:29","date_gmt":"2025-04-30T06:07:29","guid":{"rendered":"https:\/\/toprisesafety.com\/?post_type=product&#038;p=12082"},"modified":"2025-05-06T07:18:47","modified_gmt":"2025-05-06T07:18:47","slug":"hard-hat-sun-shade-neck-cover-and-face-scarf-and-oversleeve-set","status":"publish","type":"product","link":"https:\/\/toprisesafety.com\/pt\/produto\/hard-hat-sun-shade-neck-cover-and-face-scarf-and-oversleeve-set\/","title":{"rendered":"Conjunto de chap\u00e9u de prote\u00e7\u00e3o solar, protetor de pesco\u00e7o, len\u00e7o facial e mangas"},"content":{"rendered":"<h2>Conjunto de chap\u00e9u de prote\u00e7\u00e3o solar, protetor de pesco\u00e7o, len\u00e7o facial e mangas<\/h2>\n<ul>\n<li>Sunshade curtains provide sun protection and neck protection to prevent sunburn and scalding.<\/li>\n<li>The ice sleeves are cool and breathable, making long-term work more comfortable.<\/li>\n<li>The scarf is dust-proof and sun-proof, providing comprehensive protection for the face and neck.<\/li>\n<li>High-brightness reflective strips enhance safety in night or low-light environments.<\/li>\n<li>Customizable logos and packaging to meet the brand promotion needs of enterprises.<\/li>\n<\/ul>\n<table>\n<tbody>\n<tr>\n<td width=\"284\">ART NO.<\/td>\n<td width=\"284\">NS01<\/td>\n<\/tr>\n<tr>\n<td width=\"284\">Material do tecido<\/td>\n<td width=\"284\">100%polyester mesh fabic, 110g\/sqm.<\/td>\n<\/tr>\n<tr>\n<td width=\"284\">Sun shade neck cover size<\/td>\n<td width=\"284\">46CM circle diameter*24CM height<\/td>\n<\/tr>\n<tr>\n<td width=\"284\">Face scarf size<\/td>\n<td width=\"284\">24CM width * 40 CM height<\/td>\n<\/tr>\n<tr>\n<td width=\"284\">Oversleeves size<\/td>\n<td width=\"284\">9CM width *45CM length * 13CM width<\/td>\n<\/tr>\n<tr>\n<td width=\"284\">Fita refletiva<\/td>\n<td width=\"284\">1.5cm hot-gross heat strip.<\/td>\n<\/tr>\n<tr>\n<td width=\"284\">Cor<\/td>\n<td width=\"284\">Fluorecent yellow, blue, orange-red, grey or customized.<\/td>\n<\/tr>\n<tr>\n<td width=\"284\">Logotipo<\/td>\n<td width=\"284\">Impress\u00e3o do logotipo do cliente, bordado ou etiqueta com o logotipo est\u00e3o dispon\u00edveis<\/td>\n<\/tr>\n<tr>\n<td width=\"284\">MOQ<\/td>\n<td width=\"284\">1000 PCS<\/td>\n<\/tr>\n<tr>\n<td width=\"284\">Embalagem<\/td>\n<td width=\"284\">1PC\/OPP, 50PC\/CTN, embalagem especial de acordo com a exig\u00eancia do cliente<\/td>\n<\/tr>\n<\/tbody>\n<\/table>\n<p>O TOPRISE oferece suporte a v\u00e1rios estilos de personaliza\u00e7\u00e3o de coletes de seguran\u00e7a; clique para <a href=\"https:\/\/toprisesafety.com\/pt\/categoria-produto\/road-safety-products\/warning-wear\/warning-vest-sun-shade\/\">veja mais estilos de coletes de seguran\u00e7a.<\/a><\/p>\n<p>Se voc\u00ea n\u00e3o encontrar os coletes de seguran\u00e7a necess\u00e1rios,<a href=\"https:\/\/toprisesafety.com\/pt\/contact-us\/\"> Entre em contato conosco;<\/a> Oferecemos suporte \u00e0 personaliza\u00e7\u00e3o especial.<\/p>","protected":false},"excerpt":{"rendered":"<p>Art No.: NS02<\/p>\n<p>Sun Shade Neck Cover Material:\u00a0100% polyester mesh fabric,110g\/sqm<\/p>\n<p>Face Scarf &amp; Oversleeves Material: milk fiber<\/p>\n<p>Sun Shade Neck Cover Size: 46CM circle diameter * 24CM height<\/p>\n<p>Face Scarf size: 24CM width *40 CM height<\/p>\n<p>Oversleeves size: 9 CM width *45CM length *13CM width<\/p>\n<p>Reflective tape : 1.5cm\u00a0hot-gross heat strip<\/p>\n<p>Color: Fluorescent yellow, blue, orange-red, grey or customized.<\/p>\n<p>Impress\u00e3o do logotipo: dispon\u00edvel<\/p>\n<p>MOQ: 1000PCS<\/p>","protected":false},"featured_media":12086,"template":"","meta":{"_acf_changed":false},"product_brand":[],"product_cat":[341,325],"product_tag":[],"class_list":{"0":"post-12082","1":"product","2":"type-product","3":"status-publish","4":"has-post-thumbnail","6":"product_cat-warning-vest-sun-shade","7":"product_cat-road-safety-products","9":"first","10":"instock","11":"shipping-taxable","12":"product-type-simple"},"acf":[],"_links":{"self":[{"href":"https:\/\/toprisesafety.com\/pt\/wp-json\/wp\/v2\/product\/12082"}],"collection":[{"href":"https:\/\/toprisesafety.com\/pt\/wp-json\/wp\/v2\/product"}],"about":[{"href":"https:\/\/toprisesafety.com\/pt\/wp-json\/wp\/v2\/types\/product"}],"wp:featuredmedia":[{"embeddable":true,"href":"https:\/\/toprisesafety.com\/pt\/wp-json\/wp\/v2\/media\/12086"}],"wp:attachment":[{"href":"https:\/\/toprisesafety.com\/pt\/wp-json\/wp\/v2\/media?parent=12082"}],"wp:term":[{"taxonomy":"product_brand","embeddable":true,"href":"https:\/\/toprisesafety.com\/pt\/wp-json\/wp\/v2\/product_brand?post=12082"},{"taxonomy":"product_cat","embeddable":true,"href":"https:\/\/toprisesafety.com\/pt\/wp-json\/wp\/v2\/product_cat?post=12082"},{"taxonomy":"product_tag","embeddable":true,"href":"https:\/\/toprisesafety.com\/pt\/wp-json\/wp\/v2\/product_tag?post=12082"}],"curies":[{"name":"wp","href":"https:\/\/api.w.org\/{rel}","templated":true}]}}