{"id":12077,"date":"2025-04-29T07:21:19","date_gmt":"2025-04-29T07:21:19","guid":{"rendered":"https:\/\/toprisesafety.com\/?post_type=product&#038;p=12077"},"modified":"2025-05-06T07:52:48","modified_gmt":"2025-05-06T07:52:48","slug":"hi-vis-jacket","status":"publish","type":"product","link":"https:\/\/toprisesafety.com\/pt\/produto\/hi-vis-jacket\/","title":{"rendered":"Jaqueta Hi Vis"},"content":{"rendered":"<h2>Jaqueta Hi Vis<\/h2>\n<ul>\n<li>Material de tecido Oxford 300D: Feito de tecido Oxford resistente ao desgaste e \u00e0 prova d'\u00e1gua, ele garante excelente prote\u00e7\u00e3o para a jaqueta em condi\u00e7\u00f5es clim\u00e1ticas adversas e aumenta a durabilidade.<\/li>\n<li>Camada de isolamento de 160 g de fio de seda: Cont\u00e9m uma camada de fio de seda, que proporciona desempenho adicional de isolamento. \u00c9 adequado para uso em ambientes frios, mantendo o conforto e o calor.<\/li>\n<li>Faixa refletiva de alto brilho de 5 cm: O design da faixa refletiva de alto brilho proporciona excelente visibilidade em ambientes com pouca luz e aumenta a seguran\u00e7a no trabalho.<\/li>\n<li>Design dobr\u00e1vel do chap\u00e9u: O chap\u00e9u pode ser dobrado para facilitar o armazenamento, reduzindo a carga desnecess\u00e1ria e aumentando a flexibilidade de uso.<\/li>\n<li>Design com el\u00e1stico na bainha: A bainha pode ser ajustada com faixas el\u00e1sticas para garantir um melhor ajuste, evitar a entrada de vento frio e aumentar a reten\u00e7\u00e3o de calor.<\/li>\n<li>Personaliza\u00e7\u00e3o de logotipo: Oferece suporte a logotipos personalizados para aprimorar a personalidade e o reconhecimento da marca.<\/li>\n<li>Embalagem personalizada: Oferecemos servi\u00e7os de embalagem personalizada para atender \u00e0s necessidades dos clientes e aumentar o apelo de nossos produtos no mercado.<\/li>\n<\/ul>\n<table>\n<tbody>\n<tr>\n<td width=\"284\">ART NO.<\/td>\n<td width=\"284\">SJ04<\/td>\n<\/tr>\n<tr>\n<td width=\"284\">Material do tecido<\/td>\n<td width=\"284\">300D oxford com revestimento de PU, interior de 160 gramas de algod\u00e3o mercerizado<\/td>\n<\/tr>\n<tr>\n<td width=\"284\">Fita refletiva<\/td>\n<td width=\"284\">Fita refletiva de alta visibilidade de 5 cm<\/td>\n<\/tr>\n<tr>\n<td width=\"284\">Cor<\/td>\n<td width=\"284\">Amarelo fluorescente\/laranja-vermelho\/amarelo fluorescente+azul marinho ou personalizado<\/td>\n<\/tr>\n<tr>\n<td width=\"284\">Logotipo<\/td>\n<td width=\"284\">Impress\u00e3o do logotipo do cliente, bordado ou etiqueta com o logotipo est\u00e3o dispon\u00edveis<\/td>\n<\/tr>\n<tr>\n<td width=\"284\">MOQ<\/td>\n<td width=\"284\">1000 PCS<\/td>\n<\/tr>\n<tr>\n<td width=\"284\">Embalagem<\/td>\n<td width=\"284\">1PC\/OPP, 50PC\/CTN, embalagem especial de acordo com a exig\u00eancia do cliente<\/td>\n<\/tr>\n<\/tbody>\n<\/table>\n<p>A TOPRISE oferece suporte a v\u00e1rios estilos de jaquetas de seguran\u00e7a, camisetas refletivas e personaliza\u00e7\u00e3o de capuzes de seguran\u00e7a; clique para <a href=\"https:\/\/toprisesafety.com\/pt\/categoria-produto\/road-safety-products\/warning-wear\/warning-jacket-t-shirt-hoodie\/\">veja mais estilos de roupas de trabalho de seguran\u00e7a.<\/a><\/p>\n<p>Se n\u00e3o encontrar o vestu\u00e1rio de trabalho de seguran\u00e7a exigido, como coletes de seguran\u00e7a, camisetas refletivas, capuzes de seguran\u00e7a, etc., n\u00e3o se preocupe, <a href=\"https:\/\/toprisesafety.com\/pt\/contact-us\/\">Entre em contato conosco;<\/a> Oferecemos suporte \u00e0 personaliza\u00e7\u00e3o especial.<\/p>","protected":false},"excerpt":{"rendered":"<p>N\u00ba do art.: SJ07<\/p>\n<p>Material: oxford 300D com revestimento de PU, interior com 160 gramas de algod\u00e3o mercerizado<\/p>\n<p>Tamanhos: S-XXXL ou personalizado<\/p>\n<p>Fita refletiva: 5 cm de fita refletiva de alta visibilidade<\/p>\n<p>Cor: amarelo fluorescente \/vermelho alaranjado\/ amarelo fluorescente + azul marinho ou personalizado<\/p>\n<p>Impress\u00e3o do logotipo: dispon\u00edvel<\/p>\n<p>MOQ: 1000PCS<\/p>","protected":false},"featured_media":12078,"template":"","meta":{"_acf_changed":false},"product_brand":[],"product_cat":[339,325],"product_tag":[],"class_list":{"0":"post-12077","1":"product","2":"type-product","3":"status-publish","4":"has-post-thumbnail","6":"product_cat-warning-jacket-t-shirt-hoodie","7":"product_cat-road-safety-products","9":"first","10":"instock","11":"shipping-taxable","12":"product-type-simple"},"acf":[],"_links":{"self":[{"href":"https:\/\/toprisesafety.com\/pt\/wp-json\/wp\/v2\/product\/12077","targetHints":{"allow":["GET"]}}],"collection":[{"href":"https:\/\/toprisesafety.com\/pt\/wp-json\/wp\/v2\/product"}],"about":[{"href":"https:\/\/toprisesafety.com\/pt\/wp-json\/wp\/v2\/types\/product"}],"wp:featuredmedia":[{"embeddable":true,"href":"https:\/\/toprisesafety.com\/pt\/wp-json\/wp\/v2\/media\/12078"}],"wp:attachment":[{"href":"https:\/\/toprisesafety.com\/pt\/wp-json\/wp\/v2\/media?parent=12077"}],"wp:term":[{"taxonomy":"product_brand","embeddable":true,"href":"https:\/\/toprisesafety.com\/pt\/wp-json\/wp\/v2\/product_brand?post=12077"},{"taxonomy":"product_cat","embeddable":true,"href":"https:\/\/toprisesafety.com\/pt\/wp-json\/wp\/v2\/product_cat?post=12077"},{"taxonomy":"product_tag","embeddable":true,"href":"https:\/\/toprisesafety.com\/pt\/wp-json\/wp\/v2\/product_tag?post=12077"}],"curies":[{"name":"wp","href":"https:\/\/api.w.org\/{rel}","templated":true}]}}