{"id":12058,"date":"2025-04-29T06:59:06","date_gmt":"2025-04-29T06:59:06","guid":{"rendered":"https:\/\/toprisesafety.com\/?post_type=product&#038;p=12058"},"modified":"2025-05-06T07:53:58","modified_gmt":"2025-05-06T07:53:58","slug":"reflective-safety-jacket","status":"publish","type":"product","link":"https:\/\/toprisesafety.com\/pt\/produto\/reflective-safety-jacket\/","title":{"rendered":"Jaqueta de seguran\u00e7a refletiva"},"content":{"rendered":"<h2>Jaqueta de seguran\u00e7a refletiva<\/h2>\n<ul>\n<li>Revestimento de PU em tecido Oxford 300D: Feito de tecido Oxford resistente ao desgaste e \u00e0 prova d'\u00e1gua, o revestimento de PU aumenta a resist\u00eancia ao vento e \u00e0 \u00e1gua, adaptando-se a v\u00e1rias condi\u00e7\u00f5es clim\u00e1ticas adversas e mantendo a secura e o conforto.<\/li>\n<li>Forro de algod\u00e3o mercerizado de 160 g: Contendo algod\u00e3o mercerizado, \u00e9 macio e confort\u00e1vel, aprimorando a experi\u00eancia de uso e mantendo-se aquecido, adequado para ambientes de baixa temperatura.<\/li>\n<li>Faixa refletiva de alto brilho de 5 cm: O design da faixa refletiva de alto brilho garante a visibilidade \u00e0 noite ou em condi\u00e7\u00f5es de pouca luz, aumentando a seguran\u00e7a.<\/li>\n<li>Design com bloqueio de cores: O design moderno com bloqueio de cores aprimora o efeito visual, al\u00e9m de proporcionar alta visibilidade e aumentar o reconhecimento.<\/li>\n<li>Personaliza\u00e7\u00e3o do LOGOTIPO: Oferece suporte \u00e0 personaliza\u00e7\u00e3o do LOGOTIPO para aprimorar o reconhecimento da marca e atender \u00e0s necessidades personalizadas.<\/li>\n<li>O chap\u00e9u pode ser guardado na gola alta, o que \u00e9 conveniente para o armazenamento e aumenta o conforto, adaptando-se a diferentes mudan\u00e7as clim\u00e1ticas.<\/li>\n<li>Design de cintura el\u00e1stica: O design el\u00e1stico da cintura na bainha garante um bom ajuste e conforto, adaptando-se a diferentes formas do corpo e evitando a entrada de vento frio.<\/li>\n<\/ul>\n<table>\n<tbody>\n<tr>\n<td width=\"284\">ART NO.<\/td>\n<td width=\"284\">SJ04<\/td>\n<\/tr>\n<tr>\n<td width=\"284\">Material do tecido<\/td>\n<td width=\"284\">300D oxford com revestimento de PU, interior de 160 gramas de algod\u00e3o mercerizado<\/td>\n<\/tr>\n<tr>\n<td width=\"284\">Fita refletiva<\/td>\n<td width=\"284\">Fita refletiva de alta visibilidade de 5 cm<\/td>\n<\/tr>\n<tr>\n<td width=\"284\">Cor<\/td>\n<td width=\"284\">Amarelo fluorescente\/laranja-vermelho\/amarelo fluorescente+azul marinho ou personalizado<\/td>\n<\/tr>\n<tr>\n<td width=\"284\">Logotipo<\/td>\n<td width=\"284\">Impress\u00e3o do logotipo do cliente, bordado ou etiqueta com o logotipo est\u00e3o dispon\u00edveis<\/td>\n<\/tr>\n<tr>\n<td width=\"284\">MOQ<\/td>\n<td width=\"284\">1000 PCS<\/td>\n<\/tr>\n<tr>\n<td width=\"284\">Embalagem<\/td>\n<td width=\"284\">1PC\/OPP, 50PC\/CTN, embalagem especial de acordo com a exig\u00eancia do cliente<\/td>\n<\/tr>\n<\/tbody>\n<\/table>\n<p>A TOPRISE oferece suporte a v\u00e1rios estilos de jaquetas de seguran\u00e7a, camisetas refletivas e personaliza\u00e7\u00e3o de capuzes de seguran\u00e7a; clique para <a href=\"https:\/\/toprisesafety.com\/pt\/categoria-produto\/road-safety-products\/warning-wear\/warning-jacket-t-shirt-hoodie\/\">veja mais estilos de roupas de trabalho de seguran\u00e7a.<\/a><\/p>\n<p>Se n\u00e3o encontrar o vestu\u00e1rio de trabalho de seguran\u00e7a exigido, como coletes de seguran\u00e7a, camisetas refletivas, capuzes de seguran\u00e7a, etc., n\u00e3o se preocupe, <a href=\"https:\/\/toprisesafety.com\/pt\/contact-us\/\">Entre em contato conosco;<\/a> Oferecemos suporte \u00e0 personaliza\u00e7\u00e3o especial.<\/p>","protected":false},"excerpt":{"rendered":"<p>N\u00ba do art.: SJ04<\/p>\n<p>Material: oxford 300D com revestimento de PU, interior com 160 gramas de algod\u00e3o mercerizado<\/p>\n<p>Tamanhos: S-XXXL ou personalizado<\/p>\n<p>Fita refletiva: 5 cm de fita refletiva de alta visibilidade<\/p>\n<p>Cor: amarelo fluorescente \/vermelho alaranjado\/ amarelo fluorescente + azul marinho ou personalizado<\/p>\n<p>Impress\u00e3o do logotipo: dispon\u00edvel<\/p>\n<p>MOQ: 1000PCS<\/p>","protected":false},"featured_media":12064,"template":"","meta":{"_acf_changed":false},"product_brand":[],"product_cat":[339,325],"product_tag":[],"class_list":{"0":"post-12058","1":"product","2":"type-product","3":"status-publish","4":"has-post-thumbnail","6":"product_cat-warning-jacket-t-shirt-hoodie","7":"product_cat-road-safety-products","9":"first","10":"instock","11":"shipping-taxable","12":"product-type-simple"},"acf":[],"_links":{"self":[{"href":"https:\/\/toprisesafety.com\/pt\/wp-json\/wp\/v2\/product\/12058"}],"collection":[{"href":"https:\/\/toprisesafety.com\/pt\/wp-json\/wp\/v2\/product"}],"about":[{"href":"https:\/\/toprisesafety.com\/pt\/wp-json\/wp\/v2\/types\/product"}],"wp:featuredmedia":[{"embeddable":true,"href":"https:\/\/toprisesafety.com\/pt\/wp-json\/wp\/v2\/media\/12064"}],"wp:attachment":[{"href":"https:\/\/toprisesafety.com\/pt\/wp-json\/wp\/v2\/media?parent=12058"}],"wp:term":[{"taxonomy":"product_brand","embeddable":true,"href":"https:\/\/toprisesafety.com\/pt\/wp-json\/wp\/v2\/product_brand?post=12058"},{"taxonomy":"product_cat","embeddable":true,"href":"https:\/\/toprisesafety.com\/pt\/wp-json\/wp\/v2\/product_cat?post=12058"},{"taxonomy":"product_tag","embeddable":true,"href":"https:\/\/toprisesafety.com\/pt\/wp-json\/wp\/v2\/product_tag?post=12058"}],"curies":[{"name":"wp","href":"https:\/\/api.w.org\/{rel}","templated":true}]}}