{"id":12055,"date":"2025-04-29T06:44:46","date_gmt":"2025-04-29T06:44:46","guid":{"rendered":"https:\/\/toprisesafety.com\/?post_type=product&#038;p=12055"},"modified":"2025-05-06T07:54:27","modified_gmt":"2025-05-06T07:54:27","slug":"safety-reflective-shirts","status":"publish","type":"product","link":"https:\/\/toprisesafety.com\/pt\/produto\/safety-reflective-shirts\/","title":{"rendered":"Camisas refletivas de seguran\u00e7a"},"content":{"rendered":"<h2>Camisas refletivas de seguran\u00e7a<\/h2>\n<ul>\n<li>130 g\/sqm 100% polyester bird&#8217;s-eye fabric: Made of high-quality 100% polyester bird&#8217;s eye fabric, it has good breathability and is suitable for long-term wearing.<\/li>\n<li>5CM high-brightness reflective strip: The high-brightness reflective strip enhances visibility and ensures safety in low-light environments.<\/li>\n<li>Chest pocket design: It offers a practical pocket design for convenient storage of small items, enhancing convenience.<\/li>\n<li>Personaliza\u00e7\u00e3o de logotipo: Suporta logotipos personalizados para aumentar o reconhecimento e a personaliza\u00e7\u00e3o da marca.<\/li>\n<li>Customized packaging: We offer customized packaging services to meet customer needs and enhance market competitiveness.<\/li>\n<\/ul>\n<table>\n<tbody>\n<tr>\n<td width=\"284\">ART NO.<\/td>\n<td width=\"284\">RT07<\/td>\n<\/tr>\n<tr>\n<td width=\"284\">Material do tecido<\/td>\n<td width=\"284\">100% poli\u00e9ster, 130g\/m\u00b2<\/td>\n<\/tr>\n<tr>\n<td width=\"284\">Fita refletiva<\/td>\n<td width=\"284\">Fita refletiva de alta visibilidade de 5 cm<\/td>\n<\/tr>\n<tr>\n<td width=\"284\">Peso do material<\/td>\n<td width=\"284\">130g\/m\u00b2<\/td>\n<\/tr>\n<tr>\n<td width=\"284\">Cor<\/td>\n<td width=\"284\">Fluorescent yellow or customized<\/td>\n<\/tr>\n<tr>\n<td width=\"284\">Pesco\u00e7o<\/td>\n<td width=\"284\">Gola redonda<\/td>\n<\/tr>\n<tr>\n<td width=\"284\">Logotipo<\/td>\n<td width=\"284\">Impress\u00e3o do logotipo do cliente, bordado ou etiqueta com o logotipo est\u00e3o dispon\u00edveis<\/td>\n<\/tr>\n<tr>\n<td width=\"284\">MOQ<\/td>\n<td width=\"284\">1000 PCS<\/td>\n<\/tr>\n<tr>\n<td width=\"284\">Embalagem<\/td>\n<td width=\"284\">1PC\/OPP, 50PC\/CTN, embalagem especial de acordo com a exig\u00eancia do cliente<\/td>\n<\/tr>\n<\/tbody>\n<\/table>\n<p>A TOPRISE oferece suporte a v\u00e1rios estilos de jaquetas de seguran\u00e7a, camisetas refletivas e personaliza\u00e7\u00e3o de capuzes de seguran\u00e7a; clique para <a href=\"https:\/\/toprisesafety.com\/pt\/categoria-produto\/road-safety-products\/warning-wear\/warning-jacket-t-shirt-hoodie\/\">veja mais estilos de roupas de trabalho de seguran\u00e7a.<\/a><\/p>\n<p>Se n\u00e3o encontrar o vestu\u00e1rio de trabalho de seguran\u00e7a exigido, como coletes de seguran\u00e7a, camisetas refletivas, capuzes de seguran\u00e7a, etc., n\u00e3o se preocupe, <a href=\"https:\/\/toprisesafety.com\/pt\/contact-us\/\">Entre em contato conosco;<\/a> Oferecemos suporte \u00e0 personaliza\u00e7\u00e3o especial.<\/p>","protected":false},"excerpt":{"rendered":"<p>Art No.: RT07<\/p>\n<p>Material: 100%polyester,130g\/sqm<\/p>\n<p>Tamanhos: S-XXXL ou personalizado<\/p>\n<p>Fita refletiva: 5 cm de fita refletiva de alta visibilidade<\/p>\n<p>Color: Fluorescent yellow\u00a0or customized<\/p>\n<p>Impress\u00e3o do logotipo: dispon\u00edvel<\/p>\n<p>MOQ: 1000PCS<\/p>","protected":false},"featured_media":12056,"template":"","meta":{"_acf_changed":false},"product_brand":[],"product_cat":[325,339],"product_tag":[],"class_list":{"0":"post-12055","1":"product","2":"type-product","3":"status-publish","4":"has-post-thumbnail","6":"product_cat-road-safety-products","7":"product_cat-warning-jacket-t-shirt-hoodie","9":"first","10":"instock","11":"shipping-taxable","12":"product-type-simple"},"acf":[],"_links":{"self":[{"href":"https:\/\/toprisesafety.com\/pt\/wp-json\/wp\/v2\/product\/12055"}],"collection":[{"href":"https:\/\/toprisesafety.com\/pt\/wp-json\/wp\/v2\/product"}],"about":[{"href":"https:\/\/toprisesafety.com\/pt\/wp-json\/wp\/v2\/types\/product"}],"wp:featuredmedia":[{"embeddable":true,"href":"https:\/\/toprisesafety.com\/pt\/wp-json\/wp\/v2\/media\/12056"}],"wp:attachment":[{"href":"https:\/\/toprisesafety.com\/pt\/wp-json\/wp\/v2\/media?parent=12055"}],"wp:term":[{"taxonomy":"product_brand","embeddable":true,"href":"https:\/\/toprisesafety.com\/pt\/wp-json\/wp\/v2\/product_brand?post=12055"},{"taxonomy":"product_cat","embeddable":true,"href":"https:\/\/toprisesafety.com\/pt\/wp-json\/wp\/v2\/product_cat?post=12055"},{"taxonomy":"product_tag","embeddable":true,"href":"https:\/\/toprisesafety.com\/pt\/wp-json\/wp\/v2\/product_tag?post=12055"}],"curies":[{"name":"wp","href":"https:\/\/api.w.org\/{rel}","templated":true}]}}