{"id":12043,"date":"2025-04-29T05:25:18","date_gmt":"2025-04-29T05:25:18","guid":{"rendered":"https:\/\/toprisesafety.com\/?post_type=product&#038;p=12043"},"modified":"2025-05-06T07:55:37","modified_gmt":"2025-05-06T07:55:37","slug":"high-visibility-work-t-shirt","status":"publish","type":"product","link":"https:\/\/toprisesafety.com\/pt\/produto\/high-visibility-work-t-shirt\/","title":{"rendered":"Camiseta de trabalho de alta visibilidade"},"content":{"rendered":"<h2>Camiseta de trabalho de alta visibilidade<\/h2>\n<ul>\n<li>Design respir\u00e1vel com gola redonda: Design confort\u00e1vel com gola redonda, feito de tecido respir\u00e1vel com formato de olho de p\u00e1ssaro, adequado para uso prolongado e para manter a calma.<\/li>\n<li>Faixas refletivas de alta visibilidade: As faixas refletivas oferecem excelente visibilidade e aumentam a seguran\u00e7a \u00e0 noite ou em ambientes com pouca luz.<\/li>\n<li>Roupas de advert\u00eancia para constru\u00e7\u00e3o: especialmente projetadas para constru\u00e7\u00e3o, elas atendem aos requisitos de seguran\u00e7a do setor.<\/li>\n<li>Combina\u00e7\u00e3o de cores ou design de cor s\u00f3lida: Oferecemos op\u00e7\u00f5es de combina\u00e7\u00e3o de cores e design de cores s\u00f3lidas para atender \u00e0s necessidades de diferentes clientes.<\/li>\n<li>Design de bolso no peito: O design conveniente do bolso facilita o armazenamento de itens pequenos e aumenta a praticidade.<\/li>\n<li>Personaliza\u00e7\u00e3o de logotipo: Oferece suporte a logotipos personalizados para aprimorar a personalidade e o reconhecimento da marca.<\/li>\n<li>Embalagem personalizada: Oferecemos servi\u00e7os de embalagem personalizada para atender \u00e0s demandas personalizadas dos clientes e aumentar a competitividade no mercado.<\/li>\n<\/ul>\n<table>\n<tbody>\n<tr>\n<td width=\"284\">ART NO.<\/td>\n<td width=\"284\">RT05<\/td>\n<\/tr>\n<tr>\n<td width=\"284\">Material do tecido<\/td>\n<td width=\"284\">100% poli\u00e9ster, 130g\/m\u00b2<\/td>\n<\/tr>\n<tr>\n<td width=\"284\">Fita refletiva<\/td>\n<td width=\"284\">Fita refletiva de alta visibilidade de 5 cm<\/td>\n<\/tr>\n<tr>\n<td width=\"284\">Peso do material<\/td>\n<td width=\"284\">130g\/m\u00b2<\/td>\n<\/tr>\n<tr>\n<td width=\"284\">Cor<\/td>\n<td width=\"284\">Amarelo fluorescente + preto, laranja fluorescente + preto, cor preta ou personalizado<\/td>\n<\/tr>\n<tr>\n<td width=\"284\">Pesco\u00e7o<\/td>\n<td width=\"284\">Gola redonda<\/td>\n<\/tr>\n<tr>\n<td width=\"284\">Logotipo<\/td>\n<td width=\"284\">Impress\u00e3o do logotipo do cliente, bordado ou etiqueta com o logotipo est\u00e3o dispon\u00edveis<\/td>\n<\/tr>\n<tr>\n<td width=\"284\">MOQ<\/td>\n<td width=\"284\">1000 PCS<\/td>\n<\/tr>\n<tr>\n<td width=\"284\">Embalagem<\/td>\n<td width=\"284\">1PC\/OPP, 50PC\/CTN, embalagem especial de acordo com a exig\u00eancia do cliente<\/td>\n<\/tr>\n<\/tbody>\n<\/table>\n<p>A TOPRISE oferece suporte a v\u00e1rios estilos de jaquetas de seguran\u00e7a, camisetas refletivas e personaliza\u00e7\u00e3o de capuzes de seguran\u00e7a; clique para <a href=\"https:\/\/toprisesafety.com\/pt\/categoria-produto\/road-safety-products\/warning-wear\/warning-jacket-t-shirt-hoodie\/\">veja mais estilos de roupas de trabalho de seguran\u00e7a.<\/a><\/p>\n<p>Se n\u00e3o encontrar o vestu\u00e1rio de trabalho de seguran\u00e7a exigido, como coletes de seguran\u00e7a, camisetas refletivas, capuzes de seguran\u00e7a, etc., n\u00e3o se preocupe, <a href=\"https:\/\/toprisesafety.com\/pt\/contact-us\/\">Entre em contato conosco;<\/a> Oferecemos suporte \u00e0 personaliza\u00e7\u00e3o especial.<\/p>","protected":false},"excerpt":{"rendered":"<p>N\u00ba do art.: RT05<\/p>\n<p>Material: 100%polyester,130g\/sqm<\/p>\n<p>Tamanhos: S-XXXL ou personalizado<\/p>\n<p>Fita refletiva: 5 cm de fita refletiva de alta visibilidade<\/p>\n<p>Cor: amarelo fluorescente + preto\/ laranja fluorescente + preto\/ preto<\/p>\n<p>Impress\u00e3o do logotipo: dispon\u00edvel<\/p>\n<p>MOQ: 1000PCS<\/p>","protected":false},"featured_media":12045,"template":"","meta":{"_acf_changed":false},"product_brand":[],"product_cat":[325,339,338],"product_tag":[],"class_list":{"0":"post-12043","1":"product","2":"type-product","3":"status-publish","4":"has-post-thumbnail","6":"product_cat-road-safety-products","7":"product_cat-warning-jacket-t-shirt-hoodie","8":"product_cat-warning-wear","10":"first","11":"instock","12":"shipping-taxable","13":"product-type-simple"},"acf":[],"_links":{"self":[{"href":"https:\/\/toprisesafety.com\/pt\/wp-json\/wp\/v2\/product\/12043"}],"collection":[{"href":"https:\/\/toprisesafety.com\/pt\/wp-json\/wp\/v2\/product"}],"about":[{"href":"https:\/\/toprisesafety.com\/pt\/wp-json\/wp\/v2\/types\/product"}],"wp:featuredmedia":[{"embeddable":true,"href":"https:\/\/toprisesafety.com\/pt\/wp-json\/wp\/v2\/media\/12045"}],"wp:attachment":[{"href":"https:\/\/toprisesafety.com\/pt\/wp-json\/wp\/v2\/media?parent=12043"}],"wp:term":[{"taxonomy":"product_brand","embeddable":true,"href":"https:\/\/toprisesafety.com\/pt\/wp-json\/wp\/v2\/product_brand?post=12043"},{"taxonomy":"product_cat","embeddable":true,"href":"https:\/\/toprisesafety.com\/pt\/wp-json\/wp\/v2\/product_cat?post=12043"},{"taxonomy":"product_tag","embeddable":true,"href":"https:\/\/toprisesafety.com\/pt\/wp-json\/wp\/v2\/product_tag?post=12043"}],"curies":[{"name":"wp","href":"https:\/\/api.w.org\/{rel}","templated":true}]}}