{"id":12037,"date":"2025-04-29T05:17:19","date_gmt":"2025-04-29T05:17:19","guid":{"rendered":"https:\/\/toprisesafety.com\/?post_type=product&#038;p=12037"},"modified":"2025-05-06T07:55:59","modified_gmt":"2025-05-06T07:55:59","slug":"high-vis-long-sleeve-t-shirts","status":"publish","type":"product","link":"https:\/\/toprisesafety.com\/pt\/produto\/high-vis-long-sleeve-t-shirts\/","title":{"rendered":"Camisetas de manga longa de alta visibilidade"},"content":{"rendered":"<h2>Camisetas de manga longa de alta visibilidade<\/h2>\n<ul>\n<li>Tecido olho de p\u00e1ssaro de 130 g: Feito de tecido de olho de p\u00e1ssaro de alta qualidade, ele tem grande capacidade de respira\u00e7\u00e3o e \u00e9 adequado para uso prolongado para manter o conforto.<\/li>\n<li>Material totalmente em poli\u00e9ster: Dur\u00e1vel e f\u00e1cil de limpar, garantindo que permane\u00e7a em boas condi\u00e7\u00f5es mesmo ap\u00f3s o uso prolongado.<\/li>\n<li>Faixa refletiva de alto brilho de 5 cm: O design da faixa refletiva de alto brilho proporciona excelente visibilidade e aumenta a seguran\u00e7a noturna.<\/li>\n<li>Design de manga longa: Adequado para climas frios, proporcionando uma prote\u00e7\u00e3o mais abrangente.<\/li>\n<li>Personaliza\u00e7\u00e3o do LOGOTIPO: Oferece suporte \u00e0 personaliza\u00e7\u00e3o do LOGOTIPO para aprimorar a imagem da marca e atender \u00e0s necessidades personalizadas.<\/li>\n<li>Embalagem personalizada: Oferecemos servi\u00e7os de embalagem personalizada para atender \u00e0s demandas de diferentes mercados e clientes, aumentando nossa competitividade.<\/li>\n<\/ul>\n<table>\n<tbody>\n<tr>\n<td width=\"284\">ART NO.<\/td>\n<td width=\"284\">RT04<\/td>\n<\/tr>\n<tr>\n<td width=\"284\">Material do tecido<\/td>\n<td width=\"284\">100% poli\u00e9ster, 130g\/m\u00b2<\/td>\n<\/tr>\n<tr>\n<td width=\"284\">Fita refletiva<\/td>\n<td width=\"284\">Fita refletiva de alta visibilidade de 5 cm<\/td>\n<\/tr>\n<tr>\n<td width=\"284\">Peso do material<\/td>\n<td width=\"284\">130g\/m\u00b2<\/td>\n<\/tr>\n<tr>\n<td width=\"284\">Cor<\/td>\n<td width=\"284\">Amarelo fluorescente, preto, laranja-vermelho<\/td>\n<\/tr>\n<tr>\n<td width=\"284\">Pesco\u00e7o<\/td>\n<td width=\"284\">Gola redonda<\/td>\n<\/tr>\n<tr>\n<td width=\"284\">Logotipo<\/td>\n<td width=\"284\">Impress\u00e3o do logotipo do cliente, bordado ou etiqueta com o logotipo est\u00e3o dispon\u00edveis<\/td>\n<\/tr>\n<tr>\n<td width=\"284\">MOQ<\/td>\n<td width=\"284\">1000 PCS<\/td>\n<\/tr>\n<tr>\n<td width=\"284\">Embalagem<\/td>\n<td width=\"284\">1PC\/OPP, 50PC\/CTN, embalagem especial de acordo com a exig\u00eancia do cliente<\/td>\n<\/tr>\n<\/tbody>\n<\/table>\n<p>A TOPRISE oferece suporte a v\u00e1rios estilos de jaquetas de seguran\u00e7a, camisetas refletivas e personaliza\u00e7\u00e3o de capuzes de seguran\u00e7a; clique para <a href=\"https:\/\/toprisesafety.com\/pt\/categoria-produto\/road-safety-products\/warning-wear\/warning-jacket-t-shirt-hoodie\/\">veja mais estilos de roupas de trabalho de seguran\u00e7a.<\/a><\/p>\n<p>Se n\u00e3o encontrar o vestu\u00e1rio de trabalho de seguran\u00e7a exigido, como coletes de seguran\u00e7a, camisetas refletivas, capuzes de seguran\u00e7a, etc., n\u00e3o se preocupe, <a href=\"https:\/\/toprisesafety.com\/pt\/contact-us\/\">Entre em contato conosco;<\/a> Oferecemos suporte \u00e0 personaliza\u00e7\u00e3o especial.<\/p>","protected":false},"excerpt":{"rendered":"<p>N\u00ba do art.: RT04<\/p>\n<p>Material: 100%polyester,130g\/sqm<\/p>\n<p>Tamanhos: S-XXXL ou personalizado<\/p>\n<p>Fita refletiva: 5 cm de fita refletiva de alta visibilidade<\/p>\n<p>Cor: amarelo fluorescente\/laranja-vermelho\/preto<\/p>\n<p>Impress\u00e3o do logotipo: dispon\u00edvel<\/p>\n<p>MOQ: 1000PCS<\/p>","protected":false},"featured_media":12040,"template":"","meta":{"_acf_changed":false},"product_brand":[],"product_cat":[325,339,338],"product_tag":[],"class_list":{"0":"post-12037","1":"product","2":"type-product","3":"status-publish","4":"has-post-thumbnail","6":"product_cat-road-safety-products","7":"product_cat-warning-jacket-t-shirt-hoodie","8":"product_cat-warning-wear","10":"first","11":"instock","12":"shipping-taxable","13":"product-type-simple"},"acf":[],"_links":{"self":[{"href":"https:\/\/toprisesafety.com\/pt\/wp-json\/wp\/v2\/product\/12037"}],"collection":[{"href":"https:\/\/toprisesafety.com\/pt\/wp-json\/wp\/v2\/product"}],"about":[{"href":"https:\/\/toprisesafety.com\/pt\/wp-json\/wp\/v2\/types\/product"}],"wp:featuredmedia":[{"embeddable":true,"href":"https:\/\/toprisesafety.com\/pt\/wp-json\/wp\/v2\/media\/12040"}],"wp:attachment":[{"href":"https:\/\/toprisesafety.com\/pt\/wp-json\/wp\/v2\/media?parent=12037"}],"wp:term":[{"taxonomy":"product_brand","embeddable":true,"href":"https:\/\/toprisesafety.com\/pt\/wp-json\/wp\/v2\/product_brand?post=12037"},{"taxonomy":"product_cat","embeddable":true,"href":"https:\/\/toprisesafety.com\/pt\/wp-json\/wp\/v2\/product_cat?post=12037"},{"taxonomy":"product_tag","embeddable":true,"href":"https:\/\/toprisesafety.com\/pt\/wp-json\/wp\/v2\/product_tag?post=12037"}],"curies":[{"name":"wp","href":"https:\/\/api.w.org\/{rel}","templated":true}]}}