{"id":12031,"date":"2025-04-28T07:22:51","date_gmt":"2025-04-28T07:22:51","guid":{"rendered":"https:\/\/toprisesafety.com\/?post_type=product&#038;p=12031"},"modified":"2025-05-06T07:25:05","modified_gmt":"2025-05-06T07:25:05","slug":"rider-and-runner-safety-vest","status":"publish","type":"product","link":"https:\/\/toprisesafety.com\/pt\/produto\/rider-and-runner-safety-vest\/","title":{"rendered":"Colete de seguran\u00e7a para motociclistas e corredores"},"content":{"rendered":"<h2>Colete de seguran\u00e7a para motociclistas e corredores<\/h2>\n<ul>\n<li>Design de bolso grande: O bolso grande no peito pode armazenar facilmente itens como telefones celulares, o que facilita o transporte e aumenta a conveni\u00eancia.<\/li>\n<li>Tamanho ajust\u00e1vel: Adequado para usu\u00e1rios de diferentes tipos de corpo, proporcionando uma experi\u00eancia de uso confort\u00e1vel.<\/li>\n<li>Faixas refletivas de alto brilho: Garantem alta visibilidade \u00e0 noite ou em condi\u00e7\u00f5es de pouca luz, aumentando a seguran\u00e7a.<\/li>\n<li>Aplicabilidade em v\u00e1rios cen\u00e1rios: Ele pode ser usado em v\u00e1rios cen\u00e1rios, como corrida, ciclismo e constru\u00e7\u00e3o noturna, aumentando a seguran\u00e7a das atividades.<\/li>\n<li>Fechos de press\u00e3o de alta qualidade: Dur\u00e1veis e f\u00e1ceis de colocar e tirar, garantindo um uso est\u00e1vel.<\/li>\n<li>Personaliza\u00e7\u00e3o do LOGOTIPO: Suporta a personaliza\u00e7\u00e3o do LOGOTIPO para aumentar o reconhecimento da marca.<\/li>\n<li>Embalagens personalizadas: Oferecemos embalagens personalizadas para atender \u00e0s demandas personalizadas e aumentar o apelo do mercado.<\/li>\n<\/ul>\n<table>\n<tbody>\n<tr>\n<td width=\"284\">N\u00ba do art.<\/td>\n<td width=\"284\">SV20<\/td>\n<\/tr>\n<tr>\n<td width=\"284\">Material do tecido<\/td>\n<td width=\"284\">Fita el\u00e1stica de 4 cm, fita refletiva de alta visibilidade de 1,5 cm<\/td>\n<\/tr>\n<tr>\n<td width=\"284\">Fita refletiva<\/td>\n<td width=\"284\">Fita refletiva de alta visibilidade de 1,5 cm<\/td>\n<\/tr>\n<tr>\n<td width=\"284\">Material de fita refletiva<\/td>\n<td width=\"284\">Fita T\/C prateada<\/td>\n<\/tr>\n<tr>\n<td width=\"284\">Recurso<\/td>\n<td width=\"284\">A frente tem um bolso grande com z\u00edper<\/td>\n<\/tr>\n<tr>\n<td width=\"284\">Cor<\/td>\n<td width=\"284\">Verde fluorescente\/laranja-vermelho, rosa, preto<\/td>\n<\/tr>\n<tr>\n<td width=\"284\">Padr\u00e3o de qualidade<\/td>\n<td width=\"284\">CE EN471, CLASSE2<\/td>\n<\/tr>\n<tr>\n<td width=\"284\">Logotipo<\/td>\n<td width=\"284\">O logotipo do cliente est\u00e1 dispon\u00edvel<\/td>\n<\/tr>\n<tr>\n<td width=\"284\">MOQ<\/td>\n<td width=\"284\">1000 PE\u00c7AS<\/td>\n<\/tr>\n<tr>\n<td width=\"284\">Embalagem<\/td>\n<td width=\"284\">1PC\/OPP, 100PC\/CTN, embalagem especial de acordo com a exig\u00eancia do cliente<\/td>\n<\/tr>\n<\/tbody>\n<\/table>\n<p>O TOPRISE oferece suporte a v\u00e1rios estilos de personaliza\u00e7\u00e3o de coletes de seguran\u00e7a; clique para <a href=\"https:\/\/toprisesafety.com\/pt\/categoria-produto\/road-safety-products\/warning-wear\/warning-vest-sun-shade\/\">veja mais estilos de coletes de seguran\u00e7a.<\/a><\/p>\n<p>Se voc\u00ea n\u00e3o encontrar os coletes de seguran\u00e7a necess\u00e1rios,<a href=\"https:\/\/toprisesafety.com\/pt\/contact-us\/\"> Entre em contato conosco;<\/a> Oferecemos suporte \u00e0 personaliza\u00e7\u00e3o especial.<\/p>","protected":false},"excerpt":{"rendered":"<p>N\u00ba do art.: SV20<\/p>\n<p>Material: Fita el\u00e1stica de 4 cm, fita refletiva de alta visibilidade de 1,5 cm<\/p>\n<p>Tamanho: tamanho livre, ajust\u00e1vel<\/p>\n<p>Caracter\u00edstica: a frente tem um bolso grande com z\u00edper<\/p>\n<p>Cor: verde fluorescente\/laranja-vermelho, rosa, preto<\/p>\n<p>Logotipo: suporte personalizado<\/p>\n<p>MOQ: 1000 PCS<\/p>","protected":false},"featured_media":12034,"template":"","meta":{"_acf_changed":false},"product_brand":[],"product_cat":[325,341],"product_tag":[],"class_list":{"0":"post-12031","1":"product","2":"type-product","3":"status-publish","4":"has-post-thumbnail","6":"product_cat-road-safety-products","7":"product_cat-warning-vest-sun-shade","9":"first","10":"instock","11":"shipping-taxable","12":"product-type-simple"},"acf":[],"_links":{"self":[{"href":"https:\/\/toprisesafety.com\/pt\/wp-json\/wp\/v2\/product\/12031"}],"collection":[{"href":"https:\/\/toprisesafety.com\/pt\/wp-json\/wp\/v2\/product"}],"about":[{"href":"https:\/\/toprisesafety.com\/pt\/wp-json\/wp\/v2\/types\/product"}],"wp:featuredmedia":[{"embeddable":true,"href":"https:\/\/toprisesafety.com\/pt\/wp-json\/wp\/v2\/media\/12034"}],"wp:attachment":[{"href":"https:\/\/toprisesafety.com\/pt\/wp-json\/wp\/v2\/media?parent=12031"}],"wp:term":[{"taxonomy":"product_brand","embeddable":true,"href":"https:\/\/toprisesafety.com\/pt\/wp-json\/wp\/v2\/product_brand?post=12031"},{"taxonomy":"product_cat","embeddable":true,"href":"https:\/\/toprisesafety.com\/pt\/wp-json\/wp\/v2\/product_cat?post=12031"},{"taxonomy":"product_tag","embeddable":true,"href":"https:\/\/toprisesafety.com\/pt\/wp-json\/wp\/v2\/product_tag?post=12031"}],"curies":[{"name":"wp","href":"https:\/\/api.w.org\/{rel}","templated":true}]}}