{"id":12027,"date":"2025-04-28T07:23:49","date_gmt":"2025-04-28T07:23:49","guid":{"rendered":"https:\/\/toprisesafety.com\/?post_type=product&#038;p=12027"},"modified":"2025-05-06T07:24:50","modified_gmt":"2025-05-06T07:24:50","slug":"childrens-safety-vest","status":"publish","type":"product","link":"https:\/\/toprisesafety.com\/pt\/produto\/childrens-safety-vest\/","title":{"rendered":"Colete de seguran\u00e7a para crian\u00e7as"},"content":{"rendered":"<h2>Colete de seguran\u00e7a para crian\u00e7as<\/h2>\n<ul>\n<li>Faixas refletivas de alto brilho: Garantem alta visibilidade para as crian\u00e7as \u00e0 noite ou em ambientes com pouca luz, garantindo a seguran\u00e7a.<\/li>\n<li>Tecido de malha de urdidura de 120 gramas: Feito de tecido de alta qualidade, \u00e9 macio e confort\u00e1vel, adequado para as crian\u00e7as usarem por muito tempo.<\/li>\n<li>Personaliza\u00e7\u00e3o de logotipo: Suporta logotipos personalizados para aumentar a personaliza\u00e7\u00e3o e o reconhecimento da marca.<\/li>\n<li>Embalagem personalizada: Oferecemos embalagens personalizadas para atender a v\u00e1rias necessidades e aumentar o apelo do produto.<\/li>\n<li>Adequado para v\u00e1rias ocasi\u00f5es: Aplic\u00e1vel a v\u00e1rios ambientes, como escolas e atividades ao ar livre, aumentando a seguran\u00e7a das crian\u00e7as.<\/li>\n<\/ul>\n<table>\n<tbody>\n<tr>\n<td width=\"284\">N\u00ba do art.<\/td>\n<td width=\"284\">SV19<\/td>\n<\/tr>\n<tr>\n<td width=\"284\">Material do tecido<\/td>\n<td width=\"284\">100% poli\u00e9ster, 120g\/m\u00b2 ou personalizado<\/td>\n<\/tr>\n<tr>\n<td width=\"284\">Fita refletiva<\/td>\n<td width=\"284\">Visibilidade normal, alta visibilidade<\/td>\n<\/tr>\n<tr>\n<td width=\"284\">Material de fita refletiva<\/td>\n<td width=\"284\">Fita T\/C prateada, treli\u00e7a de PVC, fita 3M etc.<\/td>\n<\/tr>\n<tr>\n<td width=\"284\">Peso do material<\/td>\n<td width=\"284\">120g\/sqm, 50-140G\/SQM para escolha.<\/td>\n<\/tr>\n<tr>\n<td width=\"284\">Tamanho<\/td>\n<td width=\"284\">46*50CM ou personalizado<\/td>\n<\/tr>\n<tr>\n<td width=\"284\">Cor<\/td>\n<td width=\"284\">Amarelo fluorescente, verde fluorescente, vermelho alaranjado<\/td>\n<\/tr>\n<tr>\n<td width=\"284\">Padr\u00e3o de qualidade<\/td>\n<td width=\"284\">CE EN471, CLASSE2<\/td>\n<\/tr>\n<tr>\n<td width=\"284\">Logotipo<\/td>\n<td width=\"284\">Impress\u00e3o do logotipo do cliente, bordado, logotipo refletivo ou etiqueta com logotipo est\u00e3o dispon\u00edveis<\/td>\n<\/tr>\n<tr>\n<td width=\"284\">MOQ<\/td>\n<td width=\"284\">1000 PE\u00c7AS<\/td>\n<\/tr>\n<tr>\n<td width=\"284\">Embalagem<\/td>\n<td width=\"284\">1PC\/OPP, 100PC\/CTN, embalagem especial de acordo com a exig\u00eancia do cliente<\/td>\n<\/tr>\n<\/tbody>\n<\/table>\n<p>O TOPRISE oferece suporte a v\u00e1rios estilos de personaliza\u00e7\u00e3o de coletes de seguran\u00e7a; clique para <a href=\"https:\/\/toprisesafety.com\/pt\/categoria-produto\/road-safety-products\/warning-wear\/warning-vest-sun-shade\/\">veja mais estilos de coletes de seguran\u00e7a.<\/a><\/p>\n<p>Se voc\u00ea n\u00e3o encontrar os coletes de seguran\u00e7a necess\u00e1rios,<a href=\"https:\/\/toprisesafety.com\/pt\/contact-us\/\"> Entre em contato conosco;<\/a> Oferecemos suporte \u00e0 personaliza\u00e7\u00e3o especial.<\/p>","protected":false},"excerpt":{"rendered":"<p>N\u00ba do art.: SV19<\/p>\n<p>Material: 100% poli\u00e9ster, 120g\/m\u00b2 ou personalizado.<\/p>\n<p>Tamanho: 46*50CM ou personalizado<\/p>\n<p>Cor: amarelo fluorescente\/verde\/laranja-vermelho ou personalizado<\/p>\n<p>Logotipo: suporte personalizado<\/p>\n<p>MOQ: 1000 PCS<\/p>","protected":false},"featured_media":12029,"template":"","meta":{"_acf_changed":false},"product_brand":[],"product_cat":[325,341],"product_tag":[],"class_list":{"0":"post-12027","1":"product","2":"type-product","3":"status-publish","4":"has-post-thumbnail","6":"product_cat-road-safety-products","7":"product_cat-warning-vest-sun-shade","9":"first","10":"instock","11":"shipping-taxable","12":"product-type-simple"},"acf":[],"_links":{"self":[{"href":"https:\/\/toprisesafety.com\/pt\/wp-json\/wp\/v2\/product\/12027"}],"collection":[{"href":"https:\/\/toprisesafety.com\/pt\/wp-json\/wp\/v2\/product"}],"about":[{"href":"https:\/\/toprisesafety.com\/pt\/wp-json\/wp\/v2\/types\/product"}],"wp:featuredmedia":[{"embeddable":true,"href":"https:\/\/toprisesafety.com\/pt\/wp-json\/wp\/v2\/media\/12029"}],"wp:attachment":[{"href":"https:\/\/toprisesafety.com\/pt\/wp-json\/wp\/v2\/media?parent=12027"}],"wp:term":[{"taxonomy":"product_brand","embeddable":true,"href":"https:\/\/toprisesafety.com\/pt\/wp-json\/wp\/v2\/product_brand?post=12027"},{"taxonomy":"product_cat","embeddable":true,"href":"https:\/\/toprisesafety.com\/pt\/wp-json\/wp\/v2\/product_cat?post=12027"},{"taxonomy":"product_tag","embeddable":true,"href":"https:\/\/toprisesafety.com\/pt\/wp-json\/wp\/v2\/product_tag?post=12027"}],"curies":[{"name":"wp","href":"https:\/\/api.w.org\/{rel}","templated":true}]}}