{"id":12013,"date":"2025-04-28T07:06:52","date_gmt":"2025-04-28T07:06:52","guid":{"rendered":"https:\/\/toprisesafety.com\/?post_type=product&#038;p=12013"},"modified":"2025-05-06T07:25:33","modified_gmt":"2025-05-06T07:25:33","slug":"safety-vest-with-logo","status":"publish","type":"product","link":"https:\/\/toprisesafety.com\/pt\/produto\/safety-vest-with-logo\/","title":{"rendered":"Colete de seguran\u00e7a com logotipo"},"content":{"rendered":"<h2>Colete de seguran\u00e7a com logotipo<\/h2>\n<ul>\n<li>Colete refletivo multifuncional: Adequado para canteiros de obras, servi\u00e7os de tr\u00e2nsito e outros locais, garantindo alta visibilidade no ambiente de trabalho.<\/li>\n<li>Tecido de malha de urdidura 120g + tecido de malha: Feito de tecido de alta qualidade, \u00e9 leve e respir\u00e1vel, confort\u00e1vel de usar por muito tempo e adequado para v\u00e1rios ambientes de trabalho.<\/li>\n<li>Design de bolso tridimensional: V\u00e1rios bolsos tridimensionais oferecem amplo espa\u00e7o de armazenamento, tornando-o conveniente para guardar ferramentas, certificados e outros itens.<\/li>\n<li>Faixas refletivas de alto brilho: As faixas refletivas de alto brilho aumentam a visibilidade \u00e0 noite e garantem a seguran\u00e7a da equipe.<\/li>\n<li>Design com z\u00edper: F\u00e1cil de colocar e tirar, proporcionando maior seguran\u00e7a e conforto.<\/li>\n<\/ul>\n<table>\n<tbody>\n<tr>\n<td width=\"284\">N\u00ba do art.<\/td>\n<td width=\"284\">SV17<\/td>\n<\/tr>\n<tr>\n<td width=\"284\">Material do tecido<\/td>\n<td width=\"284\">100ido fluorescente de tric\u00f4 de poli\u00e9ster + tecido de malha para escolha.<\/td>\n<\/tr>\n<tr>\n<td width=\"284\">Fita refletiva<\/td>\n<td width=\"284\">Visibilidade normal, alta visibilidade<\/td>\n<\/tr>\n<tr>\n<td width=\"284\">Material de fita refletiva<\/td>\n<td width=\"284\">Fita T\/C prateada, treli\u00e7a de PVC, fita 3M etc.<\/td>\n<\/tr>\n<tr>\n<td width=\"284\">Peso do material<\/td>\n<td width=\"284\">120g\/sqm, 50-140G\/SQM para escolha.<\/td>\n<\/tr>\n<tr>\n<td width=\"284\">Cor<\/td>\n<td width=\"284\">Amarelo fluorescente, verde fluorescente, vermelho alaranjado<\/td>\n<\/tr>\n<tr>\n<td width=\"284\">Mosca superior<\/td>\n<td width=\"284\">Z\u00edper ou velcro para escolha.<\/td>\n<\/tr>\n<tr>\n<td width=\"284\">Bolso<\/td>\n<td width=\"284\">V\u00e1rios bolsos tridimensionais<\/td>\n<\/tr>\n<tr>\n<td width=\"284\">Padr\u00e3o de qualidade<\/td>\n<td width=\"284\">CE EN471, CLASSE2<\/td>\n<\/tr>\n<tr>\n<td width=\"284\">Logotipo<\/td>\n<td width=\"284\">Impress\u00e3o do logotipo do cliente, bordado, logotipo refletivo ou etiqueta com logotipo est\u00e3o dispon\u00edveis<\/td>\n<\/tr>\n<tr>\n<td width=\"284\">MOQ<\/td>\n<td width=\"284\">1000 PE\u00c7AS<\/td>\n<\/tr>\n<tr>\n<td width=\"284\">Embalagem<\/td>\n<td width=\"284\">1PC\/OPP, 100PC\/CTN, embalagem especial de acordo com a exig\u00eancia do cliente<\/td>\n<\/tr>\n<\/tbody>\n<\/table>\n<p>O TOPRISE oferece suporte a v\u00e1rios estilos de personaliza\u00e7\u00e3o de coletes de seguran\u00e7a; clique para <a href=\"https:\/\/toprisesafety.com\/pt\/categoria-produto\/road-safety-products\/warning-wear\/warning-vest-sun-shade\/\">veja mais estilos de coletes de seguran\u00e7a.<\/a><\/p>\n<p>Se voc\u00ea n\u00e3o encontrar os coletes de seguran\u00e7a necess\u00e1rios,<a href=\"https:\/\/toprisesafety.com\/pt\/contact-us\/\"> Entre em contato conosco;<\/a> Oferecemos suporte \u00e0 personaliza\u00e7\u00e3o especial.<\/p>","protected":false},"excerpt":{"rendered":"<p>N\u00ba do art.: SV17<\/p>\n<p>Material: 100% poli\u00e9ster, 120g\/m\u00b2 ou personalizado.<\/p>\n<p>Tamanhos: S-XXXL ou personalizado<\/p>\n<p>Cor: amarelo fluorescente\/verde\/vermelho alaranjado<\/p>\n<p>Logotipo: suporte personalizado<\/p>\n<p>MOQ: 1000 PCS<\/p>","protected":false},"featured_media":12016,"template":"","meta":{"_acf_changed":false},"product_brand":[],"product_cat":[341,325],"product_tag":[],"class_list":{"0":"post-12013","1":"product","2":"type-product","3":"status-publish","4":"has-post-thumbnail","6":"product_cat-warning-vest-sun-shade","7":"product_cat-road-safety-products","9":"first","10":"instock","11":"shipping-taxable","12":"product-type-simple"},"acf":[],"_links":{"self":[{"href":"https:\/\/toprisesafety.com\/pt\/wp-json\/wp\/v2\/product\/12013"}],"collection":[{"href":"https:\/\/toprisesafety.com\/pt\/wp-json\/wp\/v2\/product"}],"about":[{"href":"https:\/\/toprisesafety.com\/pt\/wp-json\/wp\/v2\/types\/product"}],"wp:featuredmedia":[{"embeddable":true,"href":"https:\/\/toprisesafety.com\/pt\/wp-json\/wp\/v2\/media\/12016"}],"wp:attachment":[{"href":"https:\/\/toprisesafety.com\/pt\/wp-json\/wp\/v2\/media?parent=12013"}],"wp:term":[{"taxonomy":"product_brand","embeddable":true,"href":"https:\/\/toprisesafety.com\/pt\/wp-json\/wp\/v2\/product_brand?post=12013"},{"taxonomy":"product_cat","embeddable":true,"href":"https:\/\/toprisesafety.com\/pt\/wp-json\/wp\/v2\/product_cat?post=12013"},{"taxonomy":"product_tag","embeddable":true,"href":"https:\/\/toprisesafety.com\/pt\/wp-json\/wp\/v2\/product_tag?post=12013"}],"curies":[{"name":"wp","href":"https:\/\/api.w.org\/{rel}","templated":true}]}}