{"id":12005,"date":"2025-04-28T06:55:10","date_gmt":"2025-04-28T06:55:10","guid":{"rendered":"https:\/\/toprisesafety.com\/?post_type=product&#038;p=12005"},"modified":"2025-05-06T07:26:04","modified_gmt":"2025-05-06T07:26:04","slug":"safety-vest-with-pockets","status":"publish","type":"product","link":"https:\/\/toprisesafety.com\/pt\/produto\/safety-vest-with-pockets\/","title":{"rendered":"Colete de seguran\u00e7a com bolsos"},"content":{"rendered":"<h2>Colete de seguran\u00e7a com bolsos<\/h2>\n<ul>\n<li>Faixas refletivas de alto brilho: Proporcionam excelente visibilidade e garantem a seguran\u00e7a \u00e0 noite ou em condi\u00e7\u00f5es de baixa luminosidade.<\/li>\n<li>Design com bloqueio de cores: Elegante e bonito, aprimorando os efeitos visuais e melhorando a imagem da equipe.<\/li>\n<li>Tecido de malha: Respir\u00e1vel e confort\u00e1vel, adequado para uso prolongado, reduzindo a sensa\u00e7\u00e3o de entupimento.<\/li>\n<li>Z\u00edper frontal: F\u00e1cil de colocar e tirar, proporcionando maior seguran\u00e7a e conforto.<\/li>\n<li>Bolso multifuncional: Equipado com um bolso tridimensional, um bolso para cart\u00e3o de visita e um estojo para caneta, \u00e9 conveniente para armazenar ferramentas e itens e melhorar a efici\u00eancia do trabalho.<\/li>\n<li>Personaliza\u00e7\u00e3o de logotipo: Suporta logotipos personalizados para aumentar o reconhecimento da marca.<\/li>\n<li>Embalagens personalizadas: Oferecemos embalagens personalizadas para ajudar a melhorar a imagem da marca e aumentar a competitividade no mercado.<\/li>\n<\/ul>\n<table>\n<tbody>\n<tr>\n<td width=\"284\">N\u00ba do art.<\/td>\n<td width=\"284\">SV15<\/td>\n<\/tr>\n<tr>\n<td width=\"284\">Material do tecido<\/td>\n<td width=\"284\">100% Poli\u00e9ster, tecido de malha de 120 g\/m\u00b2, fitas refletivas de alta visibilidade de 5 cm.<\/td>\n<\/tr>\n<tr>\n<td width=\"284\">Fita refletiva<\/td>\n<td width=\"284\">alta visibilidade<\/td>\n<\/tr>\n<tr>\n<td width=\"284\">Material de fita refletiva<\/td>\n<td width=\"284\">Fita T\/C prateada, treli\u00e7a de PVC, fita 3M etc.<\/td>\n<\/tr>\n<tr>\n<td width=\"284\">Peso do material<\/td>\n<td width=\"284\">120g\/sqm, 50-140G\/SQM para escolha.<\/td>\n<\/tr>\n<tr>\n<td width=\"284\">Cor<\/td>\n<td width=\"284\">Amarelo fluorescente + azul marinho ou personalizado<\/td>\n<\/tr>\n<tr>\n<td width=\"284\">Mosca superior<\/td>\n<td width=\"284\">Z\u00edper ou velcro para escolha.<\/td>\n<\/tr>\n<tr>\n<td width=\"284\">Bolso<\/td>\n<td width=\"284\">V\u00e1rios bolsos tridimensionais<\/td>\n<\/tr>\n<tr>\n<td width=\"284\">Padr\u00e3o de qualidade<\/td>\n<td width=\"284\">CE EN471, CLASSE2<\/td>\n<\/tr>\n<tr>\n<td width=\"284\">Logotipo<\/td>\n<td width=\"284\">Impress\u00e3o do logotipo do cliente, bordado, logotipo refletivo ou etiqueta com logotipo est\u00e3o dispon\u00edveis<\/td>\n<\/tr>\n<tr>\n<td width=\"284\">MOQ<\/td>\n<td width=\"284\">1000 PE\u00c7AS<\/td>\n<\/tr>\n<tr>\n<td width=\"284\">Embalagem<\/td>\n<td width=\"284\">1PC\/OPP, 100PC\/CTN, embalagem especial de acordo com a exig\u00eancia do cliente<\/td>\n<\/tr>\n<\/tbody>\n<\/table>\n<p>O TOPRISE oferece suporte a v\u00e1rios estilos de personaliza\u00e7\u00e3o de coletes de seguran\u00e7a; clique para <a href=\"https:\/\/toprisesafety.com\/pt\/categoria-produto\/road-safety-products\/warning-wear\/warning-vest-sun-shade\/\">veja mais estilos de coletes de seguran\u00e7a.<\/a><\/p>\n<p>Se voc\u00ea n\u00e3o encontrar os coletes de seguran\u00e7a necess\u00e1rios,<a href=\"https:\/\/toprisesafety.com\/pt\/contact-us\/\"> Entre em contato conosco;<\/a> Oferecemos suporte \u00e0 personaliza\u00e7\u00e3o especial.<\/p>","protected":false},"excerpt":{"rendered":"<p>N\u00ba do art.: SV15<\/p>\n<p>Material: 100% poli\u00e9ster, tecido de malha de 120 g\/m\u00b2, fitas refletivas de alta visibilidade de 5 cm.<\/p>\n<p>Tamanhos: S-XXXL ou personalizado<\/p>\n<p>Cor: amarelo fluorescente + azul marinho ou personalizado<\/p>\n<p>Logotipo: suporte personalizado<\/p>\n<p>MOQ: 1000 PCS<\/p>","protected":false},"featured_media":12006,"template":"","meta":{"_acf_changed":false},"product_brand":[],"product_cat":[341,325],"product_tag":[],"class_list":{"0":"post-12005","1":"product","2":"type-product","3":"status-publish","4":"has-post-thumbnail","6":"product_cat-warning-vest-sun-shade","7":"product_cat-road-safety-products","9":"first","10":"instock","11":"shipping-taxable","12":"product-type-simple"},"acf":[],"_links":{"self":[{"href":"https:\/\/toprisesafety.com\/pt\/wp-json\/wp\/v2\/product\/12005"}],"collection":[{"href":"https:\/\/toprisesafety.com\/pt\/wp-json\/wp\/v2\/product"}],"about":[{"href":"https:\/\/toprisesafety.com\/pt\/wp-json\/wp\/v2\/types\/product"}],"wp:featuredmedia":[{"embeddable":true,"href":"https:\/\/toprisesafety.com\/pt\/wp-json\/wp\/v2\/media\/12006"}],"wp:attachment":[{"href":"https:\/\/toprisesafety.com\/pt\/wp-json\/wp\/v2\/media?parent=12005"}],"wp:term":[{"taxonomy":"product_brand","embeddable":true,"href":"https:\/\/toprisesafety.com\/pt\/wp-json\/wp\/v2\/product_brand?post=12005"},{"taxonomy":"product_cat","embeddable":true,"href":"https:\/\/toprisesafety.com\/pt\/wp-json\/wp\/v2\/product_cat?post=12005"},{"taxonomy":"product_tag","embeddable":true,"href":"https:\/\/toprisesafety.com\/pt\/wp-json\/wp\/v2\/product_tag?post=12005"}],"curies":[{"name":"wp","href":"https:\/\/api.w.org\/{rel}","templated":true}]}}