{"id":12000,"date":"2025-04-28T06:50:09","date_gmt":"2025-04-28T06:50:09","guid":{"rendered":"https:\/\/toprisesafety.com\/?post_type=product&#038;p=12000"},"modified":"2025-05-06T07:26:16","modified_gmt":"2025-05-06T07:26:16","slug":"high-vis-mesh-safety-vest","status":"publish","type":"product","link":"https:\/\/toprisesafety.com\/pt\/produto\/high-vis-mesh-safety-vest\/","title":{"rendered":"Colete de seguran\u00e7a de malha de alta visibilidade"},"content":{"rendered":"<h2>Colete de seguran\u00e7a de malha de alta visibilidade<\/h2>\n<ul>\n<li>Faixas refletivas de treli\u00e7a de alto brilho: Proporcionam alta visibilidade e garantem a seguran\u00e7a em ambientes noturnos ou com pouca luz.<\/li>\n<li>Material de tecido de malha: respirabilidade forte, mantendo o conforto, adequado para uso prolongado e reduzindo a sensa\u00e7\u00e3o de entupimento.<\/li>\n<li>O tamanho do velcro na cintura pode ser ajustado. A cintura \u00e9 ajust\u00e1vel, adequada para diferentes tipos de corpo e se ajusta melhor quando usada.<\/li>\n<li>Ampla aplica\u00e7\u00e3o: Projetado especificamente para ocupa\u00e7\u00f5es como trabalho, tr\u00e1fego rodovi\u00e1rio, administra\u00e7\u00e3o rodovi\u00e1ria e seguran\u00e7a, ele \u00e9 adequado para v\u00e1rios cen\u00e1rios de trabalho.<\/li>\n<li>Personaliza\u00e7\u00e3o do LOGOTIPO: Suporta a personaliza\u00e7\u00e3o do LOGOTIPO para aumentar o reconhecimento da marca.<\/li>\n<li>Embalagem personalizada: Oferecemos embalagens personalizadas para aumentar a competitividade no mercado e a imagem de marca de nossos produtos.<\/li>\n<\/ul>\n<table>\n<tbody>\n<tr>\n<td width=\"284\">N\u00ba do art.<\/td>\n<td width=\"370\">SV14<\/td>\n<\/tr>\n<tr>\n<td width=\"284\">Material do tecido<\/td>\n<td width=\"370\">100% poli\u00e9ster, tecido de malha de 120g\/m\u00b2 ou personalizado. Fita refletiva de treli\u00e7a de PVC.<\/p>\n<p>&nbsp;<\/td>\n<\/tr>\n<tr>\n<td width=\"284\">Fita refletiva<\/td>\n<td width=\"370\">Fitas refletivas de treli\u00e7a de PVC<\/td>\n<\/tr>\n<tr>\n<td width=\"284\">Peso do material<\/td>\n<td width=\"370\">120g\/sqm, 50-140G\/SQM para escolha.<\/td>\n<\/tr>\n<tr>\n<td width=\"284\">Cor<\/td>\n<td width=\"370\">preto ou amarelo fluorecente ou laranja fluorecente ou personalizado<\/p>\n<p>&nbsp;<\/td>\n<\/tr>\n<tr>\n<td width=\"284\">Bolso<\/td>\n<td width=\"370\">V\u00e1rios bolsos tridimensionais<\/td>\n<\/tr>\n<tr>\n<td width=\"284\">Padr\u00e3o de qualidade<\/td>\n<td width=\"370\">CE EN471, CLASSE2<\/td>\n<\/tr>\n<tr>\n<td width=\"284\">Logotipo<\/td>\n<td width=\"370\">Impress\u00e3o do logotipo do cliente<\/td>\n<\/tr>\n<tr>\n<td width=\"284\">MOQ<\/td>\n<td width=\"370\">1000 PE\u00c7AS<\/td>\n<\/tr>\n<tr>\n<td width=\"284\">Embalagem<\/td>\n<td width=\"370\">1PC\/OPP, 100PC\/CTN, embalagem especial de acordo com a exig\u00eancia do cliente<\/td>\n<\/tr>\n<\/tbody>\n<\/table>\n<p>O TOPRISE oferece suporte a v\u00e1rios estilos de personaliza\u00e7\u00e3o de coletes de seguran\u00e7a; clique para <a href=\"https:\/\/toprisesafety.com\/pt\/categoria-produto\/road-safety-products\/warning-wear\/warning-vest-sun-shade\/\">veja mais estilos de coletes de seguran\u00e7a.<\/a><\/p>\n<p>Se voc\u00ea n\u00e3o encontrar os coletes de seguran\u00e7a necess\u00e1rios,<a href=\"https:\/\/toprisesafety.com\/pt\/contact-us\/\"> Entre em contato conosco;<\/a> Oferecemos suporte \u00e0 personaliza\u00e7\u00e3o especial.<\/p>","protected":false},"excerpt":{"rendered":"<p>N\u00ba do art.: SV14<\/p>\n<p>Material: 100% poli\u00e9ster, tecido de malha de 120g\/m\u00b2 ou personalizado. Fita refletiva de treli\u00e7a de PVC.<\/p>\n<p>Tamanho: tamanho livre, 44*54CM ou personalizado.<\/p>\n<p>Cor: preto ou amarelo fluorecente ou laranja fluorecente ou personalizado<\/p>\n<p>Logotipo: suporte personalizado<\/p>\n<p>MOQ: 1000 PCS<\/p>","protected":false},"featured_media":12003,"template":"","meta":{"_acf_changed":false},"product_brand":[],"product_cat":[325,341],"product_tag":[],"class_list":{"0":"post-12000","1":"product","2":"type-product","3":"status-publish","4":"has-post-thumbnail","6":"product_cat-road-safety-products","7":"product_cat-warning-vest-sun-shade","9":"first","10":"instock","11":"shipping-taxable","12":"product-type-simple"},"acf":[],"_links":{"self":[{"href":"https:\/\/toprisesafety.com\/pt\/wp-json\/wp\/v2\/product\/12000"}],"collection":[{"href":"https:\/\/toprisesafety.com\/pt\/wp-json\/wp\/v2\/product"}],"about":[{"href":"https:\/\/toprisesafety.com\/pt\/wp-json\/wp\/v2\/types\/product"}],"wp:featuredmedia":[{"embeddable":true,"href":"https:\/\/toprisesafety.com\/pt\/wp-json\/wp\/v2\/media\/12003"}],"wp:attachment":[{"href":"https:\/\/toprisesafety.com\/pt\/wp-json\/wp\/v2\/media?parent=12000"}],"wp:term":[{"taxonomy":"product_brand","embeddable":true,"href":"https:\/\/toprisesafety.com\/pt\/wp-json\/wp\/v2\/product_brand?post=12000"},{"taxonomy":"product_cat","embeddable":true,"href":"https:\/\/toprisesafety.com\/pt\/wp-json\/wp\/v2\/product_cat?post=12000"},{"taxonomy":"product_tag","embeddable":true,"href":"https:\/\/toprisesafety.com\/pt\/wp-json\/wp\/v2\/product_tag?post=12000"}],"curies":[{"name":"wp","href":"https:\/\/api.w.org\/{rel}","templated":true}]}}