{"id":11989,"date":"2025-04-28T06:43:46","date_gmt":"2025-04-28T06:43:46","guid":{"rendered":"https:\/\/toprisesafety.com\/?post_type=product&#038;p=11989"},"modified":"2025-05-06T07:26:30","modified_gmt":"2025-05-06T07:26:30","slug":"adjustable-high-visibility-safety-vest","status":"publish","type":"product","link":"https:\/\/toprisesafety.com\/pt\/produto\/adjustable-high-visibility-safety-vest\/","title":{"rendered":"Colete de seguran\u00e7a ajust\u00e1vel de alta visibilidade"},"content":{"rendered":"<h2>Colete de seguran\u00e7a ajust\u00e1vel de alta visibilidade<\/h2>\n<ul>\n<li>Pel\u00edcula refletiva de alta temperatura para hot stamping: Garante alto brilho e reflex\u00e3o \u00e0 noite, aumentando a seguran\u00e7a em ambientes com pouca luz.<\/li>\n<li>Al\u00e7as de ombro ajust\u00e1veis: As al\u00e7as de ombro s\u00e3o ajust\u00e1veis para se adaptarem a diferentes formas corporais e proporcionam um ajuste confort\u00e1vel e confort\u00e1vel.<\/li>\n<li>Cinto ajust\u00e1vel: O cinto \u00e9 ajust\u00e1vel para atender a diferentes necessidades e aumentar a flexibilidade de uso.<\/li>\n<li>Ampla gama de aplica\u00e7\u00f5es: Adequado para v\u00e1rios cen\u00e1rios, como corrida, ciclismo e trabalhadores de saneamento, com grande versatilidade.<\/li>\n<li>Design com fivela: F\u00e1cil de colocar e tirar, economiza tempo e aumenta a efici\u00eancia.<\/li>\n<li>Suporte \u00e0 impress\u00e3o de LOGOTIPO: Logotipos personaliz\u00e1veis est\u00e3o dispon\u00edveis para aumentar a exposi\u00e7\u00e3o da marca e melhorar a personaliza\u00e7\u00e3o.<\/li>\n<\/ul>\n<table>\n<tbody>\n<tr>\n<td width=\"284\">N\u00ba do art.<\/td>\n<td width=\"284\">SV13<\/td>\n<\/tr>\n<tr>\n<td width=\"284\">Material do tecido<\/td>\n<td width=\"284\">Fita el\u00e1stica de 4-5 cm, fita refletiva de alta visibilidade de 1,5 cm<\/td>\n<\/tr>\n<tr>\n<td width=\"284\">Fita refletiva<\/td>\n<td width=\"284\">Fita refletiva de alta visibilidade de 1,5 cm<\/td>\n<\/tr>\n<tr>\n<td width=\"284\">Material de fita refletiva<\/td>\n<td width=\"284\">Fita T\/C prateada<\/td>\n<\/tr>\n<tr>\n<td width=\"284\">Cor<\/td>\n<td width=\"284\">Amarelo fluorescente\/verde\/laranja-vermelho\/roxo\/azul marinho\/azul claro\/vermelho<\/td>\n<\/tr>\n<tr>\n<td width=\"284\">Padr\u00e3o de qualidade<\/td>\n<td width=\"284\">CE EN471, CLASSE2<\/td>\n<\/tr>\n<tr>\n<td width=\"284\">Logotipo<\/td>\n<td width=\"284\">O logotipo do cliente est\u00e1 dispon\u00edvel<\/td>\n<\/tr>\n<tr>\n<td width=\"284\">MOQ<\/td>\n<td width=\"284\">1000 PE\u00c7AS<\/td>\n<\/tr>\n<tr>\n<td width=\"284\">Embalagem<\/td>\n<td width=\"284\">1PC\/OPP, 100PC\/CTN, embalagem especial de acordo com a exig\u00eancia do cliente<\/td>\n<\/tr>\n<\/tbody>\n<\/table>\n<p>O TOPRISE oferece suporte a v\u00e1rios estilos de personaliza\u00e7\u00e3o de coletes de seguran\u00e7a; clique para <a href=\"https:\/\/toprisesafety.com\/pt\/categoria-produto\/road-safety-products\/warning-wear\/warning-vest-sun-shade\/\">veja mais estilos de coletes de seguran\u00e7a.<\/a><\/p>\n<p>Se voc\u00ea n\u00e3o encontrar os coletes de seguran\u00e7a necess\u00e1rios,<a href=\"https:\/\/toprisesafety.com\/pt\/contact-us\/\"> Entre em contato conosco;<\/a> Oferecemos suporte \u00e0 personaliza\u00e7\u00e3o especial.<\/p>","protected":false},"excerpt":{"rendered":"<p>N\u00ba do art.: SV13<\/p>\n<p>Material: Fita el\u00e1stica de 4-5 cm, fita refletiva de alta visibilidade de 1,5 cm<\/p>\n<p>Tamanho: tamanho livre, ajust\u00e1vel<\/p>\n<p>Cor: amarelo fluorescente\/verde\/laranja-vermelho\/roxo\/azul marinho\/azul claro\/vermelho<\/p>\n<p>Logotipo: suporte personalizado<\/p>\n<p>MOQ: 1000 PCS<\/p>","protected":false},"featured_media":11998,"template":"","meta":{"_acf_changed":false},"product_brand":[],"product_cat":[325,341],"product_tag":[],"class_list":{"0":"post-11989","1":"product","2":"type-product","3":"status-publish","4":"has-post-thumbnail","6":"product_cat-road-safety-products","7":"product_cat-warning-vest-sun-shade","9":"first","10":"instock","11":"shipping-taxable","12":"product-type-simple"},"acf":[],"_links":{"self":[{"href":"https:\/\/toprisesafety.com\/pt\/wp-json\/wp\/v2\/product\/11989"}],"collection":[{"href":"https:\/\/toprisesafety.com\/pt\/wp-json\/wp\/v2\/product"}],"about":[{"href":"https:\/\/toprisesafety.com\/pt\/wp-json\/wp\/v2\/types\/product"}],"wp:featuredmedia":[{"embeddable":true,"href":"https:\/\/toprisesafety.com\/pt\/wp-json\/wp\/v2\/media\/11998"}],"wp:attachment":[{"href":"https:\/\/toprisesafety.com\/pt\/wp-json\/wp\/v2\/media?parent=11989"}],"wp:term":[{"taxonomy":"product_brand","embeddable":true,"href":"https:\/\/toprisesafety.com\/pt\/wp-json\/wp\/v2\/product_brand?post=11989"},{"taxonomy":"product_cat","embeddable":true,"href":"https:\/\/toprisesafety.com\/pt\/wp-json\/wp\/v2\/product_cat?post=11989"},{"taxonomy":"product_tag","embeddable":true,"href":"https:\/\/toprisesafety.com\/pt\/wp-json\/wp\/v2\/product_tag?post=11989"}],"curies":[{"name":"wp","href":"https:\/\/api.w.org\/{rel}","templated":true}]}}