{"id":11987,"date":"2025-04-28T06:36:55","date_gmt":"2025-04-28T06:36:55","guid":{"rendered":"https:\/\/toprisesafety.com\/?post_type=product&#038;p=11987"},"modified":"2025-05-06T07:26:44","modified_gmt":"2025-05-06T07:26:44","slug":"police-reflective-safety-vest","status":"publish","type":"product","link":"https:\/\/toprisesafety.com\/pt\/produto\/police-reflective-safety-vest\/","title":{"rendered":"Colete de seguran\u00e7a refletivo da pol\u00edcia"},"content":{"rendered":"<h2>Colete de seguran\u00e7a refletivo da pol\u00edcia<\/h2>\n<ul>\n<li>Bolsos multifuncionais: Equipado com v\u00e1rios bolsos, \u00e9 conveniente para armazenar ferramentas, certificados e outros itens, melhorando a efici\u00eancia do trabalho.<\/li>\n<li>Bolso para walkie-talkie: Especialmente projetado para armazenar walkie-talkies, \u00e9 conveniente para a comunica\u00e7\u00e3o a qualquer momento e garante a coordena\u00e7\u00e3o do trabalho.<\/li>\n<li>Bolso tridimensional grande: Oferece mais espa\u00e7o de armazenamento, adequado para carregar itens grandes e aumenta a praticidade.<\/li>\n<li>Bolso para cart\u00e3o de identifica\u00e7\u00e3o: Um bolso para cart\u00e3o de identifica\u00e7\u00e3o especialmente projetado para garantir a f\u00e1cil verifica\u00e7\u00e3o da identidade.<\/li>\n<li>Faixas refletivas de alto brilho: Aumentam a visibilidade noturna e oferecem prote\u00e7\u00e3o de seguran\u00e7a em qualquer condi\u00e7\u00e3o clim\u00e1tica.<\/li>\n<li>Colete refletivo com bloqueio de cores: O design exclusivo de bloqueio de cores aumenta o efeito visual e melhora a imagem dos policiais.<\/li>\n<li>Logotipo e embalagem personalizados: Suporte aos clientes para especificar logotipos e embalagens para atender \u00e0s necessidades personalizadas.<\/li>\n<\/ul>\n<table>\n<tbody>\n<tr>\n<td width=\"284\">N\u00ba do art.<\/td>\n<td width=\"284\">SV12<\/td>\n<\/tr>\n<tr>\n<td width=\"284\">Material do tecido<\/td>\n<td width=\"284\">100ido fluorescente de malha de poli\u00e9ster ou tecido de malha para escolha.<\/td>\n<\/tr>\n<tr>\n<td width=\"284\">Fita refletiva<\/td>\n<td width=\"284\">Visibilidade normal, alta visibilidade<\/td>\n<\/tr>\n<tr>\n<td width=\"284\">Material de fita refletiva<\/td>\n<td width=\"284\">Fita T\/C prateada, treli\u00e7a de PVC, fita 3M etc.<\/td>\n<\/tr>\n<tr>\n<td width=\"284\">Peso do material<\/td>\n<td width=\"284\">120g\/sqm, 50-140G\/SQM para escolha.<\/td>\n<\/tr>\n<tr>\n<td width=\"284\">Cor<\/td>\n<td width=\"284\">Amarelo fluorescente, verde fluorescente, vermelho alaranjado<\/td>\n<\/tr>\n<tr>\n<td width=\"284\">Mosca superior<\/td>\n<td width=\"284\">Z\u00edper ou velcro para escolha.<\/td>\n<\/tr>\n<tr>\n<td width=\"284\">Bolso<\/td>\n<td width=\"284\">V\u00e1rios bolsos tridimensionais<\/td>\n<\/tr>\n<tr>\n<td width=\"284\">Padr\u00e3o de qualidade<\/td>\n<td width=\"284\">CE EN471, CLASSE2<\/td>\n<\/tr>\n<tr>\n<td width=\"284\">Logotipo<\/td>\n<td width=\"284\">Impress\u00e3o do logotipo do cliente, bordado, logotipo refletivo ou etiqueta com logotipo est\u00e3o dispon\u00edveis<\/td>\n<\/tr>\n<tr>\n<td width=\"284\">MOQ<\/td>\n<td width=\"284\">1000 PE\u00c7AS<\/td>\n<\/tr>\n<tr>\n<td width=\"284\">Embalagem<\/td>\n<td width=\"284\">1PC\/OPP, 100PC\/CTN, embalagem especial de acordo com a exig\u00eancia do cliente<\/td>\n<\/tr>\n<\/tbody>\n<\/table>\n<p>O TOPRISE oferece suporte a v\u00e1rios estilos de personaliza\u00e7\u00e3o de coletes de seguran\u00e7a; clique para <a href=\"https:\/\/toprisesafety.com\/pt\/categoria-produto\/road-safety-products\/warning-wear\/warning-vest-sun-shade\/\">veja mais estilos de coletes de seguran\u00e7a.<\/a><\/p>\n<p>Se voc\u00ea n\u00e3o encontrar os coletes de seguran\u00e7a necess\u00e1rios,<a href=\"https:\/\/toprisesafety.com\/pt\/contact-us\/\"> Entre em contato conosco;<\/a> Oferecemos suporte \u00e0 personaliza\u00e7\u00e3o especial.<\/p>","protected":false},"excerpt":{"rendered":"<p>N\u00ba do art.: SV12<\/p>\n<p>Material: 100% poli\u00e9ster, 120g\/m\u00b2 ou personalizado.<\/p>\n<p>Tamanhos: S-XXXL ou personalizado<\/p>\n<p>Cor: amarelo fluorescente\/verde\/vermelho alaranjado<\/p>\n<p>Logotipo: suporte personalizado<\/p>\n<p>MOQ: 1000 PCS<\/p>","protected":false},"featured_media":11988,"template":"","meta":{"_acf_changed":false},"product_brand":[],"product_cat":[325,341],"product_tag":[],"class_list":{"0":"post-11987","1":"product","2":"type-product","3":"status-publish","4":"has-post-thumbnail","6":"product_cat-road-safety-products","7":"product_cat-warning-vest-sun-shade","9":"first","10":"instock","11":"shipping-taxable","12":"product-type-simple"},"acf":[],"_links":{"self":[{"href":"https:\/\/toprisesafety.com\/pt\/wp-json\/wp\/v2\/product\/11987"}],"collection":[{"href":"https:\/\/toprisesafety.com\/pt\/wp-json\/wp\/v2\/product"}],"about":[{"href":"https:\/\/toprisesafety.com\/pt\/wp-json\/wp\/v2\/types\/product"}],"wp:featuredmedia":[{"embeddable":true,"href":"https:\/\/toprisesafety.com\/pt\/wp-json\/wp\/v2\/media\/11988"}],"wp:attachment":[{"href":"https:\/\/toprisesafety.com\/pt\/wp-json\/wp\/v2\/media?parent=11987"}],"wp:term":[{"taxonomy":"product_brand","embeddable":true,"href":"https:\/\/toprisesafety.com\/pt\/wp-json\/wp\/v2\/product_brand?post=11987"},{"taxonomy":"product_cat","embeddable":true,"href":"https:\/\/toprisesafety.com\/pt\/wp-json\/wp\/v2\/product_cat?post=11987"},{"taxonomy":"product_tag","embeddable":true,"href":"https:\/\/toprisesafety.com\/pt\/wp-json\/wp\/v2\/product_tag?post=11987"}],"curies":[{"name":"wp","href":"https:\/\/api.w.org\/{rel}","templated":true}]}}