{"id":11981,"date":"2025-04-28T06:31:35","date_gmt":"2025-04-28T06:31:35","guid":{"rendered":"https:\/\/toprisesafety.com\/?post_type=product&#038;p=11981"},"modified":"2025-05-06T07:26:57","modified_gmt":"2025-05-06T07:26:57","slug":"custom-safety-vests","status":"publish","type":"product","link":"https:\/\/toprisesafety.com\/pt\/produto\/custom-safety-vests\/","title":{"rendered":"Coletes de seguran\u00e7a personalizados"},"content":{"rendered":"<h2>Coletes de seguran\u00e7a personalizados<\/h2>\n<ul>\n<li>High-brightness reflective tapes: Ensure high visibility in low-light conditions and enhance work safety.<\/li>\n<li>Multi-functional pocket: Convenient for storing tools and personal items, enhancing convenience.<\/li>\n<li>PVC transparent pocket: Specially designed for storing work permits, facilitating identity verification.<\/li>\n<li>Customized zippers: Can be customized according to your needs to enhance personalization and professionalism.<\/li>\n<li>Three-dimensional large pocket: Offers more storage space and is suitable for carrying large items.<\/li>\n<li>Support for LOGO customization: Customizable logos are available to enhance brand image.<\/li>\n<li>Customized packaging: Enhance the market competitiveness of products and ensure transportation safety.<\/li>\n<\/ul>\n<table>\n<tbody>\n<tr>\n<td width=\"284\">N\u00ba do art.<\/td>\n<td width=\"284\">SV11<\/td>\n<\/tr>\n<tr>\n<td width=\"284\">Material do tecido<\/td>\n<td width=\"284\">100ido fluorescente de malha de poli\u00e9ster ou tecido de malha para escolha.<\/td>\n<\/tr>\n<tr>\n<td width=\"284\">Fita refletiva<\/td>\n<td width=\"284\">Visibilidade normal, alta visibilidade<\/td>\n<\/tr>\n<tr>\n<td width=\"284\">Material de fita refletiva<\/td>\n<td width=\"284\">Fita T\/C prateada, treli\u00e7a de PVC, fita 3M etc.<\/td>\n<\/tr>\n<tr>\n<td width=\"284\">Peso do material<\/td>\n<td width=\"284\">120g\/sqm, 50-140G\/SQM para escolha.<\/td>\n<\/tr>\n<tr>\n<td width=\"284\">Cor<\/td>\n<td width=\"284\">Amarelo fluorescente, verde fluorescente, vermelho alaranjado<\/td>\n<\/tr>\n<tr>\n<td width=\"284\">Mosca superior<\/td>\n<td width=\"284\">Z\u00edper ou velcro para escolha.<\/td>\n<\/tr>\n<tr>\n<td width=\"284\">Bolso<\/td>\n<td width=\"284\">Two bottom pockets with flaps,left name card pocket, right pocket with flaps.<\/td>\n<\/tr>\n<tr>\n<td width=\"284\">Padr\u00e3o de qualidade<\/td>\n<td width=\"284\">CE EN471, CLASSE2<\/td>\n<\/tr>\n<tr>\n<td width=\"284\">Logotipo<\/td>\n<td width=\"284\">Impress\u00e3o do logotipo do cliente, bordado, logotipo refletivo ou etiqueta com logotipo est\u00e3o dispon\u00edveis<\/td>\n<\/tr>\n<tr>\n<td width=\"284\">MOQ<\/td>\n<td width=\"284\">1000 PE\u00c7AS<\/td>\n<\/tr>\n<tr>\n<td width=\"284\">Embalagem<\/td>\n<td width=\"284\">1PC\/OPP, 100PC\/CTN, embalagem especial de acordo com a exig\u00eancia do cliente<\/td>\n<\/tr>\n<\/tbody>\n<\/table>\n<p>O TOPRISE oferece suporte a v\u00e1rios estilos de personaliza\u00e7\u00e3o de coletes de seguran\u00e7a; clique para <a href=\"https:\/\/toprisesafety.com\/pt\/categoria-produto\/road-safety-products\/warning-wear\/warning-vest-sun-shade\/\">veja mais estilos de coletes de seguran\u00e7a.<\/a><\/p>\n<p>Se voc\u00ea n\u00e3o encontrar os coletes de seguran\u00e7a necess\u00e1rios,<a href=\"https:\/\/toprisesafety.com\/pt\/contact-us\/\"> Entre em contato conosco;<\/a> Oferecemos suporte \u00e0 personaliza\u00e7\u00e3o especial.<\/p>","protected":false},"excerpt":{"rendered":"<p>Art No.: SV11<\/p>\n<p>Material: 100% poli\u00e9ster, 120g\/m\u00b2 ou personalizado.<\/p>\n<p>Tamanhos: S-XXXL ou personalizado<\/p>\n<p>Cor: amarelo fluorescente\/verde\/vermelho alaranjado<\/p>\n<p>Logotipo: suporte personalizado<\/p>\n<p>MOQ: 1000 PCS<\/p>","protected":false},"featured_media":11984,"template":"","meta":{"_acf_changed":false},"product_brand":[],"product_cat":[325,341],"product_tag":[],"class_list":{"0":"post-11981","1":"product","2":"type-product","3":"status-publish","4":"has-post-thumbnail","6":"product_cat-road-safety-products","7":"product_cat-warning-vest-sun-shade","9":"first","10":"instock","11":"shipping-taxable","12":"product-type-simple"},"acf":[],"_links":{"self":[{"href":"https:\/\/toprisesafety.com\/pt\/wp-json\/wp\/v2\/product\/11981"}],"collection":[{"href":"https:\/\/toprisesafety.com\/pt\/wp-json\/wp\/v2\/product"}],"about":[{"href":"https:\/\/toprisesafety.com\/pt\/wp-json\/wp\/v2\/types\/product"}],"wp:featuredmedia":[{"embeddable":true,"href":"https:\/\/toprisesafety.com\/pt\/wp-json\/wp\/v2\/media\/11984"}],"wp:attachment":[{"href":"https:\/\/toprisesafety.com\/pt\/wp-json\/wp\/v2\/media?parent=11981"}],"wp:term":[{"taxonomy":"product_brand","embeddable":true,"href":"https:\/\/toprisesafety.com\/pt\/wp-json\/wp\/v2\/product_brand?post=11981"},{"taxonomy":"product_cat","embeddable":true,"href":"https:\/\/toprisesafety.com\/pt\/wp-json\/wp\/v2\/product_cat?post=11981"},{"taxonomy":"product_tag","embeddable":true,"href":"https:\/\/toprisesafety.com\/pt\/wp-json\/wp\/v2\/product_tag?post=11981"}],"curies":[{"name":"wp","href":"https:\/\/api.w.org\/{rel}","templated":true}]}}