{"id":11950,"date":"2025-04-17T08:15:11","date_gmt":"2025-04-17T08:15:11","guid":{"rendered":"https:\/\/toprisesafety.com\/?post_type=product&#038;p=11950"},"modified":"2025-05-06T08:12:29","modified_gmt":"2025-05-06T08:12:29","slug":"respirator-mask","status":"publish","type":"product","link":"https:\/\/toprisesafety.com\/pt\/produto\/respirator-mask\/","title":{"rendered":"M\u00e1scara respirat\u00f3ria"},"content":{"rendered":"<h2>m\u00e1scara respirat\u00f3ria<\/h2>\n<ul>\n<li>Material de silicone: macio e confort\u00e1vel, adequado para uso prolongado e com bom desempenho de veda\u00e7\u00e3o para garantir o efeito protetor.<\/li>\n<li>Caixa de filtro substitu\u00edvel: Conveniente para substitui\u00e7\u00e3o, aumenta a vida \u00fatil e reduz os custos de manuten\u00e7\u00e3o.<\/li>\n<li>Suporte para logotipos e embalagens personalizados: Atende \u00e0s necessidades personalizadas das empresas e melhora a imagem da marca.<\/li>\n<li>Prote\u00e7\u00e3o de alta efici\u00eancia: Filtra com efic\u00e1cia subst\u00e2ncias nocivas, como spray de tinta e gases qu\u00edmicos, para garantir a seguran\u00e7a da respira\u00e7\u00e3o.<\/li>\n<li>Ampla aplica\u00e7\u00e3o: Particularmente adequado para ambientes de trabalho como mistura e pulveriza\u00e7\u00e3o de tintas, protegendo a sa\u00fade dos trabalhadores.<\/li>\n<\/ul>\n<table>\n<tbody>\n<tr>\n<td width=\"284\">ART NO.<\/td>\n<td width=\"284\">3200<\/td>\n<\/tr>\n<tr>\n<td width=\"284\">Estilo<\/td>\n<td width=\"284\">Cartucho \u00fanico<\/td>\n<\/tr>\n<tr>\n<td width=\"284\">Material<\/td>\n<td width=\"284\">Moldura de silicone macio<\/td>\n<\/tr>\n<tr>\n<td width=\"284\">Fun\u00e7\u00e3o<\/td>\n<td width=\"284\">Prote\u00e7\u00e3o eficaz contra gases org\u00e2nicos, \u00e1lcoois, vapores org\u00e2nicos, di\u00f3xido de carbono, am\u00f4nia, \u00f3xido de hidrog\u00eanio, fenilanilinas, tetracloreto de carbono, nitrobenzeno, cloropicrina, etc.<\/td>\n<\/tr>\n<tr>\n<td width=\"284\">Cartucho substitu\u00edvel<\/td>\n<td width=\"284\">Sim<\/td>\n<\/tr>\n<tr>\n<td width=\"284\">Embalagem<\/td>\n<td width=\"284\">Caixa colorida ou personalizada<\/td>\n<\/tr>\n<tr>\n<td width=\"284\">Cada conjunto inclui os seguintes itens<\/td>\n<td width=\"284\">Um corpo de m\u00e1scara, duas almofadas de filtro, duas caixas de filtro, duas tampas de caixa de filtro<\/td>\n<\/tr>\n<tr>\n<td width=\"284\">\u00c1reas de aplica\u00e7\u00e3o<\/td>\n<td width=\"284\">Minera\u00e7\u00e3o de carv\u00e3o, moagem, pulveriza\u00e7\u00e3o de pesticidas, decora\u00e7\u00e3o, etc.<\/td>\n<\/tr>\n<\/tbody>\n<\/table>\n<p>&nbsp;<\/p>","protected":false},"excerpt":{"rendered":"<p>N\u00ba do art.: 3200<\/p>\n<p>Material: estrutura de silicone macio<\/p>\n<p>Cartucho: Cartucho qu\u00edmico incluindo<\/p>\n<p>MOQ: 500PCS<\/p>","protected":false},"featured_media":11955,"template":"","meta":{"_acf_changed":false},"product_brand":[],"product_cat":[351,352],"product_tag":[],"class_list":{"0":"post-11950","1":"product","2":"type-product","3":"status-publish","4":"has-post-thumbnail","6":"product_cat-respiratory-protection","7":"product_cat-dust-mask-chemical-mask","9":"first","10":"instock","11":"shipping-taxable","12":"product-type-simple"},"acf":[],"_links":{"self":[{"href":"https:\/\/toprisesafety.com\/pt\/wp-json\/wp\/v2\/product\/11950","targetHints":{"allow":["GET"]}}],"collection":[{"href":"https:\/\/toprisesafety.com\/pt\/wp-json\/wp\/v2\/product"}],"about":[{"href":"https:\/\/toprisesafety.com\/pt\/wp-json\/wp\/v2\/types\/product"}],"wp:featuredmedia":[{"embeddable":true,"href":"https:\/\/toprisesafety.com\/pt\/wp-json\/wp\/v2\/media\/11955"}],"wp:attachment":[{"href":"https:\/\/toprisesafety.com\/pt\/wp-json\/wp\/v2\/media?parent=11950"}],"wp:term":[{"taxonomy":"product_brand","embeddable":true,"href":"https:\/\/toprisesafety.com\/pt\/wp-json\/wp\/v2\/product_brand?post=11950"},{"taxonomy":"product_cat","embeddable":true,"href":"https:\/\/toprisesafety.com\/pt\/wp-json\/wp\/v2\/product_cat?post=11950"},{"taxonomy":"product_tag","embeddable":true,"href":"https:\/\/toprisesafety.com\/pt\/wp-json\/wp\/v2\/product_tag?post=11950"}],"curies":[{"name":"wp","href":"https:\/\/api.w.org\/{rel}","templated":true}]}}