{"id":11946,"date":"2025-04-17T08:05:37","date_gmt":"2025-04-17T08:05:37","guid":{"rendered":"https:\/\/toprisesafety.com\/?post_type=product&#038;p=11946"},"modified":"2025-05-06T08:12:45","modified_gmt":"2025-05-06T08:12:45","slug":"chemical-respirator-mask","status":"publish","type":"product","link":"https:\/\/toprisesafety.com\/pt\/produto\/chemical-respirator-mask\/","title":{"rendered":"M\u00e1scara de respirador qu\u00edmico"},"content":{"rendered":"<h2>M\u00e1scara de respirador qu\u00edmico<\/h2>\n<ul>\n<li>Caixa de filtro de carv\u00e3o ativado: Absorve com efic\u00e1cia gases org\u00e2nicos de baixa concentra\u00e7\u00e3o e protege o trato respirat\u00f3rio de gases nocivos.<\/li>\n<li>Ampla aplica\u00e7\u00e3o: \u00c9 adequado para opera\u00e7\u00f5es como pintura em spray, soldagem el\u00e9trica e aplica\u00e7\u00e3o de pesticidas, garantindo uma opera\u00e7\u00e3o segura em ambientes com gases nocivos.<\/li>\n<li>Resist\u00eancia a altas temperaturas: Particularmente adequado para gases org\u00e2nicos de baixa concentra\u00e7\u00e3o com ponto de ebuli\u00e7\u00e3o acima de 65 graus, protegendo efetivamente contra ambientes de alta temperatura.<\/li>\n<li>Uso confort\u00e1vel: O design \u00e9 ergon\u00f4mico, proporcionando uma experi\u00eancia de uso confort\u00e1vel e adequado para uso a longo prazo.<\/li>\n<\/ul>\n<table>\n<tbody>\n<tr>\n<td width=\"284\">ART NO.<\/td>\n<td width=\"284\">DM08<\/td>\n<\/tr>\n<tr>\n<td width=\"284\">Estilo<\/td>\n<td width=\"284\">Cartucho duplo<\/td>\n<\/tr>\n<tr>\n<td width=\"284\">Material<\/td>\n<td width=\"284\">Moldura de silicone macio<\/td>\n<\/tr>\n<tr>\n<td width=\"284\">Cartucho<\/td>\n<td width=\"284\">O carv\u00e3o ativo \u00e9 usado para gases org\u00e2nicos de baixa concentra\u00e7\u00e3o com ponto de ebuli\u00e7\u00e3o acima de 65 graus<\/td>\n<\/tr>\n<tr>\n<td width=\"284\">Cartucho substitu\u00edvel<\/td>\n<td width=\"284\">Sim<\/td>\n<\/tr>\n<tr>\n<td width=\"284\">Embalagem<\/td>\n<td width=\"284\">Caixa colorida ou personalizada<\/td>\n<\/tr>\n<tr>\n<td width=\"284\">Cada conjunto inclui os seguintes itens<\/td>\n<td width=\"284\">Um corpo de m\u00e1scara, duas almofadas de filtro, duas caixas de filtro, duas tampas de caixa de filtro<\/td>\n<\/tr>\n<tr>\n<td width=\"284\">\u00c1reas de aplica\u00e7\u00e3o<\/td>\n<td width=\"284\">pintura, soldagem e pulveriza\u00e7\u00e3o de pesticidas<\/td>\n<\/tr>\n<\/tbody>\n<\/table>\n<p>&nbsp;<\/p>","protected":false},"excerpt":{"rendered":"<p>N\u00ba do art.: DM08<\/p>\n<p>Material: Corpo em PVC<\/p>\n<p>Cartucho: Cartucho qu\u00edmico incluindo<\/p>\n<p>MOQ: 1000PCS<\/p>","protected":false},"featured_media":11947,"template":"","meta":{"_acf_changed":false},"product_brand":[],"product_cat":[351,352],"product_tag":[],"class_list":{"0":"post-11946","1":"product","2":"type-product","3":"status-publish","4":"has-post-thumbnail","6":"product_cat-respiratory-protection","7":"product_cat-dust-mask-chemical-mask","9":"first","10":"instock","11":"shipping-taxable","12":"product-type-simple"},"acf":[],"_links":{"self":[{"href":"https:\/\/toprisesafety.com\/pt\/wp-json\/wp\/v2\/product\/11946"}],"collection":[{"href":"https:\/\/toprisesafety.com\/pt\/wp-json\/wp\/v2\/product"}],"about":[{"href":"https:\/\/toprisesafety.com\/pt\/wp-json\/wp\/v2\/types\/product"}],"wp:featuredmedia":[{"embeddable":true,"href":"https:\/\/toprisesafety.com\/pt\/wp-json\/wp\/v2\/media\/11947"}],"wp:attachment":[{"href":"https:\/\/toprisesafety.com\/pt\/wp-json\/wp\/v2\/media?parent=11946"}],"wp:term":[{"taxonomy":"product_brand","embeddable":true,"href":"https:\/\/toprisesafety.com\/pt\/wp-json\/wp\/v2\/product_brand?post=11946"},{"taxonomy":"product_cat","embeddable":true,"href":"https:\/\/toprisesafety.com\/pt\/wp-json\/wp\/v2\/product_cat?post=11946"},{"taxonomy":"product_tag","embeddable":true,"href":"https:\/\/toprisesafety.com\/pt\/wp-json\/wp\/v2\/product_tag?post=11946"}],"curies":[{"name":"wp","href":"https:\/\/api.w.org\/{rel}","templated":true}]}}