{"id":11944,"date":"2025-04-17T08:02:41","date_gmt":"2025-04-17T08:02:41","guid":{"rendered":"https:\/\/toprisesafety.com\/?post_type=product&#038;p=11944"},"modified":"2025-05-06T08:13:05","modified_gmt":"2025-05-06T08:13:05","slug":"chemical-gas-mask-2","status":"publish","type":"product","link":"https:\/\/toprisesafety.com\/pt\/produto\/chemical-gas-mask-2\/","title":{"rendered":"M\u00e1scara de g\u00e1s qu\u00edmico"},"content":{"rendered":"<h2>M\u00e1scara de g\u00e1s qu\u00edmico<\/h2>\n<p>Atualmente, temos o pacote ingl\u00eas do cartucho qu\u00edmico n\u00ba 3 e um cartucho abrangente, que tem as fun\u00e7\u00f5es dos n\u00bas 1\/3\/4\/7.<\/p>\n<table>\n<tbody>\n<tr>\n<td width=\"284\">ART NO.<\/td>\n<td width=\"365\">7502<\/td>\n<\/tr>\n<tr>\n<td width=\"284\">Estilo<\/td>\n<td width=\"365\">Cartucho duplo<\/td>\n<\/tr>\n<tr>\n<td width=\"284\">Material<\/td>\n<td width=\"365\">Moldura de silicone macio<\/td>\n<\/tr>\n<tr>\n<td width=\"284\">Cartucho<\/td>\n<td width=\"365\">Diferentes fun\u00e7\u00f5es de cartucho para escolha.<\/td>\n<\/tr>\n<tr>\n<td width=\"284\">Cartucho substitu\u00edvel<\/td>\n<td width=\"365\">Sim<\/td>\n<\/tr>\n<tr>\n<td width=\"284\">Embalagem<\/td>\n<td width=\"365\">Caixa colorida ou personalizada<\/td>\n<\/tr>\n<tr>\n<td width=\"284\">Cada conjunto inclui os seguintes itens<\/td>\n<td width=\"365\">Um corpo de m\u00e1scara, duas almofadas de filtro, duas caixas de filtro, duas tampas de caixa de filtro<\/td>\n<\/tr>\n<tr>\n<td width=\"284\">\u00c1reas de aplica\u00e7\u00e3o<\/td>\n<td width=\"365\">Ele tem uma ampla gama de usos, como pintura com spray, engenharia qu\u00edmica, laborat\u00f3rios, grafite, etc<\/td>\n<\/tr>\n<\/tbody>\n<\/table>\n<p>&nbsp;<\/p>\n<table>\n<tbody>\n<tr>\n<td width=\"137\"><strong><b>Cartucho qu\u00edmico diferente para escolha<\/b><\/strong><\/td>\n<td width=\"514\"><strong><b>Fun\u00e7\u00f5es<\/b><\/strong><\/td>\n<\/tr>\n<tr>\n<td width=\"137\">NO.1<\/td>\n<td width=\"514\">Gases ou vapores inorg\u00e2nicos: \u00e1cido cian\u00eddrico, cloreto de cianeto, g\u00e1s cloro, etc.<\/td>\n<\/tr>\n<tr>\n<td width=\"137\">NO.3<\/td>\n<td width=\"514\">Gases e vapores org\u00e2nicos: benzeno e seus hom\u00f3logos, cloro, \u00e1lcoois, anilinas, dissulfeto de carbono, acetona, tetracloreto de carbono, triclorometano, bromotano, clorometano, nitroalcano, diclorometano, cloroetano, cicloetano, feniletano, tricloroetano, fenol, etc.<\/td>\n<\/tr>\n<tr>\n<td width=\"137\">NO.4<\/td>\n<td width=\"514\">Am\u00f4nia e seus derivados org\u00e2nicos, sulfeto de hidrog\u00eanio<\/td>\n<\/tr>\n<tr>\n<td width=\"137\">NO.7<\/td>\n<td width=\"514\">Di\u00f3xido de enxofre e gases e vapores \u00e1cidos<\/td>\n<\/tr>\n<tr>\n<td width=\"137\">NO.8<\/td>\n<td width=\"514\">hidrog\u00eanio sulfurado<\/td>\n<\/tr>\n<\/tbody>\n<\/table>\n<p>&nbsp;<\/p>","protected":false},"excerpt":{"rendered":"<p>N\u00ba do art.: 7502<\/p>\n<p>Material: estrutura de silicone macio<\/p>\n<p>Cartucho: Cartucho qu\u00edmico incluindo<\/p>\n<p>MOQ: 500PCS<\/p>","protected":false},"featured_media":11945,"template":"","meta":{"_acf_changed":false},"product_brand":[],"product_cat":[351,352],"product_tag":[],"class_list":{"0":"post-11944","1":"product","2":"type-product","3":"status-publish","4":"has-post-thumbnail","6":"product_cat-respiratory-protection","7":"product_cat-dust-mask-chemical-mask","9":"first","10":"instock","11":"shipping-taxable","12":"product-type-simple"},"acf":[],"_links":{"self":[{"href":"https:\/\/toprisesafety.com\/pt\/wp-json\/wp\/v2\/product\/11944"}],"collection":[{"href":"https:\/\/toprisesafety.com\/pt\/wp-json\/wp\/v2\/product"}],"about":[{"href":"https:\/\/toprisesafety.com\/pt\/wp-json\/wp\/v2\/types\/product"}],"wp:featuredmedia":[{"embeddable":true,"href":"https:\/\/toprisesafety.com\/pt\/wp-json\/wp\/v2\/media\/11945"}],"wp:attachment":[{"href":"https:\/\/toprisesafety.com\/pt\/wp-json\/wp\/v2\/media?parent=11944"}],"wp:term":[{"taxonomy":"product_brand","embeddable":true,"href":"https:\/\/toprisesafety.com\/pt\/wp-json\/wp\/v2\/product_brand?post=11944"},{"taxonomy":"product_cat","embeddable":true,"href":"https:\/\/toprisesafety.com\/pt\/wp-json\/wp\/v2\/product_cat?post=11944"},{"taxonomy":"product_tag","embeddable":true,"href":"https:\/\/toprisesafety.com\/pt\/wp-json\/wp\/v2\/product_tag?post=11944"}],"curies":[{"name":"wp","href":"https:\/\/api.w.org\/{rel}","templated":true}]}}