{"id":11938,"date":"2025-04-17T07:57:13","date_gmt":"2025-04-17T07:57:13","guid":{"rendered":"https:\/\/toprisesafety.com\/?post_type=product&#038;p=11938"},"modified":"2025-05-06T07:27:49","modified_gmt":"2025-05-06T07:27:49","slug":"full-face-mask","status":"publish","type":"product","link":"https:\/\/toprisesafety.com\/pt\/produto\/full-face-mask\/","title":{"rendered":"M\u00e1scara facial completa"},"content":{"rendered":"<h2>M\u00e1scara facial completa<\/h2>\n<p>Atualmente, temos o pacote ingl\u00eas do cartucho qu\u00edmico n\u00ba 3 e um cartucho abrangente, que tem as fun\u00e7\u00f5es dos n\u00bas 1\/3\/4\/7.<\/p>\n<p>&nbsp;<\/p>\n<ul>\n<li>Prote\u00e7\u00e3o abrangente: Com um design para o rosto inteiro, ele oferece uma \u00e1rea maior de prote\u00e7\u00e3o facial, garantindo que os olhos, o nariz e a boca fiquem protegidos contra gases, poeira e produtos qu\u00edmicos nocivos.<\/li>\n<li>Conforto: A m\u00e1scara \u00e9 feita de material TPE, que \u00e9 macio e tem excelente desempenho de veda\u00e7\u00e3o, tornando-a mais confort\u00e1vel de usar e com menor probabilidade de causar desconforto ap\u00f3s o uso prolongado.<\/li>\n<li>Forte durabilidade: A estrutura \u00e9 feita de material resistente e dur\u00e1vel.<\/li>\n<li>LOGOTIPO e embalagem personalizados: suporte a logotipo e embalagem personalizados.<\/li>\n<li>Aplica\u00e7\u00e3o multifuncional: Amplamente utilizado em ambientes de trabalho como engenharia qu\u00edmica, pintura, moagem e laborat\u00f3rios, ele pode se adaptar a v\u00e1rias demandas industriais complexas.<\/li>\n<li>Sistema de elemento de filtro duplo: A m\u00e1scara \u00e9 equipada com elementos de filtro de policarbonato PC em ambos os lados, que podem filtrar com efic\u00e1cia as subst\u00e2ncias nocivas e garantir a seguran\u00e7a respirat\u00f3ria.<\/li>\n<\/ul>\n<table>\n<tbody>\n<tr>\n<td width=\"284\">ART NO.<\/td>\n<td width=\"365\">6800<\/td>\n<\/tr>\n<tr>\n<td width=\"284\">Estilo<\/td>\n<td width=\"365\">Cartucho duplo<\/td>\n<\/tr>\n<tr>\n<td width=\"284\">Material<\/td>\n<td width=\"365\">Estrutura: ABS, m\u00e1scara para nariz e boca: TPE, tela facial: PC<\/td>\n<\/tr>\n<tr>\n<td width=\"284\">Fun\u00e7\u00e3o<\/td>\n<td width=\"365\">Gases e vapores org\u00e2nicos, benzeno e seus hom\u00f3logos, cloro, \u00e1lcoois, anilinas, dissulfeto de carbono, acetona, tetracloreto de carbono, triclorometano, clorometano, brometo de metila, etc.<\/p>\n<p>&nbsp;<\/td>\n<\/tr>\n<tr>\n<td width=\"284\">Cartucho substitu\u00edvel<\/td>\n<td width=\"365\">Sim<\/td>\n<\/tr>\n<tr>\n<td width=\"284\">Embalagem<\/td>\n<td width=\"365\">Caixa colorida ou personalizada<\/td>\n<\/tr>\n<tr>\n<td width=\"284\">Cada conjunto inclui os seguintes itens<\/td>\n<td width=\"365\">Um corpo de m\u00e1scara, duas almofadas de filtro, duas caixas de filtro, duas tampas de caixa de filtro<\/td>\n<\/tr>\n<tr>\n<td width=\"284\">\u00c1reas de aplica\u00e7\u00e3o<\/td>\n<td width=\"365\">Ele tem uma ampla gama de usos, como pintura com spray, engenharia qu\u00edmica, laborat\u00f3rios, grafite, etc<\/td>\n<\/tr>\n<\/tbody>\n<\/table>\n<table>\n<tbody>\n<tr>\n<td width=\"137\"><strong><b>Cartucho qu\u00edmico diferente para escolha<\/b><\/strong><\/td>\n<td width=\"514\"><strong><b>Fun\u00e7\u00f5es<\/b><\/strong><\/td>\n<\/tr>\n<tr>\n<td width=\"137\">NO.1<\/td>\n<td width=\"514\">Gases ou vapores inorg\u00e2nicos: \u00e1cido cian\u00eddrico, cloreto de cianeto, g\u00e1s cloro, etc.<\/td>\n<\/tr>\n<tr>\n<td width=\"137\">NO.3<\/td>\n<td width=\"514\">Gases e vapores org\u00e2nicos: benzeno e seus hom\u00f3logos, cloro, \u00e1lcoois, anilinas, dissulfeto de carbono, acetona, tetracloreto de carbono, triclorometano, bromotano, clorometano, nitroalcano, diclorometano, cloroetano, cicloetano, feniletano, tricloroetano, fenol, etc.<\/td>\n<\/tr>\n<tr>\n<td width=\"137\">NO.4<\/td>\n<td width=\"514\">Am\u00f4nia e seus derivados org\u00e2nicos, sulfeto de hidrog\u00eanio<\/td>\n<\/tr>\n<tr>\n<td width=\"137\">NO.7<\/td>\n<td width=\"514\">Di\u00f3xido de enxofre e gases e vapores \u00e1cidos<\/td>\n<\/tr>\n<tr>\n<td width=\"137\">NO.8<\/td>\n<td width=\"514\">hidrog\u00eanio sulfurado<\/td>\n<\/tr>\n<\/tbody>\n<\/table>\n<p>O TOPRISE oferece suporte a v\u00e1rios estilos de personaliza\u00e7\u00e3o de coletes de seguran\u00e7a; clique para <a href=\"https:\/\/toprisesafety.com\/pt\/categoria-produto\/road-safety-products\/warning-wear\/warning-vest-sun-shade\/\">veja mais estilos de coletes de seguran\u00e7a.<\/a><\/p>\n<p>Se voc\u00ea n\u00e3o encontrar os coletes de seguran\u00e7a necess\u00e1rios,<a href=\"https:\/\/toprisesafety.com\/pt\/contact-us\/\"> Entre em contato conosco;<\/a> Oferecemos suporte \u00e0 personaliza\u00e7\u00e3o especial.<\/p>","protected":false},"excerpt":{"rendered":"<p>N\u00ba do art.: 6800<\/p>\n<p>Material: estrutura: ABS, m\u00e1scara para nariz e boca: TPE, tela facial: PC<\/p>\n<p>Cartucho: Cartucho qu\u00edmico incluindo<\/p>\n<p>MOQ: 500PCS<\/p>","protected":false},"featured_media":11941,"template":"","meta":{"_acf_changed":false},"product_brand":[],"product_cat":[351,352],"product_tag":[],"class_list":{"0":"post-11938","1":"product","2":"type-product","3":"status-publish","4":"has-post-thumbnail","6":"product_cat-respiratory-protection","7":"product_cat-dust-mask-chemical-mask","9":"first","10":"instock","11":"shipping-taxable","12":"product-type-simple"},"acf":[],"_links":{"self":[{"href":"https:\/\/toprisesafety.com\/pt\/wp-json\/wp\/v2\/product\/11938","targetHints":{"allow":["GET"]}}],"collection":[{"href":"https:\/\/toprisesafety.com\/pt\/wp-json\/wp\/v2\/product"}],"about":[{"href":"https:\/\/toprisesafety.com\/pt\/wp-json\/wp\/v2\/types\/product"}],"wp:featuredmedia":[{"embeddable":true,"href":"https:\/\/toprisesafety.com\/pt\/wp-json\/wp\/v2\/media\/11941"}],"wp:attachment":[{"href":"https:\/\/toprisesafety.com\/pt\/wp-json\/wp\/v2\/media?parent=11938"}],"wp:term":[{"taxonomy":"product_brand","embeddable":true,"href":"https:\/\/toprisesafety.com\/pt\/wp-json\/wp\/v2\/product_brand?post=11938"},{"taxonomy":"product_cat","embeddable":true,"href":"https:\/\/toprisesafety.com\/pt\/wp-json\/wp\/v2\/product_cat?post=11938"},{"taxonomy":"product_tag","embeddable":true,"href":"https:\/\/toprisesafety.com\/pt\/wp-json\/wp\/v2\/product_tag?post=11938"}],"curies":[{"name":"wp","href":"https:\/\/api.w.org\/{rel}","templated":true}]}}