{"id":11929,"date":"2025-04-17T07:46:24","date_gmt":"2025-04-17T07:46:24","guid":{"rendered":"https:\/\/toprisesafety.com\/?post_type=product&#038;p=11929"},"modified":"2025-05-06T08:14:04","modified_gmt":"2025-05-06T08:14:04","slug":"chemical-gas-mask","status":"publish","type":"product","link":"https:\/\/toprisesafety.com\/pt\/produto\/chemical-gas-mask\/","title":{"rendered":"m\u00e1scara de g\u00e1s qu\u00edmico"},"content":{"rendered":"<h2>M\u00e1scara de g\u00e1s qu\u00edmico<\/h2>\n<ul>\n<li>Prote\u00e7\u00e3o para metade do rosto: prote\u00e7\u00e3o eficaz contra formalde\u00eddo, pesticidas, gases qu\u00edmicos e outras subst\u00e2ncias nocivas<\/li>\n<li>Amplamente utilizado: pode resistir a benzeno, anilina, tetracloreto de carbono, nitrobenzeno, cloropicrina e outros gases t\u00f3xicos.<\/li>\n<li>Filtragem eficiente: Filtra gases ou vapores org\u00e2nicos para proteger a sa\u00fade respirat\u00f3ria.<\/li>\n<li>Servi\u00e7o de personaliza\u00e7\u00e3o: Suporte \u00e0 personaliza\u00e7\u00e3o do LOGOTIPO do cliente e embalagem personalizada.<\/li>\n<\/ul>\n<table>\n<tbody>\n<tr>\n<td width=\"284\">ART NO.<\/td>\n<td width=\"284\">6200<\/td>\n<\/tr>\n<tr>\n<td width=\"284\">Estilo<\/td>\n<td width=\"284\">Cartucho duplo<\/td>\n<\/tr>\n<tr>\n<td width=\"284\">Material<\/td>\n<td width=\"284\">Moldura de silicone macio<\/td>\n<\/tr>\n<tr>\n<td width=\"284\">Fun\u00e7\u00e3o<\/td>\n<td width=\"284\">Prote\u00e7\u00e3o eficaz contra gases org\u00e2nicos, \u00e1lcoois, vapores org\u00e2nicos, di\u00f3xido de carbono, am\u00f4nia, \u00f3xido de hidrog\u00eanio, fenilanilinas, tetracloreto de carbono, nitrobenzeno, cloropicrina, etc.<\/td>\n<\/tr>\n<tr>\n<td width=\"284\">Cartucho substitu\u00edvel<\/td>\n<td width=\"284\">Sim<\/td>\n<\/tr>\n<tr>\n<td width=\"284\">Embalagem<\/td>\n<td width=\"284\">Caixa colorida ou personalizada<\/td>\n<\/tr>\n<tr>\n<td width=\"284\">Cada conjunto inclui os seguintes itens<\/td>\n<td width=\"284\">Um corpo de m\u00e1scara, duas almofadas de filtro, duas caixas de filtro, duas tampas de caixa de filtro<\/td>\n<\/tr>\n<tr>\n<td width=\"284\">\u00c1reas de aplica\u00e7\u00e3o<\/td>\n<td width=\"284\">Minera\u00e7\u00e3o de carv\u00e3o, moagem, pulveriza\u00e7\u00e3o de pesticidas, decora\u00e7\u00e3o, etc.<\/td>\n<\/tr>\n<\/tbody>\n<\/table>\n<p>&nbsp;<\/p>\n<div style=\"width: 800px;\" class=\"wp-video\"><!--[if lt IE 9]><script>document.createElement('video');<\/script><![endif]-->\n<video class=\"wp-video-shortcode\" id=\"video-11929-1\" width=\"800\" height=\"450\" preload=\"metadata\" controls=\"controls\"><source type=\"video\/mp4\" src=\"https:\/\/toprisesafety.com\/wp-content\/uploads\/2025\/04\/6200-half-face-eusable-respirator-gas-mask-China-Manufacturer.mp4?_=1\" \/><a href=\"https:\/\/toprisesafety.com\/wp-content\/uploads\/2025\/04\/6200-half-face-eusable-respirator-gas-mask-China-Manufacturer.mp4\">https:\/\/toprisesafety.com\/wp-content\/uploads\/2025\/04\/6200-half-face-eusable-respirator-gas-mask-China-Manufacturer.mp4<\/a><\/video><\/div>","protected":false},"excerpt":{"rendered":"<p>N\u00ba do art.: 6200<\/p>\n<p>Material: silicone macio<\/p>\n<p>Cartucho: Cartucho qu\u00edmico incluindo<\/p>\n<p>MOQ: 500 PCS<\/p>","protected":false},"featured_media":11934,"template":"","meta":{"_acf_changed":false},"product_brand":[],"product_cat":[351,352],"product_tag":[],"class_list":{"0":"post-11929","1":"product","2":"type-product","3":"status-publish","4":"has-post-thumbnail","6":"product_cat-respiratory-protection","7":"product_cat-dust-mask-chemical-mask","9":"first","10":"instock","11":"shipping-taxable","12":"product-type-simple"},"acf":[],"_links":{"self":[{"href":"https:\/\/toprisesafety.com\/pt\/wp-json\/wp\/v2\/product\/11929"}],"collection":[{"href":"https:\/\/toprisesafety.com\/pt\/wp-json\/wp\/v2\/product"}],"about":[{"href":"https:\/\/toprisesafety.com\/pt\/wp-json\/wp\/v2\/types\/product"}],"wp:featuredmedia":[{"embeddable":true,"href":"https:\/\/toprisesafety.com\/pt\/wp-json\/wp\/v2\/media\/11934"}],"wp:attachment":[{"href":"https:\/\/toprisesafety.com\/pt\/wp-json\/wp\/v2\/media?parent=11929"}],"wp:term":[{"taxonomy":"product_brand","embeddable":true,"href":"https:\/\/toprisesafety.com\/pt\/wp-json\/wp\/v2\/product_brand?post=11929"},{"taxonomy":"product_cat","embeddable":true,"href":"https:\/\/toprisesafety.com\/pt\/wp-json\/wp\/v2\/product_cat?post=11929"},{"taxonomy":"product_tag","embeddable":true,"href":"https:\/\/toprisesafety.com\/pt\/wp-json\/wp\/v2\/product_tag?post=11929"}],"curies":[{"name":"wp","href":"https:\/\/api.w.org\/{rel}","templated":true}]}}