{"id":11894,"date":"2025-04-14T08:09:55","date_gmt":"2025-04-14T08:09:55","guid":{"rendered":"https:\/\/toprisesafety.com\/?post_type=product&#038;p=11894"},"modified":"2025-04-15T06:06:56","modified_gmt":"2025-04-15T06:06:56","slug":"safety-harness-with-lanyard","status":"publish","type":"product","link":"https:\/\/toprisesafety.com\/pt\/produto\/safety-harness-with-lanyard\/","title":{"rendered":"Arn\u00eas de seguran\u00e7a com cord\u00e3o de seguran\u00e7a"},"content":{"rendered":"<h2>Arn\u00eas de seguran\u00e7a com cord\u00e3o de seguran\u00e7a<\/h2>\n<ul>\n<li>Material de poli\u00e9ster de alta resist\u00eancia: dur\u00e1vel e oferece seguran\u00e7a confi\u00e1vel.<\/li>\n<li>Corda de seguran\u00e7a el\u00e1stica: aumenta a flexibilidade e reduz o choque de tra\u00e7\u00e3o durante a opera\u00e7\u00e3o.<\/li>\n<li>Pacote de buffer opcional: atenua efetivamente o impacto da queda e aumenta a seguran\u00e7a.<\/li>\n<li>Op\u00e7\u00e3o de gancho \u00fanico ou duplo: Selecione com flexibilidade de acordo com os requisitos para se adaptar a diferentes cen\u00e1rios de trabalho.<\/li>\n<li>O logotipo e a embalagem podem ser personalizados. Oferece suporte \u00e0 personaliza\u00e7\u00e3o e melhora a imagem da marca.<\/li>\n<\/ul>\n<table>\n<tbody>\n<tr>\n<td width=\"284\">ART NO.<\/td>\n<td width=\"284\">SH07<\/td>\n<\/tr>\n<tr>\n<td width=\"284\">Material da cinta<\/td>\n<td width=\"284\">Poli\u00e9ster, liga de a\u00e7o, liga de alum\u00ednio<\/td>\n<\/tr>\n<tr>\n<td width=\"284\">Tamanho da cinta<\/td>\n<td width=\"284\">4,5 cm de largura<\/td>\n<\/tr>\n<tr>\n<td width=\"284\">Cor<\/td>\n<td width=\"284\">Verde\/amarelo ou personalizado<\/td>\n<\/tr>\n<tr>\n<td width=\"284\">Estrutura<\/td>\n<td width=\"284\">An\u00e9is D de 5 posi\u00e7\u00f5es, design de configura\u00e7\u00e3o met\u00e1lica de r\u00e1pida fixa\u00e7\u00e3o.<\/p>\n<p>&nbsp;<\/td>\n<\/tr>\n<tr>\n<td width=\"284\">For\u00e7a<\/td>\n<td width=\"284\">&gt;23KN<\/td>\n<\/tr>\n<tr>\n<td width=\"284\">Tamanho do cabo de seguran\u00e7a<\/td>\n<td width=\"284\">largura do absorvedor de energia 1,34-1,94 m<\/td>\n<\/tr>\n<tr>\n<td width=\"284\">Padr\u00e3o de qualidade<\/td>\n<td width=\"284\">CE EN361<\/td>\n<\/tr>\n<tr>\n<td width=\"284\">Embalagem<\/td>\n<td width=\"284\">1 unidade\/caixa colorida ou saco de tecido n\u00e3o tecido preto, 10 unidades\/CTN<\/td>\n<\/tr>\n<tr>\n<td width=\"284\">Aplica\u00e7\u00e3o<\/td>\n<td width=\"284\">Montanhismo, expans\u00e3o, resgate, trabalho a\u00e9reo, explora\u00e7\u00e3o de cavernas, descida r\u00e1pida, etc<\/td>\n<\/tr>\n<\/tbody>\n<\/table>\n<p>O TOPRISE oferece suporte a v\u00e1rios estilos de personaliza\u00e7\u00e3o do cinto de seguran\u00e7a; clique para <a href=\"https:\/\/toprisesafety.com\/pt\/categoria-produto\/personal-protective-equipment\/safety-harness\/\">veja mais estilos de chicotes de seguran\u00e7a.<\/a><\/p>\n<p>Se voc\u00ea n\u00e3o encontrar os chicotes de seguran\u00e7a necess\u00e1rios, <a href=\"https:\/\/toprisesafety.com\/pt\/contact-us\/\">Entre em contato conosco<\/a>Oferecemos suporte \u00e0 personaliza\u00e7\u00e3o especial.<\/p>","protected":false},"excerpt":{"rendered":"<p>ART NO. SH07<\/p>\n<p>Cor: preto, amarelo\/azul, amarelo\/cinza ou personalizado<\/p>\n<p>MOQ: 100 PCS<\/p>\n<p>Padr\u00e3o de qualidade: CE EN361<\/p>","protected":false},"featured_media":11896,"template":"","meta":{"_acf_changed":false},"product_brand":[],"product_cat":[327],"product_tag":[],"class_list":{"0":"post-11894","1":"product","2":"type-product","3":"status-publish","4":"has-post-thumbnail","6":"product_cat-safety-harness","8":"first","9":"instock","10":"shipping-taxable","11":"product-type-simple"},"acf":[],"_links":{"self":[{"href":"https:\/\/toprisesafety.com\/pt\/wp-json\/wp\/v2\/product\/11894"}],"collection":[{"href":"https:\/\/toprisesafety.com\/pt\/wp-json\/wp\/v2\/product"}],"about":[{"href":"https:\/\/toprisesafety.com\/pt\/wp-json\/wp\/v2\/types\/product"}],"wp:featuredmedia":[{"embeddable":true,"href":"https:\/\/toprisesafety.com\/pt\/wp-json\/wp\/v2\/media\/11896"}],"wp:attachment":[{"href":"https:\/\/toprisesafety.com\/pt\/wp-json\/wp\/v2\/media?parent=11894"}],"wp:term":[{"taxonomy":"product_brand","embeddable":true,"href":"https:\/\/toprisesafety.com\/pt\/wp-json\/wp\/v2\/product_brand?post=11894"},{"taxonomy":"product_cat","embeddable":true,"href":"https:\/\/toprisesafety.com\/pt\/wp-json\/wp\/v2\/product_cat?post=11894"},{"taxonomy":"product_tag","embeddable":true,"href":"https:\/\/toprisesafety.com\/pt\/wp-json\/wp\/v2\/product_tag?post=11894"}],"curies":[{"name":"wp","href":"https:\/\/api.w.org\/{rel}","templated":true}]}}