{"id":11892,"date":"2025-04-14T08:04:41","date_gmt":"2025-04-14T08:04:41","guid":{"rendered":"https:\/\/toprisesafety.com\/?post_type=product&#038;p=11892"},"modified":"2025-04-15T06:07:48","modified_gmt":"2025-04-15T06:07:48","slug":"safety-harness","status":"publish","type":"product","link":"https:\/\/toprisesafety.com\/pt\/produto\/safety-harness\/","title":{"rendered":"Arn\u00eas de seguran\u00e7a"},"content":{"rendered":"<h2>Arn\u00eas de seguran\u00e7a<\/h2>\n<ul>\n<li>Material de poli\u00e9ster de alta resist\u00eancia: dur\u00e1vel, resistente e oferece grande seguran\u00e7a.<\/li>\n<li>Anel de rolamento dianteiro da barriga: design razo\u00e1vel, adapta-se a diferentes ambientes de trabalho e aumenta a seguran\u00e7a.<\/li>\n<li>Cintura ajust\u00e1vel: pode ser ajustada de acordo com diferentes tipos de corpo para garantir um ajuste confort\u00e1vel.<\/li>\n<li>Design de anel de equipamento: pode pendurar ferramentas e acess\u00f3rios, melhorando a efici\u00eancia do trabalho.<\/li>\n<li>Logotipo e embalagem personaliz\u00e1veis: Oferece suporte \u00e0 personaliza\u00e7\u00e3o, melhora a imagem da marca e a competitividade no mercado.<\/li>\n<\/ul>\n<table>\n<tbody>\n<tr>\n<td width=\"284\">ART NO.<\/td>\n<td width=\"284\">SH06<\/td>\n<\/tr>\n<tr>\n<td width=\"284\">Material da cinta<\/td>\n<td width=\"284\">Poli\u00e9ster, liga de a\u00e7o, liga de alum\u00ednio<\/td>\n<\/tr>\n<tr>\n<td width=\"284\">Tamanho da cinta<\/td>\n<td width=\"284\">4,5 cm de largura<\/td>\n<\/tr>\n<tr>\n<td width=\"284\">Cor<\/td>\n<td width=\"284\">Verde\/amarelo ou personalizado<\/td>\n<\/tr>\n<tr>\n<td width=\"284\">Cintura dispon\u00edvel<\/td>\n<td width=\"284\">70-120CM<\/td>\n<\/tr>\n<tr>\n<td width=\"284\">Circunfer\u00eancia da coxa dispon\u00edvel<\/td>\n<td width=\"284\">45-65CM<\/td>\n<\/tr>\n<tr>\n<td width=\"284\">For\u00e7a<\/td>\n<td width=\"284\">&gt;15KN<\/td>\n<\/tr>\n<tr>\n<td width=\"284\">Padr\u00e3o de qualidade<\/td>\n<td width=\"284\">CE EN361<\/td>\n<\/tr>\n<tr>\n<td width=\"284\">Embalagem<\/td>\n<td width=\"284\">1 unidade\/caixa colorida ou saco de tecido n\u00e3o tecido preto, 10 unidades\/CTN<\/td>\n<\/tr>\n<tr>\n<td width=\"284\">Aplica\u00e7\u00e3o<\/td>\n<td width=\"284\">Constru\u00e7\u00e3o de energia, escalada, trabalho a\u00e9reo, prote\u00e7\u00e3o de engenharia, limpeza de paredes externas, resgate de inc\u00eandio, etc<\/td>\n<\/tr>\n<\/tbody>\n<\/table>\n<p>O TOPRISE oferece suporte a v\u00e1rios estilos de personaliza\u00e7\u00e3o do cinto de seguran\u00e7a; clique para <a href=\"https:\/\/toprisesafety.com\/pt\/categoria-produto\/personal-protective-equipment\/safety-harness\/\">veja mais estilos de chicotes de seguran\u00e7a.<\/a><\/p>\n<p>Se voc\u00ea n\u00e3o encontrar os chicotes de seguran\u00e7a necess\u00e1rios, <a href=\"https:\/\/toprisesafety.com\/pt\/contact-us\/\">Entre em contato conosco<\/a>Oferecemos suporte \u00e0 personaliza\u00e7\u00e3o especial.<\/p>","protected":false},"excerpt":{"rendered":"<p>N\u00ba do art.: SH06<\/p>\n<p>Cor: preto ou personalizado<\/p>\n<p>MOQ: 100 PCS<\/p>\n<p>Padr\u00e3o de qualidade: CE EN361<\/p>","protected":false},"featured_media":11893,"template":"","meta":{"_acf_changed":false},"product_brand":[],"product_cat":[327],"product_tag":[],"class_list":{"0":"post-11892","1":"product","2":"type-product","3":"status-publish","4":"has-post-thumbnail","6":"product_cat-safety-harness","8":"first","9":"instock","10":"shipping-taxable","11":"product-type-simple"},"acf":[],"_links":{"self":[{"href":"https:\/\/toprisesafety.com\/pt\/wp-json\/wp\/v2\/product\/11892"}],"collection":[{"href":"https:\/\/toprisesafety.com\/pt\/wp-json\/wp\/v2\/product"}],"about":[{"href":"https:\/\/toprisesafety.com\/pt\/wp-json\/wp\/v2\/types\/product"}],"wp:featuredmedia":[{"embeddable":true,"href":"https:\/\/toprisesafety.com\/pt\/wp-json\/wp\/v2\/media\/11893"}],"wp:attachment":[{"href":"https:\/\/toprisesafety.com\/pt\/wp-json\/wp\/v2\/media?parent=11892"}],"wp:term":[{"taxonomy":"product_brand","embeddable":true,"href":"https:\/\/toprisesafety.com\/pt\/wp-json\/wp\/v2\/product_brand?post=11892"},{"taxonomy":"product_cat","embeddable":true,"href":"https:\/\/toprisesafety.com\/pt\/wp-json\/wp\/v2\/product_cat?post=11892"},{"taxonomy":"product_tag","embeddable":true,"href":"https:\/\/toprisesafety.com\/pt\/wp-json\/wp\/v2\/product_tag?post=11892"}],"curies":[{"name":"wp","href":"https:\/\/api.w.org\/{rel}","templated":true}]}}