{"id":11811,"date":"2025-04-09T07:11:55","date_gmt":"2025-04-09T07:11:55","guid":{"rendered":"https:\/\/toprisesafety.com\/?post_type=product&#038;p=11811"},"modified":"2025-04-14T06:09:56","modified_gmt":"2025-04-14T06:09:56","slug":"belt-for-back-support","status":"publish","type":"product","link":"https:\/\/toprisesafety.com\/pt\/produto\/belt-for-back-support\/","title":{"rendered":"Cinto para apoio das costas"},"content":{"rendered":"<h2>Cinto para apoio das costas<\/h2>\n<table>\n<tbody>\n<tr>\n<td width=\"284\">ART NO.<\/td>\n<td width=\"284\">BS04<\/td>\n<\/tr>\n<tr>\n<td width=\"284\">Material<\/td>\n<td width=\"284\">poli\u00e9ster, fio de l\u00e1tex, gancho e argola<\/td>\n<\/tr>\n<tr>\n<td width=\"284\">Cor<\/td>\n<td width=\"284\">Preto<\/td>\n<\/tr>\n<tr>\n<td width=\"284\">Tamanho<\/td>\n<td width=\"284\">S:28-32\u201d;M:32-38\u201d;L:38-46\u201d;XL:46-56\u201d; XXL:56-62\u201d;XXXL:62-68\u201d<\/td>\n<\/tr>\n<tr>\n<td width=\"284\">Logotipo do cliente<\/td>\n<td width=\"284\">Dispon\u00edvel<\/td>\n<\/tr>\n<tr>\n<td width=\"284\">Embalagem<\/td>\n<td width=\"284\">Caixa colorida, embalagem blister, cart\u00e3o de identifica\u00e7\u00e3o etc.<\/td>\n<\/tr>\n<\/tbody>\n<\/table>\n<ul>\n<li>Redu\u00e7\u00e3o eficaz da press\u00e3o lombar: adequado para grupos ocupacionais sedent\u00e1rios ou que ficam em p\u00e9 por muito tempo para prevenir e aliviar a dor lombar.<\/li>\n<li>Design respir\u00e1vel: para garantir conforto e ajuste, o uso prolongado n\u00e3o \u00e9 abafado.<\/li>\n<li>Fun\u00e7\u00e3o ajust\u00e1vel: Ajuste de acordo com a circunfer\u00eancia individual da cintura para garantir um ajuste perfeito para diferentes tipos de corpo.<\/li>\n<li>Aumenta a estabilidade da cintura: evita a tor\u00e7\u00e3o inadequada e a flex\u00e3o excessiva, al\u00e9m de proporcionar um suporte eficaz.<\/li>\n<li>Ampla aplica\u00e7\u00e3o: adequado para carregadores, pessoal de escrit\u00f3rio e entusiastas de esportes; reduz a carga e evita les\u00f5es esportivas.<\/li>\n<\/ul>\n<p>O TOPRISE oferece suporte a v\u00e1rios estilos de personaliza\u00e7\u00e3o do cinto de suporte para as costas no trabalho; clique para <a href=\"https:\/\/toprisesafety.com\/pt\/categoria-produto\/personal-protective-equipment\/back-support-belt\/\">veja mais estilos de cintos de apoio para as costas.<\/a><\/p>\n<p>Se voc\u00ea n\u00e3o encontrar o cinto de suporte para as costas necess\u00e1rio para o trabalho, <a href=\"https:\/\/toprisesafety.com\/pt\/contact-us\/\">Entre em contato conosco<\/a>Oferecemos suporte \u00e0 personaliza\u00e7\u00e3o especial.<\/p>","protected":false},"excerpt":{"rendered":"<p>N\u00ba do art.: BS04<\/p>\n<p>Material: poli\u00e9ster, fio de l\u00e1tex, gancho e argola<\/p>\n<p>Cor: preto ou personalizado<\/p>\n<p>Tira de suporte: Barra de PP ou barra de a\u00e7o ou barra de mola para escolha<\/p>\n<p>Tamanho: S-XXXL<\/p>\n<p>MOQ: 1008PCS<\/p>","protected":false},"featured_media":11814,"template":"","meta":{"_acf_changed":false},"product_brand":[],"product_cat":[320,328],"product_tag":[],"class_list":{"0":"post-11811","1":"product","2":"type-product","3":"status-publish","4":"has-post-thumbnail","6":"product_cat-personal-protective-equipment","7":"product_cat-back-support-belt","9":"first","10":"instock","11":"shipping-taxable","12":"product-type-simple"},"acf":[],"_links":{"self":[{"href":"https:\/\/toprisesafety.com\/pt\/wp-json\/wp\/v2\/product\/11811"}],"collection":[{"href":"https:\/\/toprisesafety.com\/pt\/wp-json\/wp\/v2\/product"}],"about":[{"href":"https:\/\/toprisesafety.com\/pt\/wp-json\/wp\/v2\/types\/product"}],"wp:featuredmedia":[{"embeddable":true,"href":"https:\/\/toprisesafety.com\/pt\/wp-json\/wp\/v2\/media\/11814"}],"wp:attachment":[{"href":"https:\/\/toprisesafety.com\/pt\/wp-json\/wp\/v2\/media?parent=11811"}],"wp:term":[{"taxonomy":"product_brand","embeddable":true,"href":"https:\/\/toprisesafety.com\/pt\/wp-json\/wp\/v2\/product_brand?post=11811"},{"taxonomy":"product_cat","embeddable":true,"href":"https:\/\/toprisesafety.com\/pt\/wp-json\/wp\/v2\/product_cat?post=11811"},{"taxonomy":"product_tag","embeddable":true,"href":"https:\/\/toprisesafety.com\/pt\/wp-json\/wp\/v2\/product_tag?post=11811"}],"curies":[{"name":"wp","href":"https:\/\/api.w.org\/{rel}","templated":true}]}}