{"id":11794,"date":"2025-04-09T06:59:59","date_gmt":"2025-04-09T06:59:59","guid":{"rendered":"https:\/\/toprisesafety.com\/?post_type=product&#038;p=11794"},"modified":"2025-04-14T06:10:52","modified_gmt":"2025-04-14T06:10:52","slug":"back-support-belt-for-work","status":"publish","type":"product","link":"https:\/\/toprisesafety.com\/pt\/produto\/back-support-belt-for-work\/","title":{"rendered":"Cinto de apoio para as costas no trabalho"},"content":{"rendered":"<h2>Cinto de apoio para as costas no trabalho<\/h2>\n<table>\n<tbody>\n<tr>\n<td width=\"284\">ART NO.<\/td>\n<td width=\"284\">BS10<\/td>\n<\/tr>\n<tr>\n<td width=\"284\">Material<\/td>\n<td width=\"284\">poli\u00e9ster, fio de l\u00e1tex, gancho e argola<\/td>\n<\/tr>\n<tr>\n<td width=\"284\">Cor<\/td>\n<td width=\"284\">Preto\/verde ou personalizado<\/td>\n<\/tr>\n<tr>\n<td width=\"284\">Tamanho<\/td>\n<td width=\"284\">S:28-32\";M:32-38\";L:38-46\";XL:46-56\"; XXL:56-62\";XXXL:62-68\" ou personalizado.<\/td>\n<\/tr>\n<tr>\n<td width=\"284\">Logotipo do cliente<\/td>\n<td width=\"284\">Dispon\u00edvel<\/td>\n<\/tr>\n<tr>\n<td width=\"284\">Embalagem<\/td>\n<td width=\"284\">Caixa colorida, embalagem blister, cart\u00e3o de identifica\u00e7\u00e3o etc.<\/td>\n<\/tr>\n<\/tbody>\n<\/table>\n<ul>\n<li>Visibilidade aprimorada: O design verde fluorescente brilhante melhora a visibilidade \u00e0 noite ou em ambientes com pouca luz para maior seguran\u00e7a.<\/li>\n<li>Suporte confort\u00e1vel: design ergon\u00f4mico, proporciona estabilidade na cintura, reduz efetivamente o estresse e a fadiga no trabalho.<\/li>\n<li>Design ajust\u00e1vel: O cinto vem com um cinto ajust\u00e1vel para se adequar a diferentes tipos de corpo e proporcionar uma experi\u00eancia de uso personalizada.<\/li>\n<li>Aplica\u00e7\u00e3o multifuncional: Adequado para ambientes de trabalho de alta intensidade, como f\u00e1bricas e edif\u00edcios, protegendo a cintura e evitando a tens\u00e3o.<\/li>\n<li>Suporte \u00e0 personaliza\u00e7\u00e3o do LOGOTIPO e da embalagem: \u00c9 poss\u00edvel adicionar o LOGOTIPO do cliente e oferecer suporte \u00e0 personaliza\u00e7\u00e3o da embalagem para atender \u00e0s necessidades da marca.<\/li>\n<li>Material dur\u00e1vel: O uso de materiais dur\u00e1veis para garantir o uso a longo prazo n\u00e3o \u00e9 f\u00e1cil de danificar e melhora o desempenho de custo.<\/li>\n<\/ul>\n<p>O TOPRISE oferece suporte a v\u00e1rios estilos de personaliza\u00e7\u00e3o do cinto de suporte para as costas no trabalho; clique para <a href=\"https:\/\/toprisesafety.com\/pt\/categoria-produto\/personal-protective-equipment\/back-support-belt\/\">veja mais estilos de cintos de apoio para as costas.<\/a><\/p>\n<p>Se voc\u00ea n\u00e3o encontrar o cinto de suporte para as costas necess\u00e1rio para o trabalho, <a href=\"https:\/\/toprisesafety.com\/pt\/contact-us\/\">Entre em contato conosco<\/a>Oferecemos suporte \u00e0 personaliza\u00e7\u00e3o especial.<\/p>","protected":false},"excerpt":{"rendered":"<p>N\u00ba do art.: BS11<\/p>\n<p>Material: poli\u00e9ster, fio de l\u00e1tex, gancho e argola<\/p>\n<p>Cor: &amp;nbsppreto\/verde ou personalizado<\/p>\n<p>Tira de suporte: Barra de PP ou barra de a\u00e7o ou barra de mola para escolha<\/p>\n<p>Tamanhos: S-XXXL ou personalizado<\/p>\n<p>MOQ: 1008PCS<\/p>","protected":false},"featured_media":11801,"template":"","meta":{"_acf_changed":false},"product_brand":[],"product_cat":[320,328],"product_tag":[],"class_list":{"0":"post-11794","1":"product","2":"type-product","3":"status-publish","4":"has-post-thumbnail","6":"product_cat-personal-protective-equipment","7":"product_cat-back-support-belt","9":"first","10":"instock","11":"shipping-taxable","12":"product-type-simple"},"acf":[],"_links":{"self":[{"href":"https:\/\/toprisesafety.com\/pt\/wp-json\/wp\/v2\/product\/11794"}],"collection":[{"href":"https:\/\/toprisesafety.com\/pt\/wp-json\/wp\/v2\/product"}],"about":[{"href":"https:\/\/toprisesafety.com\/pt\/wp-json\/wp\/v2\/types\/product"}],"wp:featuredmedia":[{"embeddable":true,"href":"https:\/\/toprisesafety.com\/pt\/wp-json\/wp\/v2\/media\/11801"}],"wp:attachment":[{"href":"https:\/\/toprisesafety.com\/pt\/wp-json\/wp\/v2\/media?parent=11794"}],"wp:term":[{"taxonomy":"product_brand","embeddable":true,"href":"https:\/\/toprisesafety.com\/pt\/wp-json\/wp\/v2\/product_brand?post=11794"},{"taxonomy":"product_cat","embeddable":true,"href":"https:\/\/toprisesafety.com\/pt\/wp-json\/wp\/v2\/product_cat?post=11794"},{"taxonomy":"product_tag","embeddable":true,"href":"https:\/\/toprisesafety.com\/pt\/wp-json\/wp\/v2\/product_tag?post=11794"}],"curies":[{"name":"wp","href":"https:\/\/api.w.org\/{rel}","templated":true}]}}